{"id":1965,"date":"2024-10-23T13:53:48","date_gmt":"2024-10-23T11:53:48","guid":{"rendered":"http:\/\/billigtrikots.com\/?post_type=product&#038;p=1965"},"modified":"2024-10-23T13:55:51","modified_gmt":"2024-10-23T11:55:51","slug":"chelsea-stadium-2022-heim-mateo-kovacic-17-fussball-trikot","status":"publish","type":"product","link":"https:\/\/www.billigtrikotde.com\/es\/chelsea-stadium-2022-heim-mateo-kovacic-17-fussball-trikot\/","title":{"rendered":"Chelsea Estadio 2022 Casa Mateo Kovacic 17# Camiseta de F\u00fatbol"},"content":{"rendered":"<p>Con esta camiseta en color azul, Nike saca al mercado un producto que te permitir\u00e1 apoyar a tu club favorito con pasi\u00f3n y dedicaci\u00f3n en los buenos y en los malos momentos. Como aut\u00e9ntico hincha del Chelsea FC de Londres, necesitas esta camiseta local que visten los jugadores en la Premier League. Te recomendamos este modelo transpirable, ligero, c\u00f3modo y agradable al tacto. La alta durabilidad est\u00e1 garantizada. El magn\u00edfico aspecto de esta camiseta deportiva se acent\u00faa con el escudo del club en el pecho. Con esta camiseta deportiva, estar\u00e1s idealmente vestido para cada sesi\u00f3n.<\/p>\n<p>Consejos para la impresi\u00f3n: Si el nombre y el n\u00famero que aparecen en la imagen son exactamente los que desea, no es necesario que los vuelva a introducir. En caso contrario, deber\u00e1 introducir el nombre y el n\u00famero que desee.<\/p>\n<p>Consejos de lavado: Se recomienda lavar las camisetas de f\u00fatbol a mano. Si desea utilizar la lavadora, recuerde poner las camisetas de f\u00fatbol del rev\u00e9s y luego lavarlas. Llena la lavadora con agua fr\u00eda y utiliza un ciclo delicado para proteger mejor los colores.<\/p>","protected":false},"excerpt":{"rendered":"<p>Nike bringt mit dem Trikot in Blau ein Produkt heraus, mit dem du deinen Lieblingsverein in guten wie in schlechten Zeiten mit Herzblut und Hingabe unterst\u00fctzen kannst. Als echter FC Chelsea London-Fan brauchst du dieses Heim-Trikot, das die Spieler in der Premier League tragen. Wir empfehlen dieses schwei\u00dfableitende, leichte, bequeme und atmungsaktive Modell mit dem [&hellip;]<\/p>","protected":false},"featured_media":1995,"comment_status":"open","ping_status":"closed","template":"","meta":[],"product_brand":[],"product_cat":[72],"product_tag":[20,73,21,23,24],"class_list":{"0":"post-1965","1":"product","2":"type-product","3":"status-publish","4":"has-post-thumbnail","6":"product_cat-chelsea","7":"product_tag-coole-fussballtrikots","8":"product_tag-chelsea-trikots","9":"product_tag-fussballtrikot-fuer-herren","10":"product_tag-fussballtrikot-kurzarm","11":"product_tag-guenstiges-fussballtrikot","13":"first","14":"instock","15":"shipping-taxable","16":"purchasable","17":"product-type-variable"},"_links":{"self":[{"href":"https:\/\/www.billigtrikotde.com\/es\/wp-json\/wp\/v2\/product\/1965","targetHints":{"allow":["GET"]}}],"collection":[{"href":"https:\/\/www.billigtrikotde.com\/es\/wp-json\/wp\/v2\/product"}],"about":[{"href":"https:\/\/www.billigtrikotde.com\/es\/wp-json\/wp\/v2\/types\/product"}],"replies":[{"embeddable":true,"href":"https:\/\/www.billigtrikotde.com\/es\/wp-json\/wp\/v2\/comments?post=1965"}],"wp:featuredmedia":[{"embeddable":true,"href":"https:\/\/www.billigtrikotde.com\/es\/wp-json\/wp\/v2\/media\/1995"}],"wp:attachment":[{"href":"https:\/\/www.billigtrikotde.com\/es\/wp-json\/wp\/v2\/media?parent=1965"}],"wp:term":[{"taxonomy":"product_brand","embeddable":true,"href":"https:\/\/www.billigtrikotde.com\/es\/wp-json\/wp\/v2\/product_brand?post=1965"},{"taxonomy":"product_cat","embeddable":true,"href":"https:\/\/www.billigtrikotde.com\/es\/wp-json\/wp\/v2\/product_cat?post=1965"},{"taxonomy":"product_tag","embeddable":true,"href":"https:\/\/www.billigtrikotde.com\/es\/wp-json\/wp\/v2\/product_tag?post=1965"}],"curies":[{"name":"wp","href":"https:\/\/api.w.org\/{rel}","templated":true}]}}