{"id":1961,"date":"2024-10-23T13:53:45","date_gmt":"2024-10-23T11:53:45","guid":{"rendered":"http:\/\/billigtrikots.com\/?post_type=product&#038;p=1961"},"modified":"2024-10-23T13:55:20","modified_gmt":"2024-10-23T11:55:20","slug":"castore-wolves-heimtrikot-gelb-2022-kurzarm-kurze-hosen-mit-aufdruck-dendoncker-32","status":"publish","type":"product","link":"https:\/\/www.billigtrikotde.com\/es\/castore-wolves-heimtrikot-gelb-2022-kurzarm-kurze-hosen-mit-aufdruck-dendoncker-32\/","title":{"rendered":"Castore Lobos camiseta de casa amarillo 2022 manga corta + pantalones cortos con impresi\u00f3n DENDONCKER 32"},"content":{"rendered":"<p>Prep\u00e1rate para mostrar tu apoyo con esta camiseta local Wolverhampton Wanderers FC 2021\/22 de Castore para hombre. Esta camiseta de corte est\u00e1ndar en color dorado est\u00e1 confeccionada en tejido ligero de poli\u00e9ster para mantenerte fresco y c\u00f3modo en el campo. Tiene cuello de pico, mangas cortas y paneles y pu\u00f1os negros en contraste. Con la marca Castore, esta camiseta lleva el escudo de los Wolves en el pecho. Lavable a m\u00e1quina.<\/p>\n<p>Consejos para la impresi\u00f3n: Si el nombre y el n\u00famero que aparecen en la imagen son exactamente los que desea, no es necesario que los vuelva a introducir. En caso contrario, deber\u00e1 introducir el nombre y el n\u00famero que desee.<\/p>\n<p>Consejos de lavado: Se recomienda lavar las camisetas de f\u00fatbol a mano. Si desea utilizar la lavadora, recuerde poner las camisetas de f\u00fatbol del rev\u00e9s y luego lavarlas. Llena la lavadora con agua fr\u00eda y utiliza un ciclo delicado para proteger mejor los colores.<\/p>","protected":false},"excerpt":{"rendered":"<p>Prep\u00e1rate y muestra tu apoyo con esta camiseta de local del Wolverhampton Wanderers FC 2021\/22 de Castore para caballero. Esta camiseta de ajuste est\u00e1ndar en color dorado est\u00e1 fabricada en poli\u00e9ster ligero, que te mantiene fresco y c\u00f3modo en el campo. Tiene un escote en V, mangas cortas y detalles y pu\u00f1os en negro en contraste. Con la caracter\u00edsticamente marca Castore, esto [\u2026]<\/p>","protected":false},"featured_media":1993,"comment_status":"open","ping_status":"closed","template":"","meta":[],"product_brand":[],"product_cat":[69],"product_tag":[20,70,21,22,23,24,71],"class_list":{"0":"post-1961","1":"product","2":"type-product","3":"status-publish","4":"has-post-thumbnail","6":"product_cat-wolverhampton-wanderers","7":"product_tag-coole-fussballtrikots","8":"product_tag-castore-wolves-heimtrikot","9":"product_tag-fussballtrikot-fuer-herren","10":"product_tag-fussballtrikot-guenstig-kaufen","11":"product_tag-fussballtrikot-kurzarm","12":"product_tag-guenstiges-fussballtrikot","13":"product_tag-wolverhampton-wanderers-trikots","15":"first","16":"instock","17":"shipping-taxable","18":"purchasable","19":"product-type-variable"},"_links":{"self":[{"href":"https:\/\/www.billigtrikotde.com\/es\/wp-json\/wp\/v2\/product\/1961","targetHints":{"allow":["GET"]}}],"collection":[{"href":"https:\/\/www.billigtrikotde.com\/es\/wp-json\/wp\/v2\/product"}],"about":[{"href":"https:\/\/www.billigtrikotde.com\/es\/wp-json\/wp\/v2\/types\/product"}],"replies":[{"embeddable":true,"href":"https:\/\/www.billigtrikotde.com\/es\/wp-json\/wp\/v2\/comments?post=1961"}],"wp:featuredmedia":[{"embeddable":true,"href":"https:\/\/www.billigtrikotde.com\/es\/wp-json\/wp\/v2\/media\/1993"}],"wp:attachment":[{"href":"https:\/\/www.billigtrikotde.com\/es\/wp-json\/wp\/v2\/media?parent=1961"}],"wp:term":[{"taxonomy":"product_brand","embeddable":true,"href":"https:\/\/www.billigtrikotde.com\/es\/wp-json\/wp\/v2\/product_brand?post=1961"},{"taxonomy":"product_cat","embeddable":true,"href":"https:\/\/www.billigtrikotde.com\/es\/wp-json\/wp\/v2\/product_cat?post=1961"},{"taxonomy":"product_tag","embeddable":true,"href":"https:\/\/www.billigtrikotde.com\/es\/wp-json\/wp\/v2\/product_tag?post=1961"}],"curies":[{"name":"wp","href":"https:\/\/api.w.org\/{rel}","templated":true}]}}