{"id":19571,"date":"2024-10-24T11:36:57","date_gmt":"2024-10-24T09:36:57","guid":{"rendered":"http:\/\/billigtrikots.com\/?post_type=product&#038;p=19571"},"modified":"2025-03-13T01:18:58","modified_gmt":"2025-03-13T00:18:58","slug":"herren-fussballtrikot-rb-leipzig-heim-trikotsatz-2024-25-mit-namen-openda-11","status":"publish","type":"product","link":"https:\/\/www.billigtrikotde.com\/es\/herren-fussballtrikot-rb-leipzig-heim-trikotsatz-2024-25-mit-namen-openda-11\/","title":{"rendered":"Camiseta de f\u00fatbol hombre RB Leipzig home kit 2024-25 con nombre Openda 11"},"content":{"rendered":"<p>La camiseta del RB Leipzig 2024-2025 tiene un dise\u00f1o moderno con los colores del club, blanco y rojo. Lo que hace que la camiseta RB Leipzig 2024-2025 destaque es el dise\u00f1o de la parte delantera.44. La camiseta Leipzig 24-25 tiene un dise\u00f1o gr\u00e1fico rojo \u00fanico. El estampado est\u00e1 inspirado en la Universidad de Leipzig. Tanto el cuello como los pu\u00f1os de la camiseta local Rasenballsports Leipzig 24-25 son rojos.<\/p>\n<p>Consejos para la impresi\u00f3n: Si el nombre y el n\u00famero que aparecen en la imagen son exactamente los que desea, no es necesario que los vuelva a introducir. En caso contrario, deber\u00e1 introducir el nombre y el n\u00famero que desee.<\/p>\n<p>Consejos de lavado: Se recomienda lavar las camisetas de f\u00fatbol a mano. Si desea utilizar la lavadora, recuerde poner las camisetas de f\u00fatbol del rev\u00e9s y luego lavarlas. Llena la lavadora con agua fr\u00eda y utiliza un ciclo delicado para proteger mejor los colores.<\/p>","protected":false},"excerpt":{"rendered":"<p>La camiseta del RB Leipzig 2024-2025 tiene un dise\u00f1o moderno con los colores del club, blanco y rojo. Lo que hace que la camiseta RB Leipzig 2024-2025 destaque es el dise\u00f1o de la parte delantera.44. La camiseta Leipzig 24-25 tiene un dise\u00f1o gr\u00e1fico rojo \u00fanico. El estampado est\u00e1 inspirado en la Universidad de Leipzig. Tanto el cuello como los pu\u00f1os de la camiseta local Rasenballsports Leipzig 24-25 son rojos.<\/p>","protected":false},"featured_media":19613,"comment_status":"open","ping_status":"closed","template":"","meta":[],"product_brand":[],"product_cat":[185],"product_tag":[20,574,21,22,23,24,94,752,1331,1332,187],"class_list":{"0":"post-19571","1":"product","2":"type-product","3":"status-publish","4":"has-post-thumbnail","6":"product_cat-rb-leipzig","7":"product_tag-coole-fussballtrikots","8":"product_tag-fussballtrikot-deutschland","9":"product_tag-fussballtrikot-fuer-herren","10":"product_tag-fussballtrikot-guenstig-kaufen","11":"product_tag-fussballtrikot-kurzarm","12":"product_tag-guenstiges-fussballtrikot","13":"product_tag-kinder-fussball-trikotsatz","14":"product_tag-rb-leipzig-fussballtrikot","15":"product_tag-rb-leipzig-fussballtrikots-kinder","16":"product_tag-rb-leipzig-kinder-trikot-set","17":"product_tag-rb-leipzig-trikots","19":"first","20":"instock","21":"shipping-taxable","22":"purchasable","23":"product-type-variable"},"_links":{"self":[{"href":"https:\/\/www.billigtrikotde.com\/es\/wp-json\/wp\/v2\/product\/19571","targetHints":{"allow":["GET"]}}],"collection":[{"href":"https:\/\/www.billigtrikotde.com\/es\/wp-json\/wp\/v2\/product"}],"about":[{"href":"https:\/\/www.billigtrikotde.com\/es\/wp-json\/wp\/v2\/types\/product"}],"replies":[{"embeddable":true,"href":"https:\/\/www.billigtrikotde.com\/es\/wp-json\/wp\/v2\/comments?post=19571"}],"wp:featuredmedia":[{"embeddable":true,"href":"https:\/\/www.billigtrikotde.com\/es\/wp-json\/wp\/v2\/media\/19613"}],"wp:attachment":[{"href":"https:\/\/www.billigtrikotde.com\/es\/wp-json\/wp\/v2\/media?parent=19571"}],"wp:term":[{"taxonomy":"product_brand","embeddable":true,"href":"https:\/\/www.billigtrikotde.com\/es\/wp-json\/wp\/v2\/product_brand?post=19571"},{"taxonomy":"product_cat","embeddable":true,"href":"https:\/\/www.billigtrikotde.com\/es\/wp-json\/wp\/v2\/product_cat?post=19571"},{"taxonomy":"product_tag","embeddable":true,"href":"https:\/\/www.billigtrikotde.com\/es\/wp-json\/wp\/v2\/product_tag?post=19571"}],"curies":[{"name":"wp","href":"https:\/\/api.w.org\/{rel}","templated":true}]}}