{"id":19553,"date":"2024-10-24T11:35:48","date_gmt":"2024-10-24T09:35:48","guid":{"rendered":"http:\/\/billigtrikots.com\/?post_type=product&#038;p=19553"},"modified":"2024-10-24T11:38:39","modified_gmt":"2024-10-24T09:38:39","slug":"billige-fussballtrikots-paris-saint-germain-psg-auswaertstrikot-2024-25-manuel-ugarte-4","status":"publish","type":"product","link":"https:\/\/www.billigtrikotde.com\/es\/billige-fussballtrikots-paris-saint-germain-psg-auswaertstrikot-2024-25-manuel-ugarte-4\/","title":{"rendered":"Camisetas F\u00fatbol Baratas Paris Saint-Germain PSG Away Shirt 2024-25 Manuel Ugarte 4"},"content":{"rendered":"<p>La camiseta visitante del PSG 2024-2026 es blanca, azul y roja. La particularidad de esta camiseta es su dise\u00f1o. La camiseta visitante del PSG 2024-26 tiene un gr\u00e1fico con la Torre Eiffel. Es una camiseta de referencia para los Juegos Ol\u00edmpicos de 2024 en Par\u00eds, pero tambi\u00e9n est\u00e1 inspirada en la camiseta visitante de 1990-91.<\/p>\n<p>Consejos para la impresi\u00f3n: Si el nombre y el n\u00famero que aparecen en la imagen son exactamente los que desea, no es necesario que los vuelva a introducir. En caso contrario, deber\u00e1 introducir el nombre y el n\u00famero que desee.<\/p>\n<p>Consejos de lavado: Se recomienda lavar las camisetas de f\u00fatbol a mano. Si desea utilizar la lavadora, recuerde poner las camisetas de f\u00fatbol del rev\u00e9s y luego lavarlas. Llena la lavadora con agua fr\u00eda y utiliza un ciclo delicado para proteger mejor los colores.<\/p>","protected":false},"excerpt":{"rendered":"<p>El jersey visitante del PSG 2024-2026 es blanco, azul y rojo. Lo especial de la camiseta es su dise\u00f1o. El jersey visitante del PSG 2024-26 tiene un gr\u00e1fico con la Torre Eiffel. Es una camiseta de referencia para los Juegos Ol\u00edmpicos de 2024 en Par\u00eds, pero tambi\u00e9n inspirada en la camiseta visitante de 1990-91. Consejos para imprimir: Si el nombre y el n\u00famero en el [\u2026]<\/p>","protected":false},"featured_media":19601,"comment_status":"open","ping_status":"closed","template":"","meta":[],"product_brand":[],"product_cat":[39],"product_tag":[20,535,577,1324,332,1325,1326,1272,1273,41,1274],"class_list":{"0":"post-19553","1":"product","2":"type-product","3":"status-publish","4":"has-post-thumbnail","6":"product_cat-paris-saint-germain","7":"product_tag-coole-fussballtrikots","8":"product_tag-deutschland-trikot","9":"product_tag-fussballtrikots-trikotsatz","10":"product_tag-guenstige-manuel-ugarte-trikot","11":"product_tag-herren-fussball-trikotsatz","12":"product_tag-manuel-ugarte-trikot-kaufen","13":"product_tag-manuel-ugarte-trikots","14":"product_tag-paris-saint-germain-psg-fussballtrikots-herren","15":"product_tag-paris-saint-germain-psg-trikot-fuer-herren","16":"product_tag-paris-saint-germain-trikots","17":"product_tag-psg-trikotsatz-fuer-herren","19":"first","20":"instock","21":"shipping-taxable","22":"purchasable","23":"product-type-variable"},"_links":{"self":[{"href":"https:\/\/www.billigtrikotde.com\/es\/wp-json\/wp\/v2\/product\/19553","targetHints":{"allow":["GET"]}}],"collection":[{"href":"https:\/\/www.billigtrikotde.com\/es\/wp-json\/wp\/v2\/product"}],"about":[{"href":"https:\/\/www.billigtrikotde.com\/es\/wp-json\/wp\/v2\/types\/product"}],"replies":[{"embeddable":true,"href":"https:\/\/www.billigtrikotde.com\/es\/wp-json\/wp\/v2\/comments?post=19553"}],"wp:featuredmedia":[{"embeddable":true,"href":"https:\/\/www.billigtrikotde.com\/es\/wp-json\/wp\/v2\/media\/19601"}],"wp:attachment":[{"href":"https:\/\/www.billigtrikotde.com\/es\/wp-json\/wp\/v2\/media?parent=19553"}],"wp:term":[{"taxonomy":"product_brand","embeddable":true,"href":"https:\/\/www.billigtrikotde.com\/es\/wp-json\/wp\/v2\/product_brand?post=19553"},{"taxonomy":"product_cat","embeddable":true,"href":"https:\/\/www.billigtrikotde.com\/es\/wp-json\/wp\/v2\/product_cat?post=19553"},{"taxonomy":"product_tag","embeddable":true,"href":"https:\/\/www.billigtrikotde.com\/es\/wp-json\/wp\/v2\/product_tag?post=19553"}],"curies":[{"name":"wp","href":"https:\/\/api.w.org\/{rel}","templated":true}]}}