{"id":19539,"date":"2024-10-24T11:35:10","date_gmt":"2024-10-24T09:35:10","guid":{"rendered":"http:\/\/billigtrikots.com\/?post_type=product&#038;p=19539"},"modified":"2024-10-24T11:38:02","modified_gmt":"2024-10-24T09:38:02","slug":"kinder-fussball-trikot-liverpool-2024-25-auswaerts-trikotsatz-darwin-nunez-9","status":"publish","type":"product","link":"https:\/\/www.billigtrikotde.com\/es\/kinder-fussball-trikot-liverpool-2024-25-auswaerts-trikotsatz-darwin-nunez-9\/","title":{"rendered":"Camiseta F\u00fatbol Ni\u00f1o Liverpool 2024-25 Away Kit Darwin Nunez 9"},"content":{"rendered":"<p>La camiseta visitante del Liverpool 2024-2025 combina un color base antracita oscuro (casi negro) con apliques de color turquesa claro y antracita m\u00e1s claro. Los logotipos son de color crema. Los colores oficiales son \"Night Forest\/Antracita\/Washed Teal\/Sail\" y el dise\u00f1o de la equipaci\u00f3n visitante del Liverpool Football Club 24-25 es muy sencillo. No tiene estampado ni dise\u00f1o gr\u00e1fico.<\/p>\n<p>Consejos para la impresi\u00f3n: Si el nombre y el n\u00famero que aparecen en la imagen son exactamente los que desea, no es necesario que los vuelva a introducir. En caso contrario, deber\u00e1 introducir el nombre y el n\u00famero que desee.<\/p>\n<p>Consejos de lavado: Se recomienda lavar las camisetas de f\u00fatbol a mano. Si desea utilizar la lavadora, recuerde poner las camisetas de f\u00fatbol del rev\u00e9s y luego lavarlas. Llena la lavadora con agua fr\u00eda y utiliza un ciclo delicado para proteger mejor los colores.<\/p>","protected":false},"excerpt":{"rendered":"<p>El jersey visitante de Liverpool 2024-2025 combina un color base gris oscuro (casi negro) con aplicaciones turquesa claro y m\u00e1s gris\u00e1ceas. Los logotipos son de color marfil. Los colores oficiales son \u201eNight Forest\/Anthracite\/Washed Teal\/Sail\u201c. En cuanto al dise\u00f1o, el Liverpool Football Club 24-25 jersey visitante es muy simple. No tiene patrones ni dise\u00f1o gr\u00e1fico. Consejos de impresi\u00f3n: Si el nombre y [\u2026]<\/p>","protected":false},"featured_media":19581,"comment_status":"open","ping_status":"closed","template":"","meta":[],"product_brand":[],"product_cat":[151],"product_tag":[20,1319,574,24,94,865,277,866,153,154],"class_list":{"0":"post-19539","1":"product","2":"type-product","3":"status-publish","4":"has-post-thumbnail","6":"product_cat-liverpool-kindertrikot","7":"product_tag-coole-fussballtrikots","8":"product_tag-darwin-nunez-trikots","9":"product_tag-fussballtrikot-deutschland","10":"product_tag-guenstiges-fussballtrikot","11":"product_tag-kinder-fussball-trikotsatz","12":"product_tag-liverpool-fussballtrikots-kinder","13":"product_tag-liverpool-kinder-trikot-set","14":"product_tag-liverpool-trikot-fuer-kinder","15":"product_tag-liverpool-trikots","16":"product_tag-liverpool-trikotsatz-fuer-kinder","18":"first","19":"instock","20":"shipping-taxable","21":"purchasable","22":"product-type-variable"},"_links":{"self":[{"href":"https:\/\/www.billigtrikotde.com\/es\/wp-json\/wp\/v2\/product\/19539","targetHints":{"allow":["GET"]}}],"collection":[{"href":"https:\/\/www.billigtrikotde.com\/es\/wp-json\/wp\/v2\/product"}],"about":[{"href":"https:\/\/www.billigtrikotde.com\/es\/wp-json\/wp\/v2\/types\/product"}],"replies":[{"embeddable":true,"href":"https:\/\/www.billigtrikotde.com\/es\/wp-json\/wp\/v2\/comments?post=19539"}],"wp:featuredmedia":[{"embeddable":true,"href":"https:\/\/www.billigtrikotde.com\/es\/wp-json\/wp\/v2\/media\/19581"}],"wp:attachment":[{"href":"https:\/\/www.billigtrikotde.com\/es\/wp-json\/wp\/v2\/media?parent=19539"}],"wp:term":[{"taxonomy":"product_brand","embeddable":true,"href":"https:\/\/www.billigtrikotde.com\/es\/wp-json\/wp\/v2\/product_brand?post=19539"},{"taxonomy":"product_cat","embeddable":true,"href":"https:\/\/www.billigtrikotde.com\/es\/wp-json\/wp\/v2\/product_cat?post=19539"},{"taxonomy":"product_tag","embeddable":true,"href":"https:\/\/www.billigtrikotde.com\/es\/wp-json\/wp\/v2\/product_tag?post=19539"}],"curies":[{"name":"wp","href":"https:\/\/api.w.org\/{rel}","templated":true}]}}