{"id":19522,"date":"2024-10-24T11:34:02","date_gmt":"2024-10-24T09:34:02","guid":{"rendered":"http:\/\/billigtrikots.com\/?post_type=product&#038;p=19522"},"modified":"2024-10-24T11:36:50","modified_gmt":"2024-10-24T09:36:50","slug":"guenstige-kindertrikots-liverpool-heimtrikotsatz-2024-25-mohamed-salah-11","status":"publish","type":"product","link":"https:\/\/www.billigtrikotde.com\/es\/guenstige-kindertrikots-liverpool-heimtrikotsatz-2024-25-mohamed-salah-11\/","title":{"rendered":"Camisetas ni\u00f1os baratas Liverpool home kit 2024-25 Mohamed Salah 11"},"content":{"rendered":"<p>La camiseta Liverpool Football Club 24-25 es una combinaci\u00f3n de rojo gimnasio, blanco y amarillo cromo. El cuerpo es rojo, los logotipos son amarillos y el blanco se utiliza para los logotipos de los patrocinadores y los detalles.Lo que hace que la camiseta Liverpool 24-25 destaque es el dise\u00f1o de la parte delantera. Tiene rayas amarillas que forman un dibujo YNWA (You'll Never Walk Alone).<\/p>\n<p>Consejos para la impresi\u00f3n: Si el nombre y el n\u00famero que aparecen en la imagen son exactamente los que desea, no es necesario que los vuelva a introducir. En caso contrario, deber\u00e1 introducir el nombre y el n\u00famero que desee.<\/p>\n<p>Consejos de lavado: Se recomienda lavar las camisetas de f\u00fatbol a mano. Si desea utilizar la lavadora, recuerde poner las camisetas de f\u00fatbol del rev\u00e9s y luego lavarlas. Llena la lavadora con agua fr\u00eda y utiliza un ciclo delicado para proteger mejor los colores.<\/p>","protected":false},"excerpt":{"rendered":"<p>La camiseta Liverpool Football Club 24-25 es una combinaci\u00f3n de rojo gimnasio, blanco y amarillo cromo. El cuerpo es rojo, los logotipos son amarillos y el blanco se utiliza para los logotipos de los patrocinadores y los detalles.Lo que hace que la camiseta Liverpool 24-25 destaque es el dise\u00f1o de la parte delantera. Tiene rayas amarillas que forman un dibujo YNWA (You'll Never Walk Alone).<\/p>","protected":false},"featured_media":19567,"comment_status":"open","ping_status":"closed","template":"","meta":[],"product_brand":[],"product_cat":[151],"product_tag":[20,574,24,94,865,277,866,153,154,1318],"class_list":{"0":"post-19522","1":"product","2":"type-product","3":"status-publish","4":"has-post-thumbnail","6":"product_cat-liverpool-kindertrikot","7":"product_tag-coole-fussballtrikots","8":"product_tag-fussballtrikot-deutschland","9":"product_tag-guenstiges-fussballtrikot","10":"product_tag-kinder-fussball-trikotsatz","11":"product_tag-liverpool-fussballtrikots-kinder","12":"product_tag-liverpool-kinder-trikot-set","13":"product_tag-liverpool-trikot-fuer-kinder","14":"product_tag-liverpool-trikots","15":"product_tag-liverpool-trikotsatz-fuer-kinder","16":"product_tag-mohamed-salah-trikots","18":"first","19":"instock","20":"shipping-taxable","21":"purchasable","22":"product-type-variable"},"_links":{"self":[{"href":"https:\/\/www.billigtrikotde.com\/es\/wp-json\/wp\/v2\/product\/19522","targetHints":{"allow":["GET"]}}],"collection":[{"href":"https:\/\/www.billigtrikotde.com\/es\/wp-json\/wp\/v2\/product"}],"about":[{"href":"https:\/\/www.billigtrikotde.com\/es\/wp-json\/wp\/v2\/types\/product"}],"replies":[{"embeddable":true,"href":"https:\/\/www.billigtrikotde.com\/es\/wp-json\/wp\/v2\/comments?post=19522"}],"wp:featuredmedia":[{"embeddable":true,"href":"https:\/\/www.billigtrikotde.com\/es\/wp-json\/wp\/v2\/media\/19567"}],"wp:attachment":[{"href":"https:\/\/www.billigtrikotde.com\/es\/wp-json\/wp\/v2\/media?parent=19522"}],"wp:term":[{"taxonomy":"product_brand","embeddable":true,"href":"https:\/\/www.billigtrikotde.com\/es\/wp-json\/wp\/v2\/product_brand?post=19522"},{"taxonomy":"product_cat","embeddable":true,"href":"https:\/\/www.billigtrikotde.com\/es\/wp-json\/wp\/v2\/product_cat?post=19522"},{"taxonomy":"product_tag","embeddable":true,"href":"https:\/\/www.billigtrikotde.com\/es\/wp-json\/wp\/v2\/product_tag?post=19522"}],"curies":[{"name":"wp","href":"https:\/\/api.w.org\/{rel}","templated":true}]}}