{"id":195,"date":"2024-10-23T12:09:04","date_gmt":"2024-10-23T10:09:04","guid":{"rendered":"http:\/\/billigtrikots.com\/?post_type=product&#038;p=195"},"modified":"2024-10-23T12:11:08","modified_gmt":"2024-10-23T10:11:08","slug":"fussball-trikotsatz-fc-barcelona-torwarttrikot-2021-2022-in-gruen","status":"publish","type":"product","link":"https:\/\/www.billigtrikotde.com\/es\/fussball-trikotsatz-fc-barcelona-torwarttrikot-2021-2022-in-gruen\/","title":{"rendered":"Camiseta de portero del FC Barcelona 2021\/2022 en verde"},"content":{"rendered":"<p>Aqu\u00ed llega la camiseta Nike en verde, que te ayuda a apoyar a tu equipo favorito en cualquier situaci\u00f3n y a mostrar por qu\u00e9 late tu coraz\u00f3n. Ama a tu equipo \u2013 con la camiseta del FC Barcelona muestras por qui\u00e9n late tu coraz\u00f3n. Es transpirable, ligera y que aleja el sudor. Esta camiseta deportiva fue creada para elevar tu rendimiento a otro nivel. Es una camiseta de portero que, gracias al escudo del club en el pecho, puede presumir con seguridad.<\/p>\n<p>Consejos para la impresi\u00f3n: Si el nombre y el n\u00famero que aparecen en la imagen son exactamente los que desea, no es necesario que los vuelva a introducir. En caso contrario, deber\u00e1 introducir el nombre y el n\u00famero que desee.<\/p>\n<p>Consejos de lavado: Se recomienda lavar las camisetas de f\u00fatbol a mano. Si desea utilizar la lavadora, recuerde poner las camisetas de f\u00fatbol del rev\u00e9s y luego lavarlas. Llena la lavadora con agua fr\u00eda y utiliza un ciclo delicado para proteger mejor los colores.<\/p>","protected":false},"excerpt":{"rendered":"<p>Hier kommt das Nike Shirt in Gr\u00fcn, das dir hilft, deinen Lieblingsverein in jeder Lage zu supporten und zu zeigen, wof\u00fcr dein Herz schl\u00e4gt. Liebe deine Mannschaft \u2013 mit dem Shirt des FC Barcelona zeigst du, f\u00fcr wen dein Herz schl\u00e4gt. Es ist atmungsaktiv, leicht und schwei\u00dfableitend. Dieses Sporttop wurde geschaffen, um deine Leistung um [&hellip;]<\/p>","protected":false},"featured_media":236,"comment_status":"open","ping_status":"closed","template":"","meta":[],"product_brand":[],"product_cat":[31],"product_tag":[20,34,35,21,23,24],"class_list":{"0":"post-195","1":"product","2":"type-product","3":"status-publish","4":"has-post-thumbnail","6":"product_cat-fc-barcelona","7":"product_tag-coole-fussballtrikots","8":"product_tag-fc-barcelona-torwarttrikot","9":"product_tag-fussball-torwarttrikots","10":"product_tag-fussballtrikot-fuer-herren","11":"product_tag-fussballtrikot-kurzarm","12":"product_tag-guenstiges-fussballtrikot","14":"first","15":"instock","16":"shipping-taxable","17":"purchasable","18":"product-type-variable"},"_links":{"self":[{"href":"https:\/\/www.billigtrikotde.com\/es\/wp-json\/wp\/v2\/product\/195","targetHints":{"allow":["GET"]}}],"collection":[{"href":"https:\/\/www.billigtrikotde.com\/es\/wp-json\/wp\/v2\/product"}],"about":[{"href":"https:\/\/www.billigtrikotde.com\/es\/wp-json\/wp\/v2\/types\/product"}],"replies":[{"embeddable":true,"href":"https:\/\/www.billigtrikotde.com\/es\/wp-json\/wp\/v2\/comments?post=195"}],"wp:featuredmedia":[{"embeddable":true,"href":"https:\/\/www.billigtrikotde.com\/es\/wp-json\/wp\/v2\/media\/236"}],"wp:attachment":[{"href":"https:\/\/www.billigtrikotde.com\/es\/wp-json\/wp\/v2\/media?parent=195"}],"wp:term":[{"taxonomy":"product_brand","embeddable":true,"href":"https:\/\/www.billigtrikotde.com\/es\/wp-json\/wp\/v2\/product_brand?post=195"},{"taxonomy":"product_cat","embeddable":true,"href":"https:\/\/www.billigtrikotde.com\/es\/wp-json\/wp\/v2\/product_cat?post=195"},{"taxonomy":"product_tag","embeddable":true,"href":"https:\/\/www.billigtrikotde.com\/es\/wp-json\/wp\/v2\/product_tag?post=195"}],"curies":[{"name":"wp","href":"https:\/\/api.w.org\/{rel}","templated":true}]}}