{"id":19492,"date":"2024-10-24T11:32:11","date_gmt":"2024-10-24T09:32:11","guid":{"rendered":"http:\/\/billigtrikots.com\/?post_type=product&#038;p=19492"},"modified":"2025-05-30T16:13:25","modified_gmt":"2025-05-30T14:13:25","slug":"guenstige-kindertrikots-manchester-united-auswaerts-trikotsatz-2024-25-bruno-fernandes-8","status":"publish","type":"product","link":"https:\/\/www.billigtrikotde.com\/es\/guenstige-kindertrikots-manchester-united-auswaerts-trikotsatz-2024-25-bruno-fernandes-8\/","title":{"rendered":"Camisetas Ni\u00f1os Baratas Manchester United Away Kit 2024-25 Bruno Fernandes 8"},"content":{"rendered":"<p>La nueva camiseta visitante del Manchester United FC 24-25 tiene un color principal azul marino (\"Night Indigo\"), combinado con logotipos plateados claros y detalles rojos. La camiseta visitante del Manchester United 24-25 tiene un motivo en zigzag en la parte delantera formado por la letra M. El gr\u00e1fico azul claro en el elegante cuello del polo es un homenaje al r\u00edo en el que est\u00e1 situado Old Trafford.<\/p>\n<p>Consejos para la impresi\u00f3n: Si el nombre y el n\u00famero que aparecen en la imagen son exactamente los que desea, no es necesario que los vuelva a introducir. En caso contrario, deber\u00e1 introducir el nombre y el n\u00famero que desee.<\/p>\n<p>Consejos de lavado: Se recomienda lavar las camisetas de f\u00fatbol a mano. Si desea utilizar la lavadora, recuerde poner las camisetas de f\u00fatbol del rev\u00e9s y luego lavarlas. Llena la lavadora con agua fr\u00eda y utiliza un ciclo delicado para proteger mejor los colores.<\/p>","protected":false},"excerpt":{"rendered":"<p>La nueva camiseta visitante del Manchester United FC 24-25 tiene un color principal azul marino (\"Night Indigo\"), combinado con logotipos plateados claros y detalles rojos.La camiseta visitante del Manchester United 24-25 tiene un motivo en zigzag en la parte delantera formado por la letra M.El gr\u00e1fico azul claro en el elegante cuello del polo es un homenaje al r\u00edo en el que est\u00e1 situado Old Trafford.<\/p>","protected":false},"featured_media":19537,"comment_status":"open","ping_status":"closed","template":"","meta":[],"product_brand":[],"product_cat":[140],"product_tag":[20,1297,574,664,24,1262,898,899,52,142],"class_list":{"0":"post-19492","1":"product","2":"type-product","3":"status-publish","4":"has-post-thumbnail","6":"product_cat-manchester-united-kindertrikot","7":"product_tag-coole-fussballtrikots","8":"product_tag-bruno-fernandes-trikots","9":"product_tag-fussballtrikot-deutschland","10":"product_tag-fussballtrikot-trikotsatz","11":"product_tag-guenstiges-fussballtrikot","12":"product_tag-manchester-united-24-25-trikot","13":"product_tag-manchester-united-fussballtrikots-kinder","14":"product_tag-manchester-united-trikot-fuer-kinder","15":"product_tag-manchester-united-trikots","16":"product_tag-manchester-united-trikotsatz-fuer-kinder","18":"first","19":"instock","20":"shipping-taxable","21":"purchasable","22":"product-type-variable"},"_links":{"self":[{"href":"https:\/\/www.billigtrikotde.com\/es\/wp-json\/wp\/v2\/product\/19492","targetHints":{"allow":["GET"]}}],"collection":[{"href":"https:\/\/www.billigtrikotde.com\/es\/wp-json\/wp\/v2\/product"}],"about":[{"href":"https:\/\/www.billigtrikotde.com\/es\/wp-json\/wp\/v2\/types\/product"}],"replies":[{"embeddable":true,"href":"https:\/\/www.billigtrikotde.com\/es\/wp-json\/wp\/v2\/comments?post=19492"}],"wp:featuredmedia":[{"embeddable":true,"href":"https:\/\/www.billigtrikotde.com\/es\/wp-json\/wp\/v2\/media\/19537"}],"wp:attachment":[{"href":"https:\/\/www.billigtrikotde.com\/es\/wp-json\/wp\/v2\/media?parent=19492"}],"wp:term":[{"taxonomy":"product_brand","embeddable":true,"href":"https:\/\/www.billigtrikotde.com\/es\/wp-json\/wp\/v2\/product_brand?post=19492"},{"taxonomy":"product_cat","embeddable":true,"href":"https:\/\/www.billigtrikotde.com\/es\/wp-json\/wp\/v2\/product_cat?post=19492"},{"taxonomy":"product_tag","embeddable":true,"href":"https:\/\/www.billigtrikotde.com\/es\/wp-json\/wp\/v2\/product_tag?post=19492"}],"curies":[{"name":"wp","href":"https:\/\/api.w.org\/{rel}","templated":true}]}}