{"id":19482,"date":"2024-10-24T11:31:35","date_gmt":"2024-10-24T09:31:35","guid":{"rendered":"http:\/\/billigtrikots.com\/?post_type=product&#038;p=19482"},"modified":"2025-06-16T16:03:01","modified_gmt":"2025-06-16T14:03:01","slug":"juventus-ausweich-trikotsatz-2024-25-fussballtrikots-guenstig","status":"publish","type":"product","link":"https:\/\/www.billigtrikotde.com\/es\/juventus-ausweich-trikotsatz-2024-25-fussballtrikots-guenstig\/","title":{"rendered":"Juventus 2024-25 Camisetas F\u00fatbol Baratas"},"content":{"rendered":"<p>La nueva tercera equipaci\u00f3n de la Juventus FC 24-25 es predominantemente de color antracita con logotipos dorados. La caracter\u00edstica m\u00e1s interesante de la tercera equipaci\u00f3n de la Juventus FC 24-25 es la aparici\u00f3n del logotipo del tr\u00e9bol y el escudo de cebra de la Juventus. Esto aporta clasicismo y nostalgia a la tercera equipaci\u00f3n de la Juventus 24-25, utilizando un cuello de polo cl\u00e1sico para darle un toque a\u00fan m\u00e1s retro. Un estampado con el logotipo actual de la Juventus completa el look.<\/p>\n<p>Consejos para la impresi\u00f3n: Si el nombre y el n\u00famero que aparecen en la imagen son exactamente los que desea, no es necesario que los vuelva a introducir. En caso contrario, deber\u00e1 introducir el nombre y el n\u00famero que desee.<\/p>\n<p>Consejos de lavado: Se recomienda lavar las camisetas de f\u00fatbol a mano. Si desea utilizar la lavadora, recuerde poner las camisetas de f\u00fatbol del rev\u00e9s y luego lavarlas. Llena la lavadora con agua fr\u00eda y utiliza un ciclo delicado para proteger mejor los colores.<\/p>","protected":false},"excerpt":{"rendered":"<p>Das neue dritte Trikot von Juventus FC 24-25 ist \u00fcberwiegend anthrazitfarben mit goldenen Logos. Das interessanteste Merkmal des dritten Trikots des Juventus FC 24-25 ist das Auftauchen des Trefoil-Logos und des Juventus-Zebra-Wappens. Das bringt Klassik und Nostalgie in das dritte Trikot von Juventus 24-25. Es verwendet einen klassischen Polokragen f\u00fcr ein noch st\u00e4rkeres Retro-Gef\u00fchl. Ein [&hellip;]<\/p>","protected":false},"featured_media":19525,"comment_status":"open","ping_status":"closed","template":"","meta":[],"product_brand":[],"product_cat":[59],"product_tag":[20,574,21,23,24,617,618,61],"class_list":{"0":"post-19482","1":"product","2":"type-product","3":"status-publish","4":"has-post-thumbnail","6":"product_cat-juventus","7":"product_tag-coole-fussballtrikots","8":"product_tag-fussballtrikot-deutschland","9":"product_tag-fussballtrikot-fuer-herren","10":"product_tag-fussballtrikot-kurzarm","11":"product_tag-guenstiges-fussballtrikot","12":"product_tag-juventus-fussballtrikot","13":"product_tag-juventus-trikot","14":"product_tag-juventus-trikots","16":"first","17":"instock","18":"shipping-taxable","19":"purchasable","20":"product-type-variable"},"_links":{"self":[{"href":"https:\/\/www.billigtrikotde.com\/es\/wp-json\/wp\/v2\/product\/19482","targetHints":{"allow":["GET"]}}],"collection":[{"href":"https:\/\/www.billigtrikotde.com\/es\/wp-json\/wp\/v2\/product"}],"about":[{"href":"https:\/\/www.billigtrikotde.com\/es\/wp-json\/wp\/v2\/types\/product"}],"replies":[{"embeddable":true,"href":"https:\/\/www.billigtrikotde.com\/es\/wp-json\/wp\/v2\/comments?post=19482"}],"wp:featuredmedia":[{"embeddable":true,"href":"https:\/\/www.billigtrikotde.com\/es\/wp-json\/wp\/v2\/media\/19525"}],"wp:attachment":[{"href":"https:\/\/www.billigtrikotde.com\/es\/wp-json\/wp\/v2\/media?parent=19482"}],"wp:term":[{"taxonomy":"product_brand","embeddable":true,"href":"https:\/\/www.billigtrikotde.com\/es\/wp-json\/wp\/v2\/product_brand?post=19482"},{"taxonomy":"product_cat","embeddable":true,"href":"https:\/\/www.billigtrikotde.com\/es\/wp-json\/wp\/v2\/product_cat?post=19482"},{"taxonomy":"product_tag","embeddable":true,"href":"https:\/\/www.billigtrikotde.com\/es\/wp-json\/wp\/v2\/product_tag?post=19482"}],"curies":[{"name":"wp","href":"https:\/\/api.w.org\/{rel}","templated":true}]}}