{"id":19437,"date":"2024-10-24T11:28:38","date_gmt":"2024-10-24T09:28:38","guid":{"rendered":"http:\/\/billigtrikots.com\/?post_type=product&#038;p=19437"},"modified":"2025-04-26T09:55:28","modified_gmt":"2025-04-26T07:55:28","slug":"billige-borussia-dortmund-bvb-2024-25-heimtrikot-fussballtrikots-set","status":"publish","type":"product","link":"https:\/\/www.billigtrikotde.com\/es\/billige-borussia-dortmund-bvb-2024-25-heimtrikot-fussballtrikots-set\/","title":{"rendered":"Barato Borussia Dortmund BVB 2024-25 Home Shirt Conjunto de Camisetas de F\u00fatbol"},"content":{"rendered":"<p>En <strong>Camiseta BVB 24-25<\/strong> tiene un cuerpo amarillo combinado con mangas negras en contraste. Estos son los colores cl\u00e1sicos del equipo alem\u00e1n y lo que hace \u00fanica a la camiseta del BVB 24-25 es el dise\u00f1o de rayas en la parte delantera, que est\u00e1 inspirado en la camiseta ganadora de la Liga de Campeones 1996\/97 de Nike. La parte trasera de la camiseta s\u00f3lo tiene rayas en la parte inferior y es principalmente de color amarillo liso.<\/p>\n<p>Consejos para la impresi\u00f3n: Si el nombre y el n\u00famero que aparecen en la imagen son exactamente los que desea, no es necesario que los vuelva a introducir. En caso contrario, deber\u00e1 introducir el nombre y el n\u00famero que desee.<\/p>\n<p>Consejos de lavado: Se recomienda lavar las camisetas de f\u00fatbol a mano. Si desea utilizar la lavadora, recuerde poner las camisetas de f\u00fatbol del rev\u00e9s y luego lavarlas. Llena la lavadora con agua fr\u00eda y utiliza un ciclo delicado para proteger mejor los colores.<\/p>","protected":false},"excerpt":{"rendered":"<p>tiene un cuerpo amarillo combinado con mangas negras en contraste. Estos son los colores cl\u00e1sicos del equipo alem\u00e1n y lo que hace \u00fanica a la camiseta del BVB 24-25 es el dise\u00f1o de rayas en la parte delantera, que est\u00e1 inspirado en la camiseta ganadora de la Liga de Campeones 1996\/97 de Nike. La parte trasera de la camiseta s\u00f3lo tiene rayas en la parte inferior y es principalmente de color amarillo liso.<\/p>","protected":false},"featured_media":19476,"comment_status":"open","ping_status":"closed","template":"","meta":[],"product_brand":[],"product_cat":[63],"product_tag":[20,65,649,650,66,574,21,23,24],"class_list":{"0":"post-19437","1":"product","2":"type-product","3":"status-publish","4":"has-post-thumbnail","6":"product_cat-borussia-dortmund","7":"product_tag-coole-fussballtrikots","8":"product_tag-borussia-dortmund-trikots","9":"product_tag-bvb-borussia-dortmund-fussballtrikot","10":"product_tag-bvb-borussia-dortmund-trikot","11":"product_tag-bvb-trikots","12":"product_tag-fussballtrikot-deutschland","13":"product_tag-fussballtrikot-fuer-herren","14":"product_tag-fussballtrikot-kurzarm","15":"product_tag-guenstiges-fussballtrikot","17":"first","18":"instock","19":"shipping-taxable","20":"purchasable","21":"product-type-variable"},"_links":{"self":[{"href":"https:\/\/www.billigtrikotde.com\/es\/wp-json\/wp\/v2\/product\/19437","targetHints":{"allow":["GET"]}}],"collection":[{"href":"https:\/\/www.billigtrikotde.com\/es\/wp-json\/wp\/v2\/product"}],"about":[{"href":"https:\/\/www.billigtrikotde.com\/es\/wp-json\/wp\/v2\/types\/product"}],"replies":[{"embeddable":true,"href":"https:\/\/www.billigtrikotde.com\/es\/wp-json\/wp\/v2\/comments?post=19437"}],"wp:featuredmedia":[{"embeddable":true,"href":"https:\/\/www.billigtrikotde.com\/es\/wp-json\/wp\/v2\/media\/19476"}],"wp:attachment":[{"href":"https:\/\/www.billigtrikotde.com\/es\/wp-json\/wp\/v2\/media?parent=19437"}],"wp:term":[{"taxonomy":"product_brand","embeddable":true,"href":"https:\/\/www.billigtrikotde.com\/es\/wp-json\/wp\/v2\/product_brand?post=19437"},{"taxonomy":"product_cat","embeddable":true,"href":"https:\/\/www.billigtrikotde.com\/es\/wp-json\/wp\/v2\/product_cat?post=19437"},{"taxonomy":"product_tag","embeddable":true,"href":"https:\/\/www.billigtrikotde.com\/es\/wp-json\/wp\/v2\/product_tag?post=19437"}],"curies":[{"name":"wp","href":"https:\/\/api.w.org\/{rel}","templated":true}]}}