{"id":19424,"date":"2024-10-24T11:27:59","date_gmt":"2024-10-24T09:27:59","guid":{"rendered":"http:\/\/billigtrikots.com\/?post_type=product&#038;p=19424"},"modified":"2025-10-16T16:01:45","modified_gmt":"2025-10-16T14:01:45","slug":"fussballtrikot-fuer-herren-set-real-madrid-2024-25-drittes-trikot-raul-7","status":"publish","type":"product","link":"https:\/\/www.billigtrikotde.com\/es\/fussballtrikot-fuer-herren-set-real-madrid-2024-25-drittes-trikot-raul-7\/","title":{"rendered":"Camiseta de F\u00fatbol para Hombre Set Real Madrid 2024-25 Tercera Camiseta Raul 7"},"content":{"rendered":"<p>La tercera camiseta del Real Madrid 2024-25 tiene un color principal antracita (Charcoal), que se combina con el estampado \"RMCF\" por toda la camiseta para darle un aspecto \u00fanico.La tercera camiseta de f\u00fatbol del Madrid 24-25 tiene cuello y pu\u00f1os de polo con ribetes en rosa claro (Putty Mauve)\/gris oscuro.<\/p>\n<p>Consejos para la impresi\u00f3n: Si el nombre y el n\u00famero que aparecen en la imagen son exactamente los que desea, no es necesario que los vuelva a introducir. En caso contrario, deber\u00e1 introducir el nombre y el n\u00famero que desee.<\/p>\n<p>Consejos de lavado: Se recomienda lavar las camisetas de f\u00fatbol a mano. Si desea utilizar la lavadora, recuerde poner las camisetas de f\u00fatbol del rev\u00e9s y luego lavarlas. Llena la lavadora con agua fr\u00eda y utiliza un ciclo delicado para proteger mejor los colores.<\/p>","protected":false},"excerpt":{"rendered":"<p>La tercera camiseta del Real Madrid 2024-25 tiene un color principal antracita (Charcoal), que se combina con un grabado de \u201cRMCF\u201d en toda la camiseta para un aspecto \u00fanico. La tercera camiseta de f\u00fatbol de Madrid 24-25 tiene cuello polo y pu\u00f1os de manga con ribetes rosas p\u00e1lidos (Putty Mauve)\/gris oscuro. Consejos para la impresi\u00f3n: si el nombre y el n\u00famero aparecen en la imagen [\u2026]<\/p>","protected":false},"featured_media":19465,"comment_status":"open","ping_status":"closed","template":"","meta":[],"product_brand":[],"product_cat":[45],"product_tag":[574,21,228,24,1191,489,490,979,47],"class_list":{"0":"post-19424","1":"product","2":"type-product","3":"status-publish","4":"has-post-thumbnail","6":"product_cat-real-madrid","7":"product_tag-fussballtrikot-deutschland","8":"product_tag-fussballtrikot-fuer-herren","9":"product_tag-guenstige-fussballtrikot","10":"product_tag-guenstiges-fussballtrikot","11":"product_tag-real-madrid-club-de-futbol-2024-25-trikot","12":"product_tag-real-madrid-fussballtrikot","13":"product_tag-real-madrid-trikot","14":"product_tag-real-madrid-trikot-2024","15":"product_tag-real-madrid-trikots","17":"first","18":"instock","19":"shipping-taxable","20":"purchasable","21":"product-type-variable"},"_links":{"self":[{"href":"https:\/\/www.billigtrikotde.com\/es\/wp-json\/wp\/v2\/product\/19424","targetHints":{"allow":["GET"]}}],"collection":[{"href":"https:\/\/www.billigtrikotde.com\/es\/wp-json\/wp\/v2\/product"}],"about":[{"href":"https:\/\/www.billigtrikotde.com\/es\/wp-json\/wp\/v2\/types\/product"}],"replies":[{"embeddable":true,"href":"https:\/\/www.billigtrikotde.com\/es\/wp-json\/wp\/v2\/comments?post=19424"}],"wp:featuredmedia":[{"embeddable":true,"href":"https:\/\/www.billigtrikotde.com\/es\/wp-json\/wp\/v2\/media\/19465"}],"wp:attachment":[{"href":"https:\/\/www.billigtrikotde.com\/es\/wp-json\/wp\/v2\/media?parent=19424"}],"wp:term":[{"taxonomy":"product_brand","embeddable":true,"href":"https:\/\/www.billigtrikotde.com\/es\/wp-json\/wp\/v2\/product_brand?post=19424"},{"taxonomy":"product_cat","embeddable":true,"href":"https:\/\/www.billigtrikotde.com\/es\/wp-json\/wp\/v2\/product_cat?post=19424"},{"taxonomy":"product_tag","embeddable":true,"href":"https:\/\/www.billigtrikotde.com\/es\/wp-json\/wp\/v2\/product_tag?post=19424"}],"curies":[{"name":"wp","href":"https:\/\/api.w.org\/{rel}","templated":true}]}}