{"id":19370,"date":"2024-10-24T11:24:24","date_gmt":"2024-10-24T09:24:24","guid":{"rendered":"http:\/\/billigtrikots.com\/?post_type=product&#038;p=19370"},"modified":"2025-10-16T16:01:50","modified_gmt":"2025-10-16T14:01:50","slug":"herren-real-madrid-2024-25-auswaertstrikot-kurzarm-kurze-hosen-thibaut-courtois-1","status":"publish","type":"product","link":"https:\/\/www.billigtrikotde.com\/es\/herren-real-madrid-2024-25-auswaertstrikot-kurzarm-kurze-hosen-thibaut-courtois-1\/","title":{"rendered":"Camiseta de manga corta + pantal\u00f3n corto de visitante del Real Madrid 2024-25 de hombre Thibaut Courtois 1"},"content":{"rendered":"<p>La nueva camiseta visitante del Real Madrid 24-25 recuerda a la tercera camiseta de 2013-2014 en cuanto al color y es predominantemente de color naranja brillante con aplicaciones en negro. La equipaci\u00f3n visitante del Real Madrid para la temporada 2024\/25 se inspira en las estrellas del cielo durante los partidos fuera de casa y siempre vincula al club con el Santiago Bernab\u00e9u. La camiseta naranja presenta un gr\u00e1fico astral abstracto que recorre toda la camiseta, con tonos de Glow Blue, Black-Blue Metallic y Night Navy que se encuentran por todas partes, especialmente en el cuello. Una camiseta que conecta a los madridistas con su tierra natal.<\/p>\n<p>Consejos para la impresi\u00f3n: Si el nombre y el n\u00famero que aparecen en la imagen son exactamente los que desea, no es necesario que los vuelva a introducir. En caso contrario, deber\u00e1 introducir el nombre y el n\u00famero que desee.<\/p>\n<p>Consejos de lavado: Se recomienda lavar las camisetas de f\u00fatbol a mano. Si desea utilizar la lavadora, recuerde poner las camisetas de f\u00fatbol del rev\u00e9s y luego lavarlas. Llena la lavadora con agua fr\u00eda y utiliza un ciclo delicado para proteger mejor los colores.<\/p>","protected":false},"excerpt":{"rendered":"<p>Das neue Real Madrid 24-25 Ausw\u00e4rtstrikot erinnert farblich an das dritte Trikot von 2013-2014. Es ist \u00fcberwiegend leuchtend orange mit schwarzen Applikationen. Der Kragen ist mit wei\u00dfen Details versehen.Das Ausw\u00e4rtstrikot von Real Madrid f\u00fcr die Saison 2024\/25 ist von den Sternen am Himmel w\u00e4hrend der Ausw\u00e4rtsspiele inspiriert und verbindet den Verein immer mit dem Santiago [&hellip;]<\/p>","protected":false},"featured_media":19412,"comment_status":"open","ping_status":"closed","template":"","meta":[],"product_brand":[],"product_cat":[45],"product_tag":[574,21,228,24,1191,489,490,979,47,1303],"class_list":{"0":"post-19370","1":"product","2":"type-product","3":"status-publish","4":"has-post-thumbnail","6":"product_cat-real-madrid","7":"product_tag-fussballtrikot-deutschland","8":"product_tag-fussballtrikot-fuer-herren","9":"product_tag-guenstige-fussballtrikot","10":"product_tag-guenstiges-fussballtrikot","11":"product_tag-real-madrid-club-de-futbol-2024-25-trikot","12":"product_tag-real-madrid-fussballtrikot","13":"product_tag-real-madrid-trikot","14":"product_tag-real-madrid-trikot-2024","15":"product_tag-real-madrid-trikots","16":"product_tag-thibaut-courtois-trikots","18":"first","19":"instock","20":"shipping-taxable","21":"purchasable","22":"product-type-variable"},"_links":{"self":[{"href":"https:\/\/www.billigtrikotde.com\/es\/wp-json\/wp\/v2\/product\/19370","targetHints":{"allow":["GET"]}}],"collection":[{"href":"https:\/\/www.billigtrikotde.com\/es\/wp-json\/wp\/v2\/product"}],"about":[{"href":"https:\/\/www.billigtrikotde.com\/es\/wp-json\/wp\/v2\/types\/product"}],"replies":[{"embeddable":true,"href":"https:\/\/www.billigtrikotde.com\/es\/wp-json\/wp\/v2\/comments?post=19370"}],"wp:featuredmedia":[{"embeddable":true,"href":"https:\/\/www.billigtrikotde.com\/es\/wp-json\/wp\/v2\/media\/19412"}],"wp:attachment":[{"href":"https:\/\/www.billigtrikotde.com\/es\/wp-json\/wp\/v2\/media?parent=19370"}],"wp:term":[{"taxonomy":"product_brand","embeddable":true,"href":"https:\/\/www.billigtrikotde.com\/es\/wp-json\/wp\/v2\/product_brand?post=19370"},{"taxonomy":"product_cat","embeddable":true,"href":"https:\/\/www.billigtrikotde.com\/es\/wp-json\/wp\/v2\/product_cat?post=19370"},{"taxonomy":"product_tag","embeddable":true,"href":"https:\/\/www.billigtrikotde.com\/es\/wp-json\/wp\/v2\/product_tag?post=19370"}],"curies":[{"name":"wp","href":"https:\/\/api.w.org\/{rel}","templated":true}]}}