{"id":19324,"date":"2024-10-24T11:22:00","date_gmt":"2024-10-24T09:22:00","guid":{"rendered":"http:\/\/billigtrikots.com\/?post_type=product&#038;p=19324"},"modified":"2025-06-16T16:03:02","modified_gmt":"2025-06-16T14:03:02","slug":"fussballtrikot-kinder-set-juventus-heimtrikot-2024-25-schwarz-weiss","status":"publish","type":"product","link":"https:\/\/www.billigtrikotde.com\/es\/fussballtrikot-kinder-set-juventus-heimtrikot-2024-25-schwarz-weiss\/","title":{"rendered":"Camiseta F\u00fatbol Set Ni\u00f1os Camiseta Juventus Home 2024-25 negro blanco"},"content":{"rendered":"<p>La nueva camiseta de la Juventus 2024-25 es tradicionalmente blanca y negra con dos grandes rayas verticales negras que atraviesan el logotipo y el escudo de la Juventus, el logotipo y el escudo de la Juve son blancos sobre un fondo de rayas negras.<\/p>\n<p>Consejos para la impresi\u00f3n: Si el nombre y el n\u00famero que aparecen en la imagen son exactamente los que desea, no es necesario que los vuelva a introducir. En caso contrario, deber\u00e1 introducir el nombre y el n\u00famero que desee.<\/p>\n<p>Consejos de lavado: Se recomienda lavar las camisetas de f\u00fatbol a mano. Si desea utilizar la lavadora, recuerde poner las camisetas de f\u00fatbol del rev\u00e9s y luego lavarlas. Llena la lavadora con agua fr\u00eda y utiliza un ciclo delicado para proteger mejor los colores.<\/p>","protected":false},"excerpt":{"rendered":"<p>La nueva camiseta 2024-25 de la Juventus es tradicionalmente blanca y negra con dos grandes franjas verticales negras que corren sobre el logo y la insignia de la Juventus. El logo y la insignia de Juve son blancos sobre un fondo de franjas negras. Consejos de impresi\u00f3n: si el nombre y el n\u00famero en la imagen coinciden exactamente con tus deseos, no necesitas [\u2026]<\/p>","protected":false},"featured_media":19373,"comment_status":"open","ping_status":"closed","template":"","meta":[],"product_brand":[],"product_cat":[148],"product_tag":[20,574,24,855,856,482,61,149,94],"class_list":{"0":"post-19324","1":"product","2":"type-product","3":"status-publish","4":"has-post-thumbnail","6":"product_cat-juventus-kindertrikot","7":"product_tag-coole-fussballtrikots","8":"product_tag-fussballtrikot-deutschland","9":"product_tag-guenstiges-fussballtrikot","10":"product_tag-juventus-fussballtrikots-kinder","11":"product_tag-juventus-trikot-fuer-kinder","12":"product_tag-juventus-trikot-kinder-mit-eigenem-namen","13":"product_tag-juventus-trikots","14":"product_tag-juventus-trikotsatz-fuer-kinder","15":"product_tag-kinder-fussball-trikotsatz","17":"first","18":"instock","19":"shipping-taxable","20":"purchasable","21":"product-type-variable"},"_links":{"self":[{"href":"https:\/\/www.billigtrikotde.com\/es\/wp-json\/wp\/v2\/product\/19324","targetHints":{"allow":["GET"]}}],"collection":[{"href":"https:\/\/www.billigtrikotde.com\/es\/wp-json\/wp\/v2\/product"}],"about":[{"href":"https:\/\/www.billigtrikotde.com\/es\/wp-json\/wp\/v2\/types\/product"}],"replies":[{"embeddable":true,"href":"https:\/\/www.billigtrikotde.com\/es\/wp-json\/wp\/v2\/comments?post=19324"}],"wp:featuredmedia":[{"embeddable":true,"href":"https:\/\/www.billigtrikotde.com\/es\/wp-json\/wp\/v2\/media\/19373"}],"wp:attachment":[{"href":"https:\/\/www.billigtrikotde.com\/es\/wp-json\/wp\/v2\/media?parent=19324"}],"wp:term":[{"taxonomy":"product_brand","embeddable":true,"href":"https:\/\/www.billigtrikotde.com\/es\/wp-json\/wp\/v2\/product_brand?post=19324"},{"taxonomy":"product_cat","embeddable":true,"href":"https:\/\/www.billigtrikotde.com\/es\/wp-json\/wp\/v2\/product_cat?post=19324"},{"taxonomy":"product_tag","embeddable":true,"href":"https:\/\/www.billigtrikotde.com\/es\/wp-json\/wp\/v2\/product_tag?post=19324"}],"curies":[{"name":"wp","href":"https:\/\/api.w.org\/{rel}","templated":true}]}}