{"id":19314,"date":"2024-10-24T11:21:27","date_gmt":"2024-10-24T09:21:27","guid":{"rendered":"http:\/\/billigtrikots.com\/?post_type=product&#038;p=19314"},"modified":"2024-10-24T11:24:15","modified_gmt":"2024-10-24T09:24:15","slug":"fussballtrikots-benfica-heimtrikot-2024-25-fuer-herren-joao-neves-87","status":"publish","type":"product","link":"https:\/\/www.billigtrikotde.com\/es\/fussballtrikots-benfica-heimtrikot-2024-25-fuer-herren-joao-neves-87\/","title":{"rendered":"Camisetas de f\u00fatbol Benfica Home 2024-25 para hombre Joao Neves 87"},"content":{"rendered":"<p>La nueva camiseta rinde homenaje a la rica historia del club y presenta un cuello en V cl\u00e1sico. El dise\u00f1o se inspira en la camiseta local de la temporada 1974\/75, en la que el Benfica conquist\u00f3 el t\u00edtulo de la Primeira Liga, y evoca un sentimiento de nostalgia. El SL Benfica ha ahondado en las ra\u00edces de la historia del club y ha desarrollado una camiseta con un distintivo cuello en V blanco y un gr\u00e1fico que repite la V en toda la prenda.<\/p>\n<p>La camiseta presenta un vibrante estampado en tonos rojos, decorado con motivos en forma de V tono sobre tono en la parte delantera. El nuevo logotipo est\u00e1 bordado en el lado derecho del pecho, mientras que el emblem\u00e1tico emblema del SL Benfica, adornado con tres estrellas que representan los diez campeonatos ganados por el club, est\u00e1 colocado en el lado izquierdo.<\/p>\n<p>Consejos para la impresi\u00f3n: Si el nombre y el n\u00famero que aparecen en la imagen son exactamente los que desea, no es necesario que los vuelva a introducir. En caso contrario, deber\u00e1 introducir el nombre y el n\u00famero que desee.<\/p>\n<p>Consejos de lavado: Se recomienda lavar las camisetas de f\u00fatbol a mano. Si desea utilizar la lavadora, recuerde poner las camisetas de f\u00fatbol del rev\u00e9s y luego lavarlas. Llena la lavadora con agua fr\u00eda y utiliza un ciclo delicado para proteger mejor los colores.<\/p>","protected":false},"excerpt":{"rendered":"<p>Das neue Trikot ist eine Hommage an die reiche Vereinsgeschichte und hat einen klassischen V-Ausschnitt. Das Design ist vom Heimtrikot der Saison 1974\/75 inspiriert, als Benfica einen Titel in der Primeira Liga gewann, und weckt ein Gef\u00fchl von Nostalgie. SL Benfica hat sich mit den Wurzeln der Vereinsgeschichte befasst und ein Trikot mit einem markanten [&hellip;]<\/p>","protected":false},"featured_media":19363,"comment_status":"open","ping_status":"closed","template":"","meta":[],"product_brand":[],"product_cat":[188],"product_tag":[729,730,190,20,574,21,22,23,24,191,1300],"class_list":{"0":"post-19314","1":"product","2":"type-product","3":"status-publish","4":"has-post-thumbnail","6":"product_cat-sl-benfica","7":"product_tag-benfica-fussballtrikot","8":"product_tag-benfica-trikot","9":"product_tag-benfica-trikots","10":"product_tag-coole-fussballtrikots","11":"product_tag-fussballtrikot-deutschland","12":"product_tag-fussballtrikot-fuer-herren","13":"product_tag-fussballtrikot-guenstig-kaufen","14":"product_tag-fussballtrikot-kurzarm","15":"product_tag-guenstiges-fussballtrikot","16":"product_tag-heimtrikot-benfica","17":"product_tag-joao-neves-trikots","19":"first","20":"instock","21":"shipping-taxable","22":"purchasable","23":"product-type-variable"},"_links":{"self":[{"href":"https:\/\/www.billigtrikotde.com\/es\/wp-json\/wp\/v2\/product\/19314","targetHints":{"allow":["GET"]}}],"collection":[{"href":"https:\/\/www.billigtrikotde.com\/es\/wp-json\/wp\/v2\/product"}],"about":[{"href":"https:\/\/www.billigtrikotde.com\/es\/wp-json\/wp\/v2\/types\/product"}],"replies":[{"embeddable":true,"href":"https:\/\/www.billigtrikotde.com\/es\/wp-json\/wp\/v2\/comments?post=19314"}],"wp:featuredmedia":[{"embeddable":true,"href":"https:\/\/www.billigtrikotde.com\/es\/wp-json\/wp\/v2\/media\/19363"}],"wp:attachment":[{"href":"https:\/\/www.billigtrikotde.com\/es\/wp-json\/wp\/v2\/media?parent=19314"}],"wp:term":[{"taxonomy":"product_brand","embeddable":true,"href":"https:\/\/www.billigtrikotde.com\/es\/wp-json\/wp\/v2\/product_brand?post=19314"},{"taxonomy":"product_cat","embeddable":true,"href":"https:\/\/www.billigtrikotde.com\/es\/wp-json\/wp\/v2\/product_cat?post=19314"},{"taxonomy":"product_tag","embeddable":true,"href":"https:\/\/www.billigtrikotde.com\/es\/wp-json\/wp\/v2\/product_tag?post=19314"}],"curies":[{"name":"wp","href":"https:\/\/api.w.org\/{rel}","templated":true}]}}