{"id":19303,"date":"2024-10-24T11:20:47","date_gmt":"2024-10-24T09:20:47","guid":{"rendered":"http:\/\/billigtrikots.com\/?post_type=product&#038;p=19303"},"modified":"2024-10-24T11:23:36","modified_gmt":"2024-10-24T09:23:36","slug":"kindertrikot-benfica-auswaertstrikot-2024-25-schwarz-rot-trikotsatz","status":"publish","type":"product","link":"https:\/\/www.billigtrikotde.com\/es\/kindertrikot-benfica-auswaertstrikot-2024-25-schwarz-rot-trikotsatz\/","title":{"rendered":"Equipaci\u00f3n infantil del Benfica 2024-25 negro rojo"},"content":{"rendered":"<p>La camiseta visitante del Benfica 24-25 es predominantemente negra con llamativos detalles rojos. Las tres franjas, el logotipo y el escudo del Benfica son de un llamativo color rojo.<\/p>\n<p>Consejos para la impresi\u00f3n: Si el nombre y el n\u00famero que aparecen en la imagen son exactamente los que desea, no es necesario que los vuelva a introducir. En caso contrario, deber\u00e1 introducir el nombre y el n\u00famero que desee.<\/p>\n<p>Consejos de lavado: Se recomienda lavar las camisetas de f\u00fatbol a mano. Si desea utilizar la lavadora, recuerde poner las camisetas de f\u00fatbol del rev\u00e9s y luego lavarlas. Llena la lavadora con agua fr\u00eda y utiliza un ciclo delicado para proteger mejor los colores.<\/p>","protected":false},"excerpt":{"rendered":"<p>La camiseta visitante Benfica 24-25 es mayormente negra con acentos rojos llamativos. Las tres tiras, el logotipo y el escudo de Benfica est\u00e1n todos en rojo llamativo. Consejos para imprimir: si el nombre y el n\u00famero en la imagen se ajustan exactamente a sus deseos, no es necesario volver a ingresarlos. Si no, deber\u00eda indicar su nombre y su n\u00famero deseados [\u2026]<\/p>","protected":false},"featured_media":19351,"comment_status":"open","ping_status":"closed","template":"","meta":[],"product_brand":[],"product_cat":[726],"product_tag":[727,728,20,574,24,94],"class_list":{"0":"post-19303","1":"product","2":"type-product","3":"status-publish","4":"has-post-thumbnail","6":"product_cat-benfica-kindertrikot","7":"product_tag-benfica-fussballtrikots-kinder-mit-eigenem-namen","8":"product_tag-benfica-trikot-fuer-kinder","9":"product_tag-coole-fussballtrikots","10":"product_tag-fussballtrikot-deutschland","11":"product_tag-guenstiges-fussballtrikot","12":"product_tag-kinder-fussball-trikotsatz","14":"first","15":"instock","16":"shipping-taxable","17":"purchasable","18":"product-type-variable"},"_links":{"self":[{"href":"https:\/\/www.billigtrikotde.com\/es\/wp-json\/wp\/v2\/product\/19303","targetHints":{"allow":["GET"]}}],"collection":[{"href":"https:\/\/www.billigtrikotde.com\/es\/wp-json\/wp\/v2\/product"}],"about":[{"href":"https:\/\/www.billigtrikotde.com\/es\/wp-json\/wp\/v2\/types\/product"}],"replies":[{"embeddable":true,"href":"https:\/\/www.billigtrikotde.com\/es\/wp-json\/wp\/v2\/comments?post=19303"}],"wp:featuredmedia":[{"embeddable":true,"href":"https:\/\/www.billigtrikotde.com\/es\/wp-json\/wp\/v2\/media\/19351"}],"wp:attachment":[{"href":"https:\/\/www.billigtrikotde.com\/es\/wp-json\/wp\/v2\/media?parent=19303"}],"wp:term":[{"taxonomy":"product_brand","embeddable":true,"href":"https:\/\/www.billigtrikotde.com\/es\/wp-json\/wp\/v2\/product_brand?post=19303"},{"taxonomy":"product_cat","embeddable":true,"href":"https:\/\/www.billigtrikotde.com\/es\/wp-json\/wp\/v2\/product_cat?post=19303"},{"taxonomy":"product_tag","embeddable":true,"href":"https:\/\/www.billigtrikotde.com\/es\/wp-json\/wp\/v2\/product_tag?post=19303"}],"curies":[{"name":"wp","href":"https:\/\/api.w.org\/{rel}","templated":true}]}}