{"id":19275,"date":"2024-10-24T11:19:00","date_gmt":"2024-10-24T09:19:00","guid":{"rendered":"http:\/\/billigtrikots.com\/?post_type=product&#038;p=19275"},"modified":"2024-10-24T11:21:54","modified_gmt":"2024-10-24T09:21:54","slug":"billiges-fussballtrikot-fuer-herren-aston-villa-heimtrikot-2024-25","status":"publish","type":"product","link":"https:\/\/www.billigtrikotde.com\/es\/billiges-fussballtrikot-fuer-herren-aston-villa-heimtrikot-2024-25\/","title":{"rendered":"Camisetas de F\u00fatbol Baratas para Hombre Aston Villa Home Shirt 2024-25"},"content":{"rendered":"<p>La camiseta del Aston Villa 2024-25 combina un color base burdeos con un logotipo blanco y apliques azul cielo. Una caracter\u00edstica llamativa de la nueva camiseta del Aston Villa es el nuevo escudo. En la parte delantera aparece el nuevo logotipo del nuevo patrocinador principal del club, Betano. En la parte trasera, bajo el cuello de la camiseta local del Aston Villa 24-25, se encuentra la inscripci\u00f3n que celebra el 150 aniversario del club.<\/p>\n<p>Consejos para la impresi\u00f3n: Si el nombre y el n\u00famero que aparecen en la imagen son exactamente los que desea, no es necesario que los vuelva a introducir. En caso contrario, deber\u00e1 introducir el nombre y el n\u00famero que desee.<\/p>\n<p>Consejos de lavado: Se recomienda lavar las camisetas de f\u00fatbol a mano. Si desea utilizar la lavadora, recuerde poner las camisetas de f\u00fatbol del rev\u00e9s y luego lavarlas. Llena la lavadora con agua fr\u00eda y utiliza un ciclo delicado para proteger mejor los colores.<\/p>","protected":false},"excerpt":{"rendered":"<p>Das Aston Villa 2024-25 Trikot kombiniert eine weinrote Grundfarbe mit einem wei\u00dfen Logo und himmelblauen Applikationen. Ein auff\u00e4lliges Merkmal des neuen Aston Villa Trikots ist das neue Wappen. Auf der Vorderseite befindet sich das neue Logo des neuen Hauptsponsors des Vereins, Betano. Auf der R\u00fcckseite unter dem Kragen des Aston Villa 24-25 Heimtrikots befindet sich [&hellip;]<\/p>","protected":false},"featured_media":19319,"comment_status":"open","ping_status":"closed","template":"","meta":[],"product_brand":[],"product_cat":[1061],"product_tag":[1062,1063,20,574,21,22,24],"class_list":{"0":"post-19275","1":"product","2":"type-product","3":"status-publish","4":"has-post-thumbnail","6":"product_cat-aston-villa","7":"product_tag-aston-villa-fussballtrikot","8":"product_tag-aston-villa-trikot","9":"product_tag-coole-fussballtrikots","10":"product_tag-fussballtrikot-deutschland","11":"product_tag-fussballtrikot-fuer-herren","12":"product_tag-fussballtrikot-guenstig-kaufen","13":"product_tag-guenstiges-fussballtrikot","15":"first","16":"instock","17":"shipping-taxable","18":"purchasable","19":"product-type-variable"},"_links":{"self":[{"href":"https:\/\/www.billigtrikotde.com\/es\/wp-json\/wp\/v2\/product\/19275","targetHints":{"allow":["GET"]}}],"collection":[{"href":"https:\/\/www.billigtrikotde.com\/es\/wp-json\/wp\/v2\/product"}],"about":[{"href":"https:\/\/www.billigtrikotde.com\/es\/wp-json\/wp\/v2\/types\/product"}],"replies":[{"embeddable":true,"href":"https:\/\/www.billigtrikotde.com\/es\/wp-json\/wp\/v2\/comments?post=19275"}],"wp:featuredmedia":[{"embeddable":true,"href":"https:\/\/www.billigtrikotde.com\/es\/wp-json\/wp\/v2\/media\/19319"}],"wp:attachment":[{"href":"https:\/\/www.billigtrikotde.com\/es\/wp-json\/wp\/v2\/media?parent=19275"}],"wp:term":[{"taxonomy":"product_brand","embeddable":true,"href":"https:\/\/www.billigtrikotde.com\/es\/wp-json\/wp\/v2\/product_brand?post=19275"},{"taxonomy":"product_cat","embeddable":true,"href":"https:\/\/www.billigtrikotde.com\/es\/wp-json\/wp\/v2\/product_cat?post=19275"},{"taxonomy":"product_tag","embeddable":true,"href":"https:\/\/www.billigtrikotde.com\/es\/wp-json\/wp\/v2\/product_tag?post=19275"}],"curies":[{"name":"wp","href":"https:\/\/api.w.org\/{rel}","templated":true}]}}