{"id":19222,"date":"2024-10-24T11:16:01","date_gmt":"2024-10-24T09:16:01","guid":{"rendered":"http:\/\/billigtrikots.com\/?post_type=product&#038;p=19222"},"modified":"2025-06-09T04:41:40","modified_gmt":"2025-06-09T02:41:40","slug":"fussball-trikots-kaufen-arsenal-2024-25-schwarz-auswaertstrikot-declan-rice-41","status":"publish","type":"product","link":"https:\/\/www.billigtrikotde.com\/es\/fussball-trikots-kaufen-arsenal-2024-25-schwarz-auswaertstrikot-declan-rice-41\/","title":{"rendered":"Comprar camisetas de f\u00fatbol Arsenal 2024-25 negro away kit Declan Rice 41"},"content":{"rendered":"<p>La camiseta visitante del Arsenal 2024-25 ha sido dise\u00f1ada en colaboraci\u00f3n con la empresa londinense Labrum. Rinde homenaje a los antiguos jugadores del Arsenal David Rocastle e Ian Wright con un color base negro y detalles en rojo y verde.<\/p>\n<p>Consejos para la impresi\u00f3n: Si el nombre y el n\u00famero que aparecen en la imagen son exactamente los que desea, no es necesario que los vuelva a introducir. En caso contrario, deber\u00e1 introducir el nombre y el n\u00famero que desee.<\/p>\n<p>Consejos de lavado: Se recomienda lavar las camisetas de f\u00fatbol a mano. Si desea utilizar la lavadora, recuerde poner las camisetas de f\u00fatbol del rev\u00e9s y luego lavarlas. Llena la lavadora con agua fr\u00eda y utiliza un ciclo delicado para proteger mejor los colores.<\/p>","protected":false},"excerpt":{"rendered":"<p>El uniforme visitante de Arsenal 2024-25 fue dise\u00f1ado en colaboraci\u00f3n con la empresa londinense Labrum. Es un homenaje a los exjugadores del Arsenal David Rocastle e Ian Wright, con una base negra y acentos en rojo y verde. Consejos de impresi\u00f3n: si el nombre y el n\u00famero en la imagen se ajustan exactamente a sus deseos, debe pon\u00e9rselos \u2026<\/p>","protected":false},"featured_media":19268,"comment_status":"open","ping_status":"closed","template":"","meta":[],"product_brand":[],"product_cat":[55],"product_tag":[609,610,1007,1287,21,23,24],"class_list":{"0":"post-19222","1":"product","2":"type-product","3":"status-publish","4":"has-post-thumbnail","6":"product_cat-arsenal","7":"product_tag-arsenal-fussballtrikot","8":"product_tag-arsenal-trikot","9":"product_tag-arsenal-trikot-2024","10":"product_tag-declan-rice-trikots","11":"product_tag-fussballtrikot-fuer-herren","12":"product_tag-fussballtrikot-kurzarm","13":"product_tag-guenstiges-fussballtrikot","15":"first","16":"instock","17":"shipping-taxable","18":"purchasable","19":"product-type-variable"},"_links":{"self":[{"href":"https:\/\/www.billigtrikotde.com\/es\/wp-json\/wp\/v2\/product\/19222","targetHints":{"allow":["GET"]}}],"collection":[{"href":"https:\/\/www.billigtrikotde.com\/es\/wp-json\/wp\/v2\/product"}],"about":[{"href":"https:\/\/www.billigtrikotde.com\/es\/wp-json\/wp\/v2\/types\/product"}],"replies":[{"embeddable":true,"href":"https:\/\/www.billigtrikotde.com\/es\/wp-json\/wp\/v2\/comments?post=19222"}],"wp:featuredmedia":[{"embeddable":true,"href":"https:\/\/www.billigtrikotde.com\/es\/wp-json\/wp\/v2\/media\/19268"}],"wp:attachment":[{"href":"https:\/\/www.billigtrikotde.com\/es\/wp-json\/wp\/v2\/media?parent=19222"}],"wp:term":[{"taxonomy":"product_brand","embeddable":true,"href":"https:\/\/www.billigtrikotde.com\/es\/wp-json\/wp\/v2\/product_brand?post=19222"},{"taxonomy":"product_cat","embeddable":true,"href":"https:\/\/www.billigtrikotde.com\/es\/wp-json\/wp\/v2\/product_cat?post=19222"},{"taxonomy":"product_tag","embeddable":true,"href":"https:\/\/www.billigtrikotde.com\/es\/wp-json\/wp\/v2\/product_tag?post=19222"}],"curies":[{"name":"wp","href":"https:\/\/api.w.org\/{rel}","templated":true}]}}