{"id":19195,"date":"2024-10-24T11:14:18","date_gmt":"2024-10-24T09:14:18","guid":{"rendered":"http:\/\/billigtrikots.com\/?post_type=product&#038;p=19195"},"modified":"2024-10-24T11:17:40","modified_gmt":"2024-10-24T09:17:40","slug":"chelsea-heimtrikot-2024-25-fussball-trikotsatz-fuer-kinder","status":"publish","type":"product","link":"https:\/\/www.billigtrikotde.com\/es\/chelsea-heimtrikot-2024-25-fussball-trikotsatz-fuer-kinder\/","title":{"rendered":"Chelsea Home Shirt 2024-25 Kit de f\u00fatbol para ni\u00f1os"},"content":{"rendered":"<p>La camiseta 24-25 del Chelsea FC es una primicia en la historia del club. Combina los tradicionales colores azul y blanco y naranja. Los logotipos de la camiseta local del Chelsea 24-25 son azul claro y est\u00e1n perfilados con \"Team Orange\". Ambos tienen un efecto 3D. Destaca un dise\u00f1o ondulado que recuerda en cierto modo al efecto de una ola de espuma.<\/p>\n<p>Consejos para la impresi\u00f3n: Si el nombre y el n\u00famero que aparecen en la imagen son exactamente los que desea, no es necesario que los vuelva a introducir. En caso contrario, deber\u00e1 introducir el nombre y el n\u00famero que desee.<\/p>\n<p>Consejos de lavado: Se recomienda lavar las camisetas de f\u00fatbol a mano. Si desea utilizar la lavadora, recuerde poner las camisetas de f\u00fatbol del rev\u00e9s y luego lavarlas. Llena la lavadora con agua fr\u00eda y utiliza un ciclo delicado para proteger mejor los colores.<\/p>","protected":false},"excerpt":{"rendered":"<p>La camiseta 24-25 del Chelsea FC es una primicia en la historia del club. Combina los tradicionales colores azul y blanco y naranja. Los logotipos de la camiseta local del Chelsea 24-25 son azul claro y est\u00e1n perfilados con \"Team Orange\". Ambos tienen un efecto 3D. Destaca un dise\u00f1o ondulado que recuerda en cierto modo al efecto de una ola de espuma.<\/p>","protected":false},"featured_media":19240,"comment_status":"open","ping_status":"closed","template":"","meta":[],"product_brand":[],"product_cat":[162],"product_tag":[20,1280,831,832,163,24,94],"class_list":{"0":"post-19195","1":"product","2":"type-product","3":"status-publish","4":"has-post-thumbnail","6":"product_cat-chelsea-kindertrikot","7":"product_tag-coole-fussballtrikots","8":"product_tag-chelsea-fc-24-25-trikot","9":"product_tag-chelsea-fussballtrikots-kinder","10":"product_tag-chelsea-trikot-fuer-kinder","11":"product_tag-chelsea-trikotsatz-fuer-kinder","12":"product_tag-guenstiges-fussballtrikot","13":"product_tag-kinder-fussball-trikotsatz","15":"first","16":"instock","17":"shipping-taxable","18":"purchasable","19":"product-type-variable"},"_links":{"self":[{"href":"https:\/\/www.billigtrikotde.com\/es\/wp-json\/wp\/v2\/product\/19195","targetHints":{"allow":["GET"]}}],"collection":[{"href":"https:\/\/www.billigtrikotde.com\/es\/wp-json\/wp\/v2\/product"}],"about":[{"href":"https:\/\/www.billigtrikotde.com\/es\/wp-json\/wp\/v2\/types\/product"}],"replies":[{"embeddable":true,"href":"https:\/\/www.billigtrikotde.com\/es\/wp-json\/wp\/v2\/comments?post=19195"}],"wp:featuredmedia":[{"embeddable":true,"href":"https:\/\/www.billigtrikotde.com\/es\/wp-json\/wp\/v2\/media\/19240"}],"wp:attachment":[{"href":"https:\/\/www.billigtrikotde.com\/es\/wp-json\/wp\/v2\/media?parent=19195"}],"wp:term":[{"taxonomy":"product_brand","embeddable":true,"href":"https:\/\/www.billigtrikotde.com\/es\/wp-json\/wp\/v2\/product_brand?post=19195"},{"taxonomy":"product_cat","embeddable":true,"href":"https:\/\/www.billigtrikotde.com\/es\/wp-json\/wp\/v2\/product_cat?post=19195"},{"taxonomy":"product_tag","embeddable":true,"href":"https:\/\/www.billigtrikotde.com\/es\/wp-json\/wp\/v2\/product_tag?post=19195"}],"curies":[{"name":"wp","href":"https:\/\/api.w.org\/{rel}","templated":true}]}}