{"id":19174,"date":"2024-10-24T11:13:08","date_gmt":"2024-10-24T09:13:08","guid":{"rendered":"http:\/\/billigtrikots.com\/?post_type=product&#038;p=19174"},"modified":"2024-10-24T11:16:30","modified_gmt":"2024-10-24T09:16:30","slug":"herren-fussballtrikots-athletic-bilbao-auswaertstrikot-2024-25-nico-williams-11","status":"publish","type":"product","link":"https:\/\/www.billigtrikotde.com\/es\/herren-fussballtrikots-athletic-bilbao-auswaertstrikot-2024-25-nico-williams-11\/","title":{"rendered":"Camisetas F\u00fatbol Hombre Athletic Bilbao Away Shirt 2024-25 Nico Williams 11"},"content":{"rendered":"<p>La equipaci\u00f3n visitante Castore Athletic Bilbao 24-25 tiene un color principal azul real (\"azul Bilbao\" - \"azul Gabarra\"), combinado con un cuello gris con ribetes rojos. Los laterales de la camiseta tambi\u00e9n son grises y rojos, y la \u00faltima vez que el Bilbao utiliz\u00f3 el azul real para su equipaci\u00f3n de visitante fue en la temporada 2018-19, con un sutil estampado en la parte delantera y una bandera vasca en forma de cabeza de le\u00f3n en la parte trasera, en alusi\u00f3n a que el club es \"Made in Euskal Herria\".<\/p>\n<p>Consejos para la impresi\u00f3n: Si el nombre y el n\u00famero que aparecen en la imagen son exactamente los que desea, no es necesario que los vuelva a introducir. En caso contrario, deber\u00e1 introducir el nombre y el n\u00famero que desee.<\/p>\n<p>Consejos de lavado: Se recomienda lavar las camisetas de f\u00fatbol a mano. Si desea utilizar la lavadora, recuerde poner las camisetas de f\u00fatbol del rev\u00e9s y luego lavarlas. Llena la lavadora con agua fr\u00eda y utiliza un ciclo delicado para proteger mejor los colores.<\/p>","protected":false},"excerpt":{"rendered":"<p>Das Castore Athletic Bilbao 24-25 Ausw\u00e4rtstrikot hat eine k\u00f6nigsblaue (\u201eBilbao-Blau\u201c \u2013 \u201eGabarra-Blau\u201c) Hauptfarbe, kombiniert mit einem grauen Kragen mit roter Einfassung. Die Seiten des Trikots sind ebenfalls grau und rot.Das letzte Mal, dass Bilbao k\u00f6nigsblau f\u00fcr sein Ausw\u00e4rtstrikot verwendet hat, war in der Saison 2018-19,Auf der Vorderseite gibt es einen dezenten Aufdruck und auf der [&hellip;]<\/p>","protected":false},"featured_media":19219,"comment_status":"open","ping_status":"closed","template":"","meta":[],"product_brand":[],"product_cat":[909],"product_tag":[1278,910,911,20,574,21,22,23,24,1229],"class_list":{"0":"post-19174","1":"product","2":"type-product","3":"status-publish","4":"has-post-thumbnail","6":"product_cat-athletic-bilbao","7":"product_tag-athletic-bilbao-24-25-trikot","8":"product_tag-athletic-bilbao-fussballtrikot","9":"product_tag-athletic-bilbao-trikot","10":"product_tag-coole-fussballtrikots","11":"product_tag-fussballtrikot-deutschland","12":"product_tag-fussballtrikot-fuer-herren","13":"product_tag-fussballtrikot-guenstig-kaufen","14":"product_tag-fussballtrikot-kurzarm","15":"product_tag-guenstiges-fussballtrikot","16":"product_tag-nico-williams-trikots","18":"first","19":"instock","20":"shipping-taxable","21":"purchasable","22":"product-type-variable"},"_links":{"self":[{"href":"https:\/\/www.billigtrikotde.com\/es\/wp-json\/wp\/v2\/product\/19174","targetHints":{"allow":["GET"]}}],"collection":[{"href":"https:\/\/www.billigtrikotde.com\/es\/wp-json\/wp\/v2\/product"}],"about":[{"href":"https:\/\/www.billigtrikotde.com\/es\/wp-json\/wp\/v2\/types\/product"}],"replies":[{"embeddable":true,"href":"https:\/\/www.billigtrikotde.com\/es\/wp-json\/wp\/v2\/comments?post=19174"}],"wp:featuredmedia":[{"embeddable":true,"href":"https:\/\/www.billigtrikotde.com\/es\/wp-json\/wp\/v2\/media\/19219"}],"wp:attachment":[{"href":"https:\/\/www.billigtrikotde.com\/es\/wp-json\/wp\/v2\/media?parent=19174"}],"wp:term":[{"taxonomy":"product_brand","embeddable":true,"href":"https:\/\/www.billigtrikotde.com\/es\/wp-json\/wp\/v2\/product_brand?post=19174"},{"taxonomy":"product_cat","embeddable":true,"href":"https:\/\/www.billigtrikotde.com\/es\/wp-json\/wp\/v2\/product_cat?post=19174"},{"taxonomy":"product_tag","embeddable":true,"href":"https:\/\/www.billigtrikotde.com\/es\/wp-json\/wp\/v2\/product_tag?post=19174"}],"curies":[{"name":"wp","href":"https:\/\/api.w.org\/{rel}","templated":true}]}}