{"id":19170,"date":"2024-10-24T11:13:04","date_gmt":"2024-10-24T09:13:04","guid":{"rendered":"http:\/\/billigtrikots.com\/?post_type=product&#038;p=19170"},"modified":"2024-10-24T11:15:54","modified_gmt":"2024-10-24T09:15:54","slug":"fussballtrikots-kinder-guenstig-athletic-bilbao-heimtrikotsatz-2024-2025","status":"publish","type":"product","link":"https:\/\/www.billigtrikotde.com\/es\/fussballtrikots-kinder-guenstig-athletic-bilbao-heimtrikotsatz-2024-2025\/","title":{"rendered":"Camisetas F\u00fatbol Ni\u00f1o Baratas Athletic Bilbao Home Kit 2024 2025"},"content":{"rendered":"<p>La camiseta del Athletic de Bilbao 2024-25 tiene un dise\u00f1o tradicional cl\u00e1sico a rayas rojas y blancas con un sutil estampado dentro de las rayas rojas.Este gr\u00e1fico est\u00e1 inspirado en el Palacio de Ibaigane, s\u00edmbolo de identidad del club conocido por su mezcla de arquitectura hist\u00f3rica y moderna.El cuello redondo es blanco por delante y negro por detr\u00e1s. La parte superior de la espalda presenta un gr\u00e1fico que combina la bandera vasca con el emblema de un le\u00f3n.<\/p>\n<p>Consejos para la impresi\u00f3n: Si el nombre y el n\u00famero que aparecen en la imagen son exactamente los que desea, no es necesario que los vuelva a introducir. En caso contrario, deber\u00e1 introducir el nombre y el n\u00famero que desee.<\/p>\n<p>Consejos de lavado: Se recomienda lavar las camisetas de f\u00fatbol a mano. Si desea utilizar la lavadora, recuerde poner las camisetas de f\u00fatbol del rev\u00e9s y luego lavarlas. Llena la lavadora con agua fr\u00eda y utiliza un ciclo delicado para proteger mejor los colores.<\/p>","protected":false},"excerpt":{"rendered":"<p>Das Athletic Bilbao 2024-25 Trikot hat ein traditionelles klassisches rot-wei\u00dfes Streifendesign mit einem dezenten Muster innerhalb der roten Streifen.Diese Grafik ist vom Ibaigane-Palast inspiriert, einem Symbol f\u00fcr die Identit\u00e4t des Vereins, das f\u00fcr seine Mischung aus historischer und moderner Architektur bekannt ist.Der Rundkragen ist auf der Vorderseite wei\u00df und auf der R\u00fcckseite schwarz. Auf dem [&hellip;]<\/p>","protected":false},"featured_media":19216,"comment_status":"open","ping_status":"closed","template":"","meta":[],"product_brand":[],"product_cat":[1025],"product_tag":[1278,1026,1027,20,574,23,24,94],"class_list":{"0":"post-19170","1":"product","2":"type-product","3":"status-publish","4":"has-post-thumbnail","6":"product_cat-athletic-bilbao-kindertrikot","7":"product_tag-athletic-bilbao-24-25-trikot","8":"product_tag-athletic-bilbao-fussballtrikots-kinder","9":"product_tag-athletic-bilbao-trikot-fuer-kinder","10":"product_tag-coole-fussballtrikots","11":"product_tag-fussballtrikot-deutschland","12":"product_tag-fussballtrikot-kurzarm","13":"product_tag-guenstiges-fussballtrikot","14":"product_tag-kinder-fussball-trikotsatz","16":"first","17":"instock","18":"shipping-taxable","19":"purchasable","20":"product-type-variable"},"_links":{"self":[{"href":"https:\/\/www.billigtrikotde.com\/es\/wp-json\/wp\/v2\/product\/19170","targetHints":{"allow":["GET"]}}],"collection":[{"href":"https:\/\/www.billigtrikotde.com\/es\/wp-json\/wp\/v2\/product"}],"about":[{"href":"https:\/\/www.billigtrikotde.com\/es\/wp-json\/wp\/v2\/types\/product"}],"replies":[{"embeddable":true,"href":"https:\/\/www.billigtrikotde.com\/es\/wp-json\/wp\/v2\/comments?post=19170"}],"wp:featuredmedia":[{"embeddable":true,"href":"https:\/\/www.billigtrikotde.com\/es\/wp-json\/wp\/v2\/media\/19216"}],"wp:attachment":[{"href":"https:\/\/www.billigtrikotde.com\/es\/wp-json\/wp\/v2\/media?parent=19170"}],"wp:term":[{"taxonomy":"product_brand","embeddable":true,"href":"https:\/\/www.billigtrikotde.com\/es\/wp-json\/wp\/v2\/product_brand?post=19170"},{"taxonomy":"product_cat","embeddable":true,"href":"https:\/\/www.billigtrikotde.com\/es\/wp-json\/wp\/v2\/product_cat?post=19170"},{"taxonomy":"product_tag","embeddable":true,"href":"https:\/\/www.billigtrikotde.com\/es\/wp-json\/wp\/v2\/product_tag?post=19170"}],"curies":[{"name":"wp","href":"https:\/\/api.w.org\/{rel}","templated":true}]}}