{"id":19148,"date":"2024-10-24T11:11:55","date_gmt":"2024-10-24T09:11:55","guid":{"rendered":"http:\/\/billigtrikots.com\/?post_type=product&#038;p=19148"},"modified":"2025-04-16T09:51:42","modified_gmt":"2025-04-16T07:51:42","slug":"fussball-trikots-guenstig-bestellen-fc-barcelona-2024-25-heimtrikot","status":"publish","type":"product","link":"https:\/\/www.billigtrikotde.com\/es\/fussball-trikots-guenstig-bestellen-fc-barcelona-2024-25-heimtrikot\/","title":{"rendered":"Camisetas F\u00fatbol Ordenar Baratas FC Barcelona 2024-25 Home Shirt"},"content":{"rendered":"<p>La camiseta del FC Barcelona 2024-25 tiene una combinaci\u00f3n de colores y un dise\u00f1o prometedores. Combinando azul real, azul marino y rojo con logotipos dorados, la camiseta del Barcelona 2024-25 tiene un aspecto mitad y mitad en azul y granate. Los logotipos del Swoosh y Spotify son dorados, mientras que el escudo es de los colores habituales. El cuello y los pu\u00f1os son azul marino y la combinaci\u00f3n de colores y el dise\u00f1o recuerdan a la camiseta del centenario del Barcelona.<\/p>\n<p>Consejos para la impresi\u00f3n: Si el nombre y el n\u00famero que aparecen en la imagen son exactamente los que desea, no es necesario que los vuelva a introducir. En caso contrario, deber\u00e1 introducir el nombre y el n\u00famero que desee.<\/p>\n<p>Consejos de lavado: Se recomienda lavar las camisetas de f\u00fatbol a mano. Si desea utilizar la lavadora, recuerde poner las camisetas de f\u00fatbol del rev\u00e9s y luego lavarlas. Llena la lavadora con agua fr\u00eda y utiliza un ciclo delicado para proteger mejor los colores.<\/p>","protected":false},"excerpt":{"rendered":"<p>Das FC Barcelona 2024-25 Trikot hat eine vielversprechende Farbkombination und Design. Das Barcelona 2024-25 Trikot kombiniert K\u00f6nigsblau, Marineblau und Rot mit goldenen Logos.Was das Design angeht, so hat das Barcelona 24-25 Trikot einen Halb-und-Halb-Look in Blau und Kastanienbraun. Der Swoosh und die Spotify-Logos sind goldfarben, w\u00e4hrend das Wappen in den Standardfarben gehalten ist. Der Kragen [&hellip;]<\/p>","protected":false},"featured_media":19188,"comment_status":"open","ping_status":"closed","template":"","meta":[],"product_brand":[],"product_cat":[31],"product_tag":[20,1275,21,22,24],"class_list":{"0":"post-19148","1":"product","2":"type-product","3":"status-publish","4":"has-post-thumbnail","6":"product_cat-fc-barcelona","7":"product_tag-coole-fussballtrikots","8":"product_tag-fc-barcelona-24-25-trikot","9":"product_tag-fussballtrikot-fuer-herren","10":"product_tag-fussballtrikot-guenstig-kaufen","11":"product_tag-guenstiges-fussballtrikot","13":"first","14":"instock","15":"shipping-taxable","16":"purchasable","17":"product-type-variable"},"_links":{"self":[{"href":"https:\/\/www.billigtrikotde.com\/es\/wp-json\/wp\/v2\/product\/19148","targetHints":{"allow":["GET"]}}],"collection":[{"href":"https:\/\/www.billigtrikotde.com\/es\/wp-json\/wp\/v2\/product"}],"about":[{"href":"https:\/\/www.billigtrikotde.com\/es\/wp-json\/wp\/v2\/types\/product"}],"replies":[{"embeddable":true,"href":"https:\/\/www.billigtrikotde.com\/es\/wp-json\/wp\/v2\/comments?post=19148"}],"wp:featuredmedia":[{"embeddable":true,"href":"https:\/\/www.billigtrikotde.com\/es\/wp-json\/wp\/v2\/media\/19188"}],"wp:attachment":[{"href":"https:\/\/www.billigtrikotde.com\/es\/wp-json\/wp\/v2\/media?parent=19148"}],"wp:term":[{"taxonomy":"product_brand","embeddable":true,"href":"https:\/\/www.billigtrikotde.com\/es\/wp-json\/wp\/v2\/product_brand?post=19148"},{"taxonomy":"product_cat","embeddable":true,"href":"https:\/\/www.billigtrikotde.com\/es\/wp-json\/wp\/v2\/product_cat?post=19148"},{"taxonomy":"product_tag","embeddable":true,"href":"https:\/\/www.billigtrikotde.com\/es\/wp-json\/wp\/v2\/product_tag?post=19148"}],"curies":[{"name":"wp","href":"https:\/\/api.w.org\/{rel}","templated":true}]}}