{"id":1914,"date":"2024-10-23T13:51:34","date_gmt":"2024-10-23T11:51:34","guid":{"rendered":"http:\/\/billigtrikots.com\/?post_type=product&#038;p=1914"},"modified":"2024-10-23T13:53:09","modified_gmt":"2024-10-23T11:53:09","slug":"gelbe-trikotsatz-borussia-dortmund-2022-fussball-trikots-online-kaufen-anpassbarer","status":"publish","type":"product","link":"https:\/\/www.billigtrikotde.com\/es\/gelbe-trikotsatz-borussia-dortmund-2022-fussball-trikots-online-kaufen-anpassbarer\/","title":{"rendered":"Comprar camisetas de f\u00fatbol amarillas Borussia Dortmund 2022 online Personalizables"},"content":{"rendered":"<p>Muestra tu admiraci\u00f3n de todo coraz\u00f3n con la actual camiseta local del Borussia, que se presenta en el tradicional color local amarillo\/negro. Por supuesto, la camiseta de este a\u00f1o tambi\u00e9n luce con orgullo el escudo del club directamente en el coraz\u00f3n. Tampoco pueden faltar los detalles de la marca P-uma, as\u00ed como las letras y logotipos de los patrocinadores.<\/p>\n<p>Como si el dise\u00f1o fiel al club no fuera raz\u00f3n suficiente para elegir la camiseta de local del BVB 2021\/22, la parte superior tambi\u00e9n viene en calidad P-uma de primera clase. Est\u00e1 confeccionada en poli\u00e9ster duradero y estable que te ofrece la mejor sujeci\u00f3n durante todo el d\u00eda.<\/p>\n<p>Adem\u00e1s, su material dryCELL de alto rendimiento te protege de la humedad corporal y mantiene tu cuerpo seco y fresco. La versi\u00f3n de r\u00e9plica de la camiseta local del BVB se ci\u00f1e al cuerpo y te ofrece una gran libertad de movimiento en todas las direcciones. Las populares mangas ragl\u00e1n completan el acertado ajuste y prometen una comodidad a\u00fan mayor.<\/p>\n<p>Pon al d\u00eda tu vestuario de aficionado y hazte con la nueva camiseta de local 2021\/22 de P-uma BVB para hombre a tiempo para animar a tu aut\u00e9ntica afici\u00f3n.<\/p>\n<p>Consejos para la impresi\u00f3n: Si el nombre y el n\u00famero que aparecen en la imagen son exactamente los que desea, no es necesario que los vuelva a introducir. En caso contrario, deber\u00e1 introducir el nombre y el n\u00famero que desee.<\/p>\n<p>Consejos de lavado: Se recomienda lavar las camisetas de f\u00fatbol a mano. Si desea utilizar la lavadora, recuerde poner las camisetas de f\u00fatbol del rev\u00e9s y luego lavarlas. Llena la lavadora con agua fr\u00eda y utiliza un ciclo delicado para proteger mejor los colores.<\/p>","protected":false},"excerpt":{"rendered":"<p>Aus tiefstem Herzen zeigst du deine Bewunderung im aktuellen Borussen Heim Trikot, das sich in der traditionellen Heimfarbe Gelb\/Schwarz pr\u00e4sentiert. Nat\u00fcrlich tr\u00e4gt auch das diesj\u00e4hrige Jersey mit Stolz das Vereinswappen direkt auf dem Herzen. P-uma Markendetails d\u00fcrfen ebenso, wie die Sponsorenschriftz\u00fcge und \u2013logos, nicht fehlen. Als w\u00e4re das clubtreue Design nicht schon Grund genug, dich [&hellip;]<\/p>","protected":false},"featured_media":1945,"comment_status":"open","ping_status":"closed","template":"","meta":[],"product_brand":[],"product_cat":[63],"product_tag":[20,65,66,67,21,22,23,24],"class_list":{"0":"post-1914","1":"product","2":"type-product","3":"status-publish","4":"has-post-thumbnail","6":"product_cat-borussia-dortmund","7":"product_tag-coole-fussballtrikots","8":"product_tag-borussia-dortmund-trikots","9":"product_tag-bvb-trikots","10":"product_tag-fussball-trikotsatz","11":"product_tag-fussballtrikot-fuer-herren","12":"product_tag-fussballtrikot-guenstig-kaufen","13":"product_tag-fussballtrikot-kurzarm","14":"product_tag-guenstiges-fussballtrikot","16":"first","17":"instock","18":"shipping-taxable","19":"purchasable","20":"product-type-variable"},"_links":{"self":[{"href":"https:\/\/www.billigtrikotde.com\/es\/wp-json\/wp\/v2\/product\/1914","targetHints":{"allow":["GET"]}}],"collection":[{"href":"https:\/\/www.billigtrikotde.com\/es\/wp-json\/wp\/v2\/product"}],"about":[{"href":"https:\/\/www.billigtrikotde.com\/es\/wp-json\/wp\/v2\/types\/product"}],"replies":[{"embeddable":true,"href":"https:\/\/www.billigtrikotde.com\/es\/wp-json\/wp\/v2\/comments?post=1914"}],"wp:featuredmedia":[{"embeddable":true,"href":"https:\/\/www.billigtrikotde.com\/es\/wp-json\/wp\/v2\/media\/1945"}],"wp:attachment":[{"href":"https:\/\/www.billigtrikotde.com\/es\/wp-json\/wp\/v2\/media?parent=1914"}],"wp:term":[{"taxonomy":"product_brand","embeddable":true,"href":"https:\/\/www.billigtrikotde.com\/es\/wp-json\/wp\/v2\/product_brand?post=1914"},{"taxonomy":"product_cat","embeddable":true,"href":"https:\/\/www.billigtrikotde.com\/es\/wp-json\/wp\/v2\/product_cat?post=1914"},{"taxonomy":"product_tag","embeddable":true,"href":"https:\/\/www.billigtrikotde.com\/es\/wp-json\/wp\/v2\/product_tag?post=1914"}],"curies":[{"name":"wp","href":"https:\/\/api.w.org\/{rel}","templated":true}]}}