{"id":19100,"date":"2024-10-24T11:09:31","date_gmt":"2024-10-24T09:09:31","guid":{"rendered":"http:\/\/billigtrikots.com\/?post_type=product&#038;p=19100"},"modified":"2024-10-24T11:12:23","modified_gmt":"2024-10-24T09:12:23","slug":"kinder-fussball-trikot-set-ac-mailand-heimtrikot-2024-2025","status":"publish","type":"product","link":"https:\/\/www.billigtrikotde.com\/es\/kinder-fussball-trikot-set-ac-mailand-heimtrikot-2024-2025\/","title":{"rendered":"Juego de Camisetas de F\u00fatbol para Ni\u00f1os AC Milan Home Shirt 2024 2025"},"content":{"rendered":"<p>La nueva camiseta del Milan 24-25 vuelve a un dise\u00f1o cl\u00e1sico despu\u00e9s de que la de la temporada pasada tuviera un estilo experimental. Presenta las franjas rojas y negras del club en combinaci\u00f3n con logotipos blancos, con un dise\u00f1o muy sutil en el interior de las franjas rojas, que probablemente est\u00e9 relacionado con el 125 aniversario del club. El Milan se fund\u00f3 en 1899, hace hoy 125 a\u00f1os, y en el interior del cuello luce una insignia especial de aniversario con el texto \"Social Club Institution\" y un gr\u00e1fico de ADN, mientras que el cuello trasero de la camiseta luce un estampado especial 125 Years A.C. Milan para celebrar el 125 aniversario del club.<\/p>\n<p>Consejos para la impresi\u00f3n: Si el nombre y el n\u00famero que aparecen en la imagen son exactamente los que desea, no es necesario que los vuelva a introducir. En caso contrario, deber\u00e1 introducir el nombre y el n\u00famero que desee.<\/p>\n<p>Consejos de lavado: Se recomienda lavar las camisetas de f\u00fatbol a mano. Si desea utilizar la lavadora, recuerde poner las camisetas de f\u00fatbol del rev\u00e9s y luego lavarlas. Llena la lavadora con agua fr\u00eda y utiliza un ciclo delicado para proteger mejor los colores.<\/p>","protected":false},"excerpt":{"rendered":"<p>Das neue Milan Trikot 24-25 kehrt zu einem klassischen Design zur\u00fcck, nachdem das Trikot der letzten Saison einen experimentellen Stil hatte. Es zeigt die roten und schwarzen Streifen des Vereins in Kombination mit wei\u00dfen Logos.Innerhalb der roten Streifen befindet sich ein sehr dezentes Design, das wahrscheinlich mit dem 125-j\u00e4hrigen Jubil\u00e4um des Vereins zusammenh\u00e4ngt. Milan wurde [&hellip;]<\/p>","protected":false},"featured_media":19153,"comment_status":"open","ping_status":"closed","template":"","meta":[],"product_brand":[],"product_cat":[92],"product_tag":[630,25,631,93,20,574,23,24,94,1264],"class_list":{"0":"post-19100","1":"product","2":"type-product","3":"status-publish","4":"has-post-thumbnail","6":"product_cat-ac-mailand-kindertrikot","7":"product_tag-ac-milan-fussballtrikots-kinder","8":"product_tag-ac-milan-heimtrikot","9":"product_tag-ac-milan-trikot-fuer-kinder","10":"product_tag-ac-milan-trikotsatz-fuer-kinder","11":"product_tag-coole-fussballtrikots","12":"product_tag-fussballtrikot-deutschland","13":"product_tag-fussballtrikot-kurzarm","14":"product_tag-guenstiges-fussballtrikot","15":"product_tag-kinder-fussball-trikotsatz","16":"product_tag-milan-24-25-trikot","18":"first","19":"instock","20":"shipping-taxable","21":"purchasable","22":"product-type-variable"},"_links":{"self":[{"href":"https:\/\/www.billigtrikotde.com\/es\/wp-json\/wp\/v2\/product\/19100","targetHints":{"allow":["GET"]}}],"collection":[{"href":"https:\/\/www.billigtrikotde.com\/es\/wp-json\/wp\/v2\/product"}],"about":[{"href":"https:\/\/www.billigtrikotde.com\/es\/wp-json\/wp\/v2\/types\/product"}],"replies":[{"embeddable":true,"href":"https:\/\/www.billigtrikotde.com\/es\/wp-json\/wp\/v2\/comments?post=19100"}],"wp:featuredmedia":[{"embeddable":true,"href":"https:\/\/www.billigtrikotde.com\/es\/wp-json\/wp\/v2\/media\/19153"}],"wp:attachment":[{"href":"https:\/\/www.billigtrikotde.com\/es\/wp-json\/wp\/v2\/media?parent=19100"}],"wp:term":[{"taxonomy":"product_brand","embeddable":true,"href":"https:\/\/www.billigtrikotde.com\/es\/wp-json\/wp\/v2\/product_brand?post=19100"},{"taxonomy":"product_cat","embeddable":true,"href":"https:\/\/www.billigtrikotde.com\/es\/wp-json\/wp\/v2\/product_cat?post=19100"},{"taxonomy":"product_tag","embeddable":true,"href":"https:\/\/www.billigtrikotde.com\/es\/wp-json\/wp\/v2\/product_tag?post=19100"}],"curies":[{"name":"wp","href":"https:\/\/api.w.org\/{rel}","templated":true}]}}