{"id":19088,"date":"2024-10-24T11:08:56","date_gmt":"2024-10-24T09:08:56","guid":{"rendered":"http:\/\/billigtrikots.com\/?post_type=product&#038;p=19088"},"modified":"2024-10-24T11:11:47","modified_gmt":"2024-10-24T09:11:47","slug":"kinder-manchester-united-heimtrikot-2024-25-trikotsatz-kit","status":"publish","type":"product","link":"https:\/\/www.billigtrikotde.com\/es\/kinder-manchester-united-heimtrikot-2024-25-trikotsatz-kit\/","title":{"rendered":"Camiseta de casa del Manchester United infantil 2024-25 Kit"},"content":{"rendered":"<p>La camiseta del Manchester United FC 24-25 combina dos tonos de rojo en un dise\u00f1o de gradiente de color. No es la primera vez que una camiseta del Manchester United combina dos tonos de rojo. La \u00faltima vez que ocurri\u00f3 fue en la temporada 2016-17 y la caracter\u00edstica especial de la camiseta del Manchester United 24-25 es un sutil dise\u00f1o degradado de rojo sobre rojo.<\/p>\n<p>Consejos para la impresi\u00f3n: Si el nombre y el n\u00famero que aparecen en la imagen son exactamente los que desea, no es necesario que los vuelva a introducir. En caso contrario, deber\u00e1 introducir el nombre y el n\u00famero que desee.<\/p>\n<p>Consejos de lavado: Se recomienda lavar las camisetas de f\u00fatbol a mano. Si desea utilizar la lavadora, recuerde poner las camisetas de f\u00fatbol del rev\u00e9s y luego lavarlas. Llena la lavadora con agua fr\u00eda y utiliza un ciclo delicado para proteger mejor los colores.<\/p>","protected":false},"excerpt":{"rendered":"<p>El uniforme Manchester United FC 24-25 combina dos tonos de rojo en un dise\u00f1o de degradado. No es la primera vez que un uniforme de Manchester United combina dos tonos de rojo. La \u00faltima vez fue en la temporada 2016-17. Lo especial del uniforme 24-25 de Manchester United es un sutil patr\u00f3n de degradado rojo sobre rojo. Consejos para imprimir: Cuando el nombre [\u2026]<\/p>","protected":false},"featured_media":19141,"comment_status":"open","ping_status":"closed","template":"","meta":[],"product_brand":[],"product_cat":[140],"product_tag":[20,574,664,24,1262,898,899,52,142],"class_list":{"0":"post-19088","1":"product","2":"type-product","3":"status-publish","4":"has-post-thumbnail","6":"product_cat-manchester-united-kindertrikot","7":"product_tag-coole-fussballtrikots","8":"product_tag-fussballtrikot-deutschland","9":"product_tag-fussballtrikot-trikotsatz","10":"product_tag-guenstiges-fussballtrikot","11":"product_tag-manchester-united-24-25-trikot","12":"product_tag-manchester-united-fussballtrikots-kinder","13":"product_tag-manchester-united-trikot-fuer-kinder","14":"product_tag-manchester-united-trikots","15":"product_tag-manchester-united-trikotsatz-fuer-kinder","17":"first","18":"instock","19":"shipping-taxable","20":"purchasable","21":"product-type-variable"},"_links":{"self":[{"href":"https:\/\/www.billigtrikotde.com\/es\/wp-json\/wp\/v2\/product\/19088","targetHints":{"allow":["GET"]}}],"collection":[{"href":"https:\/\/www.billigtrikotde.com\/es\/wp-json\/wp\/v2\/product"}],"about":[{"href":"https:\/\/www.billigtrikotde.com\/es\/wp-json\/wp\/v2\/types\/product"}],"replies":[{"embeddable":true,"href":"https:\/\/www.billigtrikotde.com\/es\/wp-json\/wp\/v2\/comments?post=19088"}],"wp:featuredmedia":[{"embeddable":true,"href":"https:\/\/www.billigtrikotde.com\/es\/wp-json\/wp\/v2\/media\/19141"}],"wp:attachment":[{"href":"https:\/\/www.billigtrikotde.com\/es\/wp-json\/wp\/v2\/media?parent=19088"}],"wp:term":[{"taxonomy":"product_brand","embeddable":true,"href":"https:\/\/www.billigtrikotde.com\/es\/wp-json\/wp\/v2\/product_brand?post=19088"},{"taxonomy":"product_cat","embeddable":true,"href":"https:\/\/www.billigtrikotde.com\/es\/wp-json\/wp\/v2\/product_cat?post=19088"},{"taxonomy":"product_tag","embeddable":true,"href":"https:\/\/www.billigtrikotde.com\/es\/wp-json\/wp\/v2\/product_tag?post=19088"}],"curies":[{"name":"wp","href":"https:\/\/api.w.org\/{rel}","templated":true}]}}