{"id":19068,"date":"2024-10-24T11:08:11","date_gmt":"2024-10-24T09:08:11","guid":{"rendered":"http:\/\/billigtrikots.com\/?post_type=product&#038;p=19068"},"modified":"2024-10-24T11:10:35","modified_gmt":"2024-10-24T09:10:35","slug":"fussballtrikot-kinder-sale-england-heimtrikot-em-2024-conor-gallagher-16","status":"publish","type":"product","link":"https:\/\/www.billigtrikotde.com\/es\/fussballtrikot-kinder-sale-england-heimtrikot-em-2024-conor-gallagher-16\/","title":{"rendered":"F\u00fatbol Camisa Ni\u00f1os Venta Inglaterra Home Shirt Euro 2024 Conor Gallagher 16"},"content":{"rendered":"<p>La camiseta de Inglaterra para la Eurocopa 2024 supone un gran cambio con respecto a las anteriores camisetas locales de Inglaterra. La camiseta de f\u00fatbol de Inglaterra 2024 combina el blanco cl\u00e1sico del pa\u00eds con un azul marino oscuro y detalles en granate\/rojo claro.Utiliza un cuello especialmente construido que es una combinaci\u00f3n de un cl\u00e1sico cuello en V y un cuello de polo.Los pu\u00f1os de la equipaci\u00f3n local de Inglaterra 2024 presentan elegantes rayas azul marino\/rojo claro\/granate.<\/p>\n<p>Consejos para la impresi\u00f3n: Si el nombre y el n\u00famero que aparecen en la imagen son exactamente los que desea, no es necesario que los vuelva a introducir. En caso contrario, deber\u00e1 introducir el nombre y el n\u00famero que desee.<\/p>\n<p>Consejos de lavado: Se recomienda lavar las camisetas de f\u00fatbol a mano. Si desea utilizar la lavadora, recuerde poner las camisetas de f\u00fatbol del rev\u00e9s y luego lavarlas. Llena la lavadora con agua fr\u00eda y utiliza un ciclo delicado para proteger mejor los colores.<\/p>","protected":false},"excerpt":{"rendered":"<p>Das England Euro 2024 Trikot ist eine starke Ver\u00e4nderung gegen\u00fcber den bisherigen England Heimtrikots. Das England 2024 Fu\u00dfballtrikot kombiniert das klassische Wei\u00df des Landes mit einem dunklen Marineblau und kastanienbraunen\/hellroten Details.It verwendet einen speziell konstruierten Kragen, der eine Kombination aus einem klassischen V-Kragen und einem Polokragen ist.Die \u00c4rmelb\u00fcndchen des England 2024 Heimtrikots sind mit eleganten [&hellip;]<\/p>","protected":false},"featured_media":19115,"comment_status":"open","ping_status":"closed","template":"","meta":[],"product_brand":[],"product_cat":[1096],"product_tag":[20,1244,1245,1076,1235,22,23,1246,24],"class_list":{"0":"post-19068","1":"product","2":"type-product","3":"status-publish","4":"has-post-thumbnail","6":"product_cat-em-2024-england","7":"product_tag-coole-fussballtrikots","8":"product_tag-conor-gallagher-trikot-kinder-kaufen","9":"product_tag-conor-gallagher-trikots","10":"product_tag-em-2024-trikot","11":"product_tag-england-em-2024-trikot-kinder-kaufen","12":"product_tag-fussballtrikot-guenstig-kaufen","13":"product_tag-fussballtrikot-kurzarm","14":"product_tag-guenstige-conor-gallagher-trikot-kinder","15":"product_tag-guenstiges-fussballtrikot","17":"first","18":"instock","19":"shipping-taxable","20":"purchasable","21":"product-type-variable"},"_links":{"self":[{"href":"https:\/\/www.billigtrikotde.com\/es\/wp-json\/wp\/v2\/product\/19068","targetHints":{"allow":["GET"]}}],"collection":[{"href":"https:\/\/www.billigtrikotde.com\/es\/wp-json\/wp\/v2\/product"}],"about":[{"href":"https:\/\/www.billigtrikotde.com\/es\/wp-json\/wp\/v2\/types\/product"}],"replies":[{"embeddable":true,"href":"https:\/\/www.billigtrikotde.com\/es\/wp-json\/wp\/v2\/comments?post=19068"}],"wp:featuredmedia":[{"embeddable":true,"href":"https:\/\/www.billigtrikotde.com\/es\/wp-json\/wp\/v2\/media\/19115"}],"wp:attachment":[{"href":"https:\/\/www.billigtrikotde.com\/es\/wp-json\/wp\/v2\/media?parent=19068"}],"wp:term":[{"taxonomy":"product_brand","embeddable":true,"href":"https:\/\/www.billigtrikotde.com\/es\/wp-json\/wp\/v2\/product_brand?post=19068"},{"taxonomy":"product_cat","embeddable":true,"href":"https:\/\/www.billigtrikotde.com\/es\/wp-json\/wp\/v2\/product_cat?post=19068"},{"taxonomy":"product_tag","embeddable":true,"href":"https:\/\/www.billigtrikotde.com\/es\/wp-json\/wp\/v2\/product_tag?post=19068"}],"curies":[{"name":"wp","href":"https:\/\/api.w.org\/{rel}","templated":true}]}}