{"id":19005,"date":"2024-10-24T11:05:55","date_gmt":"2024-10-24T09:05:55","guid":{"rendered":"http:\/\/billigtrikots.com\/?post_type=product&#038;p=19005"},"modified":"2024-10-24T11:07:15","modified_gmt":"2024-10-24T09:07:15","slug":"kinder-fussballtrikot-set-manchester-city-heimtrikotsatz-2024-25-blau-weiss-ruben-dias-3","status":"publish","type":"product","link":"https:\/\/www.billigtrikotde.com\/es\/kinder-fussballtrikot-set-manchester-city-heimtrikotsatz-2024-25-blau-weiss-ruben-dias-3\/","title":{"rendered":"Conjunto Camiseta F\u00fatbol Ni\u00f1o Manchester City Home Kit 2024-25 azul blanco Ruben Dias 3"},"content":{"rendered":"<p>La nueva camiseta Man City 2024-25 tiene el cl\u00e1sico color azul cielo combinado con aplicaciones en azul marino y logotipos en blanco, y lo que hace destacar a la camiseta Manchester City 24-25 es el cuello y los pu\u00f1os. Ambos presentan un exclusivo gr\u00e1fico 0161 inspirado en un grafiti que rinde homenaje a la zona 0161 de Manchester. El c\u00f3digo telef\u00f3nico 0161 abarca una gran parte del Gran Manchester, incluido el centro de la ciudad y sus alrededores.<\/p>\n<p>Consejos para la impresi\u00f3n: Si el nombre y el n\u00famero que aparecen en la imagen son exactamente los que desea, no es necesario que los vuelva a introducir. En caso contrario, deber\u00e1 introducir el nombre y el n\u00famero que desee.<\/p>\n<p>Consejos de lavado: Se recomienda lavar las camisetas de f\u00fatbol a mano. Si desea utilizar la lavadora, recuerde poner las camisetas de f\u00fatbol del rev\u00e9s y luego lavarlas. Llena la lavadora con agua fr\u00eda y utiliza un ciclo delicado para proteger mejor los colores.<\/p>","protected":false},"excerpt":{"rendered":"<p>Das neue Man City 2024-25 Trikot hat die klassische himmelblaue Farbe kombiniert mit navyfarbenen Applikationen und wei\u00dfen Logos.Was das Manchester City 24-25 Trikot besonders auszeichnet, sind der Kragen und die \u00c4rmelb\u00fcndchen. Beide sind mit einer einzigartigen, von Graffiti inspirierten 0161-Grafik versehen, die eine Hommage an den 0161-Bereich von Manchester ist. Die Telefonvorwahl 0161 deckt einen [&hellip;]<\/p>","protected":false},"featured_media":19021,"comment_status":"closed","ping_status":"closed","template":"","meta":[],"product_brand":[],"product_cat":[144],"product_tag":[20,22,23,24,1231],"class_list":{"0":"post-19005","1":"product","2":"type-product","3":"status-publish","4":"has-post-thumbnail","6":"product_cat-manchester-city-kindertrikot","7":"product_tag-coole-fussballtrikots","8":"product_tag-fussballtrikot-guenstig-kaufen","9":"product_tag-fussballtrikot-kurzarm","10":"product_tag-guenstiges-fussballtrikot","11":"product_tag-ruben-dias-trikots","13":"first","14":"instock","15":"purchasable","16":"product-type-variable"},"_links":{"self":[{"href":"https:\/\/www.billigtrikotde.com\/es\/wp-json\/wp\/v2\/product\/19005","targetHints":{"allow":["GET"]}}],"collection":[{"href":"https:\/\/www.billigtrikotde.com\/es\/wp-json\/wp\/v2\/product"}],"about":[{"href":"https:\/\/www.billigtrikotde.com\/es\/wp-json\/wp\/v2\/types\/product"}],"replies":[{"embeddable":true,"href":"https:\/\/www.billigtrikotde.com\/es\/wp-json\/wp\/v2\/comments?post=19005"}],"wp:featuredmedia":[{"embeddable":true,"href":"https:\/\/www.billigtrikotde.com\/es\/wp-json\/wp\/v2\/media\/19021"}],"wp:attachment":[{"href":"https:\/\/www.billigtrikotde.com\/es\/wp-json\/wp\/v2\/media?parent=19005"}],"wp:term":[{"taxonomy":"product_brand","embeddable":true,"href":"https:\/\/www.billigtrikotde.com\/es\/wp-json\/wp\/v2\/product_brand?post=19005"},{"taxonomy":"product_cat","embeddable":true,"href":"https:\/\/www.billigtrikotde.com\/es\/wp-json\/wp\/v2\/product_cat?post=19005"},{"taxonomy":"product_tag","embeddable":true,"href":"https:\/\/www.billigtrikotde.com\/es\/wp-json\/wp\/v2\/product_tag?post=19005"}],"curies":[{"name":"wp","href":"https:\/\/api.w.org\/{rel}","templated":true}]}}