{"id":18941,"date":"2024-10-24T11:03:07","date_gmt":"2024-10-24T09:03:07","guid":{"rendered":"http:\/\/billigtrikots.com\/?post_type=product&#038;p=18941"},"modified":"2024-10-24T11:04:22","modified_gmt":"2024-10-24T09:04:22","slug":"spanien-auswaertstrikot-em-2024-guenstige-fussball-trikotsatz-alvaro-morata-7","status":"publish","type":"product","link":"https:\/\/www.billigtrikotde.com\/es\/spanien-auswaertstrikot-em-2024-guenstige-fussball-trikotsatz-alvaro-morata-7\/","title":{"rendered":"Espa\u00f1a fuera de casa EM 2024 Barato F\u00fatbol Camiseta Alvaro Morata 7"},"content":{"rendered":"<p>La equipaci\u00f3n de Espa\u00f1a 2024 tiene una combinaci\u00f3n de colores fresca y llamativa. Es principalmente amarillo ne\u00f3n p\u00e1lido, posiblemente inspirado en las dunas de arena del pa\u00eds, y una caracter\u00edstica \u00fanica de la equipaci\u00f3n de Espa\u00f1a para la Eurocopa 2024 son los paneles: los paneles azul claro presentan un gr\u00e1fico de dunas de arena.<\/p>\n<p>Consejos para la impresi\u00f3n: Si el nombre y el n\u00famero que aparecen en la imagen son exactamente los que desea, no es necesario que los vuelva a introducir. En caso contrario, deber\u00e1 introducir el nombre y el n\u00famero que desee.<\/p>\n<p>Consejos de lavado: Se recomienda lavar las camisetas de f\u00fatbol a mano. Si desea utilizar la lavadora, recuerde poner las camisetas de f\u00fatbol del rev\u00e9s y luego lavarlas. Llena la lavadora con agua fr\u00eda y utiliza un ciclo delicado para proteger mejor los colores.<\/p>","protected":false},"excerpt":{"rendered":"<p>La camiseta visitante de Espa\u00f1a 2024 tiene una combinaci\u00f3n de colores fresca y llamativa. Es principalmente de un amarillo ne\u00f3n p\u00e1lido, probablemente inspirado en las dunas de arena del pa\u00eds. Una caracter\u00edstica \u00fanica de las camisetas visitante de Espa\u00f1a Euro 2024 son los paneles: los paneles azul claro est\u00e1n con un gr\u00e1fico de dunas de arena. Consejos para imprimir: Cuando el nombre y el n\u00famero en la imagen sean exactos [\u2026]<\/p>","protected":false},"featured_media":18966,"comment_status":"closed","ping_status":"closed","template":"","meta":[],"product_brand":[],"product_cat":[1079],"product_tag":[1228,20,1076,22,23,24],"class_list":{"0":"post-18941","1":"product","2":"type-product","3":"status-publish","4":"has-post-thumbnail","6":"product_cat-em-2024-spanien","7":"product_tag-alvaro-morata-trikots","8":"product_tag-coole-fussballtrikots","9":"product_tag-em-2024-trikot","10":"product_tag-fussballtrikot-guenstig-kaufen","11":"product_tag-fussballtrikot-kurzarm","12":"product_tag-guenstiges-fussballtrikot","14":"first","15":"instock","16":"purchasable","17":"product-type-variable"},"_links":{"self":[{"href":"https:\/\/www.billigtrikotde.com\/es\/wp-json\/wp\/v2\/product\/18941","targetHints":{"allow":["GET"]}}],"collection":[{"href":"https:\/\/www.billigtrikotde.com\/es\/wp-json\/wp\/v2\/product"}],"about":[{"href":"https:\/\/www.billigtrikotde.com\/es\/wp-json\/wp\/v2\/types\/product"}],"replies":[{"embeddable":true,"href":"https:\/\/www.billigtrikotde.com\/es\/wp-json\/wp\/v2\/comments?post=18941"}],"wp:featuredmedia":[{"embeddable":true,"href":"https:\/\/www.billigtrikotde.com\/es\/wp-json\/wp\/v2\/media\/18966"}],"wp:attachment":[{"href":"https:\/\/www.billigtrikotde.com\/es\/wp-json\/wp\/v2\/media?parent=18941"}],"wp:term":[{"taxonomy":"product_brand","embeddable":true,"href":"https:\/\/www.billigtrikotde.com\/es\/wp-json\/wp\/v2\/product_brand?post=18941"},{"taxonomy":"product_cat","embeddable":true,"href":"https:\/\/www.billigtrikotde.com\/es\/wp-json\/wp\/v2\/product_cat?post=18941"},{"taxonomy":"product_tag","embeddable":true,"href":"https:\/\/www.billigtrikotde.com\/es\/wp-json\/wp\/v2\/product_tag?post=18941"}],"curies":[{"name":"wp","href":"https:\/\/api.w.org\/{rel}","templated":true}]}}