{"id":1890,"date":"2024-10-23T13:50:28","date_gmt":"2024-10-23T11:50:28","guid":{"rendered":"http:\/\/billigtrikots.com\/?post_type=product&#038;p=1890"},"modified":"2024-10-23T13:52:02","modified_gmt":"2024-10-23T11:52:02","slug":"bvb-borussia-dortmund-heimtrikot-herren-2022-hummels-15-gelb-schwarz-trikotsatz","status":"publish","type":"product","link":"https:\/\/www.billigtrikotde.com\/es\/bvb-borussia-dortmund-heimtrikot-herren-2022-hummels-15-gelb-schwarz-trikotsatz\/","title":{"rendered":"BVB Borussia Dortmund Home Jersey Hombre 2022 Hummels 15 Amarillo Negro Kit"},"content":{"rendered":"<p>Ve a por todas con la camiseta local P-uma Borussia Dortmund 21\/22, que tiene un corte ligeramente m\u00e1s holgado especialmente dise\u00f1ado para los aficionados.<\/p>\n<p>Inspirada en el famoso triunfo del club en la Liga de Campeones de 1997, la camiseta local P-uma Borussia Dortmund 21\/22 encarna el esp\u00edritu desvalido de Karl-Heinz Riedle y compa\u00f1\u00eda con secciones negras en los hombros y mangas a rayas que imitan la camiseta y las medias de la final de 1997.<\/p>\n<p>La versi\u00f3n est\u00e1ndar de la camiseta est\u00e1 dise\u00f1ada para ofrecer comodidad dentro y fuera del campo y cuenta con la \u00faltima tecnolog\u00eda de transpiraci\u00f3n para mantenerte fresco. El corte m\u00e1s informal tambi\u00e9n la hace ideal para el tiempo libre.<\/p>\n<p>Consejos para la impresi\u00f3n: Si el nombre y el n\u00famero que aparecen en la imagen son exactamente los que desea, no es necesario que los vuelva a introducir. En caso contrario, deber\u00e1 introducir el nombre y el n\u00famero que desee.<\/p>\n<p>Consejos de lavado: Se recomienda lavar las camisetas de f\u00fatbol a mano. Si desea utilizar la lavadora, recuerde poner las camisetas de f\u00fatbol del rev\u00e9s y luego lavarlas. Llena la lavadora con agua fr\u00eda y utiliza un ciclo delicado para proteger mejor los colores.<\/p>","protected":false},"excerpt":{"rendered":"<p>Gib alles mit dem P-uma Borussia Dortmund 21\/22 Heimtrikot, das eine etwas lockerere Passform hat die speziell f\u00fcr Fans entwickelt wurde. Inspiriert vom ber\u00fchmten Champions-League-Triumph des Vereins im Jahr 1997 verk\u00f6rpert das P-uma Borussia Dortmund 21\/22 Heimtrikot den Au\u00dfenseitergeist von Karl-Heinz Riedle und Co. mit schwarzen Schulterpartien und gestreiften \u00c4rmeln, die das Trikot und die [&hellip;]<\/p>","protected":false},"featured_media":1921,"comment_status":"open","ping_status":"closed","template":"","meta":[],"product_brand":[],"product_cat":[63],"product_tag":[20,65,66,67,21,22,23,24],"class_list":{"0":"post-1890","1":"product","2":"type-product","3":"status-publish","4":"has-post-thumbnail","6":"product_cat-borussia-dortmund","7":"product_tag-coole-fussballtrikots","8":"product_tag-borussia-dortmund-trikots","9":"product_tag-bvb-trikots","10":"product_tag-fussball-trikotsatz","11":"product_tag-fussballtrikot-fuer-herren","12":"product_tag-fussballtrikot-guenstig-kaufen","13":"product_tag-fussballtrikot-kurzarm","14":"product_tag-guenstiges-fussballtrikot","16":"first","17":"instock","18":"shipping-taxable","19":"purchasable","20":"product-type-variable"},"_links":{"self":[{"href":"https:\/\/www.billigtrikotde.com\/es\/wp-json\/wp\/v2\/product\/1890","targetHints":{"allow":["GET"]}}],"collection":[{"href":"https:\/\/www.billigtrikotde.com\/es\/wp-json\/wp\/v2\/product"}],"about":[{"href":"https:\/\/www.billigtrikotde.com\/es\/wp-json\/wp\/v2\/types\/product"}],"replies":[{"embeddable":true,"href":"https:\/\/www.billigtrikotde.com\/es\/wp-json\/wp\/v2\/comments?post=1890"}],"wp:featuredmedia":[{"embeddable":true,"href":"https:\/\/www.billigtrikotde.com\/es\/wp-json\/wp\/v2\/media\/1921"}],"wp:attachment":[{"href":"https:\/\/www.billigtrikotde.com\/es\/wp-json\/wp\/v2\/media?parent=1890"}],"wp:term":[{"taxonomy":"product_brand","embeddable":true,"href":"https:\/\/www.billigtrikotde.com\/es\/wp-json\/wp\/v2\/product_brand?post=1890"},{"taxonomy":"product_cat","embeddable":true,"href":"https:\/\/www.billigtrikotde.com\/es\/wp-json\/wp\/v2\/product_cat?post=1890"},{"taxonomy":"product_tag","embeddable":true,"href":"https:\/\/www.billigtrikotde.com\/es\/wp-json\/wp\/v2\/product_tag?post=1890"}],"curies":[{"name":"wp","href":"https:\/\/api.w.org\/{rel}","templated":true}]}}