{"id":18896,"date":"2024-10-24T11:01:27","date_gmt":"2024-10-24T09:01:27","guid":{"rendered":"http:\/\/billigtrikots.com\/?post_type=product&#038;p=18896"},"modified":"2024-10-24T11:02:52","modified_gmt":"2024-10-24T09:02:52","slug":"guenstiges-kindertrikot-england-euro-2024-auswaertstrikot-jarrod-bowen-20","status":"publish","type":"product","link":"https:\/\/www.billigtrikotde.com\/es\/guenstiges-kindertrikot-england-euro-2024-auswaertstrikot-jarrod-bowen-20\/","title":{"rendered":"Barato Inglaterra Euro 2024 Away Shirt Jarrod Bowen 20"},"content":{"rendered":"<p>La camiseta visitante de Inglaterra para la Eurocopa 2024 presenta un color granate claro oscuro, llamado \"Dark Raisin\", combinado con \"Sesame\" para los logotipos, que es un tono dorado.Lo que hace tan especial a la camiseta visitante de Inglaterra 2024 es el dise\u00f1o multicolor en ambos lados. En el interior del cuello se encuentra la cruz de San Jorge, dise\u00f1ada en los mismos colores que las franjas laterales.<\/p>\n<p>Consejos para la impresi\u00f3n: Si el nombre y el n\u00famero que aparecen en la imagen son exactamente los que desea, no es necesario que los vuelva a introducir. En caso contrario, deber\u00e1 introducir el nombre y el n\u00famero que desee.<\/p>\n<p>Consejos de lavado: Se recomienda lavar las camisetas de f\u00fatbol a mano. Si desea utilizar la lavadora, recuerde poner las camisetas de f\u00fatbol del rev\u00e9s y luego lavarlas. Llena la lavadora con agua fr\u00eda y utiliza un ciclo delicado para proteger mejor los colores.<\/p>","protected":false},"excerpt":{"rendered":"<p>Das England Euro 2024 Ausw\u00e4rtstrikot zeigt ein dunkles, helles Kastanienbraun, genannt \u201eDark Raisin\u201c, kombiniert mit \u201eSesame\u201c f\u00fcr die Logos, was ein goldfarbener Farbton ist.Was das England 2024 Ausw\u00e4rtstrikot so besonders macht, ist das mehrfarbige Design auf beiden Seiten. Auf der Innenseite des Kragens befindet sich das St.-Georgs-Kreuz, das in denselben Farben wie die Seitenstreifen gestaltet [&hellip;]<\/p>","protected":false},"featured_media":18928,"comment_status":"closed","ping_status":"closed","template":"","meta":[],"product_brand":[],"product_cat":[1096],"product_tag":[20,1076,22,23,24,1223],"class_list":{"0":"post-18896","1":"product","2":"type-product","3":"status-publish","4":"has-post-thumbnail","6":"product_cat-em-2024-england","7":"product_tag-coole-fussballtrikots","8":"product_tag-em-2024-trikot","9":"product_tag-fussballtrikot-guenstig-kaufen","10":"product_tag-fussballtrikot-kurzarm","11":"product_tag-guenstiges-fussballtrikot","12":"product_tag-jarrod-bowen-trikots","14":"first","15":"instock","16":"purchasable","17":"product-type-variable"},"_links":{"self":[{"href":"https:\/\/www.billigtrikotde.com\/es\/wp-json\/wp\/v2\/product\/18896","targetHints":{"allow":["GET"]}}],"collection":[{"href":"https:\/\/www.billigtrikotde.com\/es\/wp-json\/wp\/v2\/product"}],"about":[{"href":"https:\/\/www.billigtrikotde.com\/es\/wp-json\/wp\/v2\/types\/product"}],"replies":[{"embeddable":true,"href":"https:\/\/www.billigtrikotde.com\/es\/wp-json\/wp\/v2\/comments?post=18896"}],"wp:featuredmedia":[{"embeddable":true,"href":"https:\/\/www.billigtrikotde.com\/es\/wp-json\/wp\/v2\/media\/18928"}],"wp:attachment":[{"href":"https:\/\/www.billigtrikotde.com\/es\/wp-json\/wp\/v2\/media?parent=18896"}],"wp:term":[{"taxonomy":"product_brand","embeddable":true,"href":"https:\/\/www.billigtrikotde.com\/es\/wp-json\/wp\/v2\/product_brand?post=18896"},{"taxonomy":"product_cat","embeddable":true,"href":"https:\/\/www.billigtrikotde.com\/es\/wp-json\/wp\/v2\/product_cat?post=18896"},{"taxonomy":"product_tag","embeddable":true,"href":"https:\/\/www.billigtrikotde.com\/es\/wp-json\/wp\/v2\/product_tag?post=18896"}],"curies":[{"name":"wp","href":"https:\/\/api.w.org\/{rel}","templated":true}]}}