{"id":18860,"date":"2024-10-24T10:59:35","date_gmt":"2024-10-24T08:59:35","guid":{"rendered":"http:\/\/billigtrikots.com\/?post_type=product&#038;p=18860"},"modified":"2024-10-24T11:01:22","modified_gmt":"2024-10-24T09:01:22","slug":"billige-fussballtrikots-damen-frankreich-trikot-em-2024-heimtrikot-jules-kounde-5","status":"publish","type":"product","link":"https:\/\/www.billigtrikotde.com\/es\/billige-fussballtrikots-damen-frankreich-trikot-em-2024-heimtrikot-jules-kounde-5\/","title":{"rendered":"Camisetas F\u00fatbol Baratas Camiseta Francia Euro 2024 Home Jules Kounde 5"},"content":{"rendered":"<p>La camiseta Francia 2024 tiene un dise\u00f1o cl\u00e1sico, pero elegante. Es principalmente de \u00abBright Blue\u00bb y se aparta as\u00ed del azul marino del a\u00f1o 2022. Combinado con este tono de azul est\u00e1n el \u00abUniversity Red\u00bb y el blanco. Lo m\u00e1s notable de la camiseta Francia 2024 es probablemente el escudo. Tras el enfoque monocrom\u00e1tico de todas las camisetas francesas anteriores, el Swoosh introduce un nuevo esquema de colores cl\u00e1sico del famoso logotipo de la FFF. El cuello incorpora la tricolor y una estructura base en V ligeramente desalineada.<\/p>\n<p>Consejos para la impresi\u00f3n: Si el nombre y el n\u00famero que aparecen en la imagen son exactamente los que desea, no es necesario que los vuelva a introducir. En caso contrario, deber\u00e1 introducir el nombre y el n\u00famero que desee.<\/p>\n<p>Consejos de lavado: Se recomienda lavar las camisetas de f\u00fatbol a mano. Si desea utilizar la lavadora, recuerde poner las camisetas de f\u00fatbol del rev\u00e9s y luego lavarlas. Llena la lavadora con agua fr\u00eda y utiliza un ciclo delicado para proteger mejor los colores.<\/p>","protected":false},"excerpt":{"rendered":"<p>Das Frankreich 2024 Trikot hat ein klassisches, aber stilvolles Design. Es ist haupts\u00e4chlich in \u201eBright Blue\u201c gehalten und weicht damit vom Marineblau des Jahres 2022 ab. Kombiniert mit diesem Blauton sind \u201eUniversity Red\u201c und Wei\u00df. Das Bemerkenswerteste am Trikot Frankreich 2024 ist wahrscheinlich das Wappen. Nach dem monochromen Ansatz aller bisherigen Frankreich-Trikots f\u00fchrt der Swoosh [&hellip;]<\/p>","protected":false},"featured_media":18894,"comment_status":"closed","ping_status":"closed","template":"","meta":[],"product_brand":[],"product_cat":[1098],"product_tag":[20,1076,22,23,24,1218],"class_list":{"0":"post-18860","1":"product","2":"type-product","3":"status-publish","4":"has-post-thumbnail","6":"product_cat-em-2024-frankreich","7":"product_tag-coole-fussballtrikots","8":"product_tag-em-2024-trikot","9":"product_tag-fussballtrikot-guenstig-kaufen","10":"product_tag-fussballtrikot-kurzarm","11":"product_tag-guenstiges-fussballtrikot","12":"product_tag-jules-kounde-trikots","14":"first","15":"instock","16":"purchasable","17":"product-type-variable"},"_links":{"self":[{"href":"https:\/\/www.billigtrikotde.com\/es\/wp-json\/wp\/v2\/product\/18860","targetHints":{"allow":["GET"]}}],"collection":[{"href":"https:\/\/www.billigtrikotde.com\/es\/wp-json\/wp\/v2\/product"}],"about":[{"href":"https:\/\/www.billigtrikotde.com\/es\/wp-json\/wp\/v2\/types\/product"}],"replies":[{"embeddable":true,"href":"https:\/\/www.billigtrikotde.com\/es\/wp-json\/wp\/v2\/comments?post=18860"}],"wp:featuredmedia":[{"embeddable":true,"href":"https:\/\/www.billigtrikotde.com\/es\/wp-json\/wp\/v2\/media\/18894"}],"wp:attachment":[{"href":"https:\/\/www.billigtrikotde.com\/es\/wp-json\/wp\/v2\/media?parent=18860"}],"wp:term":[{"taxonomy":"product_brand","embeddable":true,"href":"https:\/\/www.billigtrikotde.com\/es\/wp-json\/wp\/v2\/product_brand?post=18860"},{"taxonomy":"product_cat","embeddable":true,"href":"https:\/\/www.billigtrikotde.com\/es\/wp-json\/wp\/v2\/product_cat?post=18860"},{"taxonomy":"product_tag","embeddable":true,"href":"https:\/\/www.billigtrikotde.com\/es\/wp-json\/wp\/v2\/product_tag?post=18860"}],"curies":[{"name":"wp","href":"https:\/\/api.w.org\/{rel}","templated":true}]}}