{"id":18843,"date":"2024-10-24T10:58:28","date_gmt":"2024-10-24T08:58:28","guid":{"rendered":"http:\/\/billigtrikots.com\/?post_type=product&#038;p=18843"},"modified":"2024-10-24T11:00:39","modified_gmt":"2024-10-24T09:00:39","slug":"frauen-frankreichs-trikots-fuer-die-europameisterschaft-2024-auswaertstrikot-eduardo-camavinga-6","status":"publish","type":"product","link":"https:\/\/www.billigtrikotde.com\/es\/frauen-frankreichs-trikots-fuer-die-europameisterschaft-2024-auswaertstrikot-eduardo-camavinga-6\/","title":{"rendered":"Equipaciones femeninas de Francia para la Eurocopa 2024 Eduardo Camavinga 6"},"content":{"rendered":"<p>La camiseta exterior de Francia Euro 2024 combina un color blanco de base con un azul intenso. Lo m\u00e1s llamativo es el dise\u00f1o de rayas finas: va de azul (lado derecho) a rojo (lado izquierdo). La camiseta exterior de Francia Euro 2024 tiene un cuello azul y pu\u00f1os azules en las mangas. Lo que llama la atenci\u00f3n en la parte delantera es el gran escudo de Francia a todo color, que se utiliza por primera vez en la Euro 2024 y podr\u00eda tambi\u00e9n emplearse fuera del torneo.<\/p>\n<p>Tanto la camiseta local como la visitante de la Eurocopa Francia 2024 lucir\u00e1n un nuevo escudo coloreado en un formato enorme y m\u00e1s grande que el de las anteriores camisetas de Francia. Sin embargo, el \u00e1rea del escudo de Francia seguir\u00e1 cumpliendo las normas de la FIFA para las camisetas.<\/p>\n<p>Consejos para la impresi\u00f3n: Si el nombre y el n\u00famero que aparecen en la imagen son exactamente los que desea, no es necesario que los vuelva a introducir. En caso contrario, deber\u00e1 introducir el nombre y el n\u00famero que desee.<\/p>\n<p>Consejos de lavado: Se recomienda lavar las camisetas de f\u00fatbol a mano. Si desea utilizar la lavadora, recuerde poner las camisetas de f\u00fatbol del rev\u00e9s y luego lavarlas. Llena la lavadora con agua fr\u00eda y utiliza un ciclo delicado para proteger mejor los colores.<\/p>","protected":false},"excerpt":{"rendered":"<p>La camiseta visitante de Francia Euro 2024 combina un color blanco de base con un azul rey. Lo m\u00e1s llamativo es el dise\u00f1o de rayas finas: va de azul (lado derecho) a rojo (lado izquierdo). La camiseta visitante de Francia Euro 2024 tiene un cuello azul y pu\u00f1os de mangas azules. Lo que destaca en la parte frontal es el enorme escudo completo de Francia, que aparece por primera vez en la [\u2026]<\/p>","protected":false},"featured_media":18877,"comment_status":"closed","ping_status":"closed","template":"","meta":[],"product_brand":[],"product_cat":[1098],"product_tag":[20,1219,1076,22,23,24],"class_list":{"0":"post-18843","1":"product","2":"type-product","3":"status-publish","4":"has-post-thumbnail","6":"product_cat-em-2024-frankreich","7":"product_tag-coole-fussballtrikots","8":"product_tag-eduardo-camavinga-trikots","9":"product_tag-em-2024-trikot","10":"product_tag-fussballtrikot-guenstig-kaufen","11":"product_tag-fussballtrikot-kurzarm","12":"product_tag-guenstiges-fussballtrikot","14":"first","15":"instock","16":"purchasable","17":"product-type-variable"},"_links":{"self":[{"href":"https:\/\/www.billigtrikotde.com\/es\/wp-json\/wp\/v2\/product\/18843","targetHints":{"allow":["GET"]}}],"collection":[{"href":"https:\/\/www.billigtrikotde.com\/es\/wp-json\/wp\/v2\/product"}],"about":[{"href":"https:\/\/www.billigtrikotde.com\/es\/wp-json\/wp\/v2\/types\/product"}],"replies":[{"embeddable":true,"href":"https:\/\/www.billigtrikotde.com\/es\/wp-json\/wp\/v2\/comments?post=18843"}],"wp:featuredmedia":[{"embeddable":true,"href":"https:\/\/www.billigtrikotde.com\/es\/wp-json\/wp\/v2\/media\/18877"}],"wp:attachment":[{"href":"https:\/\/www.billigtrikotde.com\/es\/wp-json\/wp\/v2\/media?parent=18843"}],"wp:term":[{"taxonomy":"product_brand","embeddable":true,"href":"https:\/\/www.billigtrikotde.com\/es\/wp-json\/wp\/v2\/product_brand?post=18843"},{"taxonomy":"product_cat","embeddable":true,"href":"https:\/\/www.billigtrikotde.com\/es\/wp-json\/wp\/v2\/product_cat?post=18843"},{"taxonomy":"product_tag","embeddable":true,"href":"https:\/\/www.billigtrikotde.com\/es\/wp-json\/wp\/v2\/product_tag?post=18843"}],"curies":[{"name":"wp","href":"https:\/\/api.w.org\/{rel}","templated":true}]}}