{"id":18821,"date":"2024-10-24T10:56:49","date_gmt":"2024-10-24T08:56:49","guid":{"rendered":"http:\/\/billigtrikots.com\/?post_type=product&#038;p=18821"},"modified":"2024-10-24T11:00:01","modified_gmt":"2024-10-24T09:00:01","slug":"fussballtrikot-damen-paris-saint-germain-psg-heimtrikot-2024-25-kurzarm","status":"publish","type":"product","link":"https:\/\/www.billigtrikotde.com\/es\/fussballtrikot-damen-paris-saint-germain-psg-heimtrikot-2024-25-kurzarm\/","title":{"rendered":"Camiseta de casa del Paris Saint-Germain PSG 2024-25 de manga corta para mujer"},"content":{"rendered":"<p>En <strong>Camiseta PSG 2024-25<\/strong> vuelve al cl\u00e1sico Hechter del club. La \u00faltima camiseta del Par\u00eds Saint-Germain que luci\u00f3 un Hechter cl\u00e1sico fue la de 2020-21.<\/p>\n<p>Consejos para la impresi\u00f3n: Si el nombre y el n\u00famero que aparecen en la imagen son exactamente los que desea, no es necesario que los vuelva a introducir. En caso contrario, deber\u00e1 introducir el nombre y el n\u00famero que desee.<\/p>\n<p>Consejos de lavado: Se recomienda lavar las camisetas de f\u00fatbol a mano. Si desea utilizar la lavadora, recuerde poner las camisetas de f\u00fatbol del rev\u00e9s y luego lavarlas. Llena la lavadora con agua fr\u00eda y utiliza un ciclo delicado para proteger mejor los colores.<\/p>","protected":false},"excerpt":{"rendered":"<p>La camiseta PSG 2024-25 vuelve al cl\u00e1sico dise\u00f1ador de cuadros del club. La \u00faltima camiseta del Paris Saint-Germain que llevaba un dise\u00f1o de cuadros cl\u00e1sico fue la camiseta 2020-21. Consejos de impresi\u00f3n: si el nombre y el n\u00famero en la imagen coinciden exactamente con tus deseos, no necesitas volver a ingresar; si no, deber\u00edas ingresar el nombre deseado [\u2026]<\/p>","protected":false},"featured_media":18865,"comment_status":"open","ping_status":"closed","template":"","meta":[],"product_brand":[],"product_cat":[536],"product_tag":[20,574,21,24,484,485,41,1212,1213],"class_list":{"0":"post-18821","1":"product","2":"type-product","3":"status-publish","4":"has-post-thumbnail","6":"product_cat-paris-saint-germain-psg-damen-trikot","7":"product_tag-coole-fussballtrikots","8":"product_tag-fussballtrikot-deutschland","9":"product_tag-fussballtrikot-fuer-herren","10":"product_tag-guenstiges-fussballtrikot","11":"product_tag-paris-saint-germain-psg-fussballtrikot","12":"product_tag-paris-saint-germain-psg-trikot","13":"product_tag-paris-saint-germain-trikots","14":"product_tag-psg-2024-25-heimtrikots","15":"product_tag-psg-24-25-trikot","17":"first","18":"instock","19":"shipping-taxable","20":"purchasable","21":"product-type-variable"},"_links":{"self":[{"href":"https:\/\/www.billigtrikotde.com\/es\/wp-json\/wp\/v2\/product\/18821","targetHints":{"allow":["GET"]}}],"collection":[{"href":"https:\/\/www.billigtrikotde.com\/es\/wp-json\/wp\/v2\/product"}],"about":[{"href":"https:\/\/www.billigtrikotde.com\/es\/wp-json\/wp\/v2\/types\/product"}],"replies":[{"embeddable":true,"href":"https:\/\/www.billigtrikotde.com\/es\/wp-json\/wp\/v2\/comments?post=18821"}],"wp:featuredmedia":[{"embeddable":true,"href":"https:\/\/www.billigtrikotde.com\/es\/wp-json\/wp\/v2\/media\/18865"}],"wp:attachment":[{"href":"https:\/\/www.billigtrikotde.com\/es\/wp-json\/wp\/v2\/media?parent=18821"}],"wp:term":[{"taxonomy":"product_brand","embeddable":true,"href":"https:\/\/www.billigtrikotde.com\/es\/wp-json\/wp\/v2\/product_brand?post=18821"},{"taxonomy":"product_cat","embeddable":true,"href":"https:\/\/www.billigtrikotde.com\/es\/wp-json\/wp\/v2\/product_cat?post=18821"},{"taxonomy":"product_tag","embeddable":true,"href":"https:\/\/www.billigtrikotde.com\/es\/wp-json\/wp\/v2\/product_tag?post=18821"}],"curies":[{"name":"wp","href":"https:\/\/api.w.org\/{rel}","templated":true}]}}