{"id":18772,"date":"2024-10-24T10:54:00","date_gmt":"2024-10-24T08:54:00","guid":{"rendered":"http:\/\/billigtrikots.com\/?post_type=product&#038;p=18772"},"modified":"2024-10-24T10:56:39","modified_gmt":"2024-10-24T08:56:39","slug":"kinder-fussballtrikots-portugal-trikot-em-2024-auswaerts-trikotsatz-nuno-mendes-19","status":"publish","type":"product","link":"https:\/\/www.billigtrikotde.com\/es\/kinder-fussballtrikots-portugal-trikot-em-2024-auswaerts-trikotsatz-nuno-mendes-19\/","title":{"rendered":"Camisetas F\u00fatbol Ni\u00f1o Camiseta Portugal Euro 2024 Away Kit Nuno Mendes 19"},"content":{"rendered":"<p>La camiseta visitante de Portugal 2024 tiene un dise\u00f1o estrechamente ligado a la historia de Portugal. El azulejo es un tipo de azulejo portugu\u00e9s y espa\u00f1ol de cer\u00e1mica vidriada con esta\u00f1o. El azulejo es un tipo de baldosa de cer\u00e1mica esmaltada en esta\u00f1o, portuguesa y espa\u00f1ola, que suele utilizarse para decorar paredes y suelos.<\/p>\n<p>Los colores siguen el esquema de la camiseta de visitante para la Copa del Mundo de 2022. Al igual que la camiseta para Qatar, la nueva camiseta exterior de Portugal 2024 es principalmente en colores vela.Portugal Euro 2024 camiseta exterior con azul claro y un azul marino muy oscuro, \"University Blue\" y \"Pitch Blue\".<\/p>\n<p>Consejos para la impresi\u00f3n: Si el nombre y el n\u00famero que aparecen en la imagen son exactamente los que desea, no es necesario que los vuelva a introducir. En caso contrario, deber\u00e1 introducir el nombre y el n\u00famero que desee.<\/p>\n<p>Consejos de lavado: Se recomienda lavar las camisetas de f\u00fatbol a mano. Si desea utilizar la lavadora, recuerde poner las camisetas de f\u00fatbol del rev\u00e9s y luego lavarlas. Llena la lavadora con agua fr\u00eda y utiliza un ciclo delicado para proteger mejor los colores.<\/p>","protected":false},"excerpt":{"rendered":"<p>La camiseta visitante de Portugal 2024 tiene un dise\u00f1o estrechamente ligado a la historia de Portugal. El azulejo es un tipo de azulejo portugu\u00e9s y espa\u00f1ol de cer\u00e1mica vidriada con esta\u00f1o. El azulejo es un tipo de baldosa de cer\u00e1mica esmaltada en esta\u00f1o, portuguesa y espa\u00f1ola, que suele utilizarse para decorar paredes y suelos.<\/p>","protected":false},"featured_media":18813,"comment_status":"open","ping_status":"closed","template":"","meta":[],"product_brand":[],"product_cat":[1094],"product_tag":[20,1076,1077,21,22,23,24,1095],"class_list":{"0":"post-18772","1":"product","2":"type-product","3":"status-publish","4":"has-post-thumbnail","6":"product_cat-em-2024-portugal","7":"product_tag-coole-fussballtrikots","8":"product_tag-em-2024-trikot","9":"product_tag-em-2024-trikot-herren","10":"product_tag-fussballtrikot-fuer-herren","11":"product_tag-fussballtrikot-guenstig-kaufen","12":"product_tag-fussballtrikot-kurzarm","13":"product_tag-guenstiges-fussballtrikot","14":"product_tag-portugal-trikot-em-2024","16":"first","17":"instock","18":"shipping-taxable","19":"purchasable","20":"product-type-variable"},"_links":{"self":[{"href":"https:\/\/www.billigtrikotde.com\/es\/wp-json\/wp\/v2\/product\/18772","targetHints":{"allow":["GET"]}}],"collection":[{"href":"https:\/\/www.billigtrikotde.com\/es\/wp-json\/wp\/v2\/product"}],"about":[{"href":"https:\/\/www.billigtrikotde.com\/es\/wp-json\/wp\/v2\/types\/product"}],"replies":[{"embeddable":true,"href":"https:\/\/www.billigtrikotde.com\/es\/wp-json\/wp\/v2\/comments?post=18772"}],"wp:featuredmedia":[{"embeddable":true,"href":"https:\/\/www.billigtrikotde.com\/es\/wp-json\/wp\/v2\/media\/18813"}],"wp:attachment":[{"href":"https:\/\/www.billigtrikotde.com\/es\/wp-json\/wp\/v2\/media?parent=18772"}],"wp:term":[{"taxonomy":"product_brand","embeddable":true,"href":"https:\/\/www.billigtrikotde.com\/es\/wp-json\/wp\/v2\/product_brand?post=18772"},{"taxonomy":"product_cat","embeddable":true,"href":"https:\/\/www.billigtrikotde.com\/es\/wp-json\/wp\/v2\/product_cat?post=18772"},{"taxonomy":"product_tag","embeddable":true,"href":"https:\/\/www.billigtrikotde.com\/es\/wp-json\/wp\/v2\/product_tag?post=18772"}],"curies":[{"name":"wp","href":"https:\/\/api.w.org\/{rel}","templated":true}]}}