{"id":18749,"date":"2024-10-24T10:52:19","date_gmt":"2024-10-24T08:52:19","guid":{"rendered":"http:\/\/billigtrikots.com\/?post_type=product&#038;p=18749"},"modified":"2024-10-24T10:55:30","modified_gmt":"2024-10-24T08:55:30","slug":"kinder-niederlande-uefa-euro-2024-auswaertstrikot-memphis-depay-10","status":"publish","type":"product","link":"https:\/\/www.billigtrikotde.com\/es\/kinder-niederlande-uefa-euro-2024-auswaertstrikot-memphis-depay-10\/","title":{"rendered":"Camiseta exterior de la UEFA Euro 2024 de ni\u00f1o de Holanda Memphis Depay 10"},"content":{"rendered":"<p>La camiseta exterior de Holanda 2024 es principalmente azul marino (\"Blue Void\"), con los colores secundarios naranja, turquesa y blanco. Se trata de una paleta de colores similar a la de la camiseta local de Holanda, aunque, por supuesto, en un orden diferente. La camiseta visitante de Holanda para la Eurocopa 2024 destaca por su dise\u00f1o. Presenta un estampado naranja y azul en la parte delantera, la espalda y las mangas.<\/p>\n<p>Consejos para la impresi\u00f3n: Si el nombre y el n\u00famero que aparecen en la imagen son exactamente los que desea, no es necesario que los vuelva a introducir. En caso contrario, deber\u00e1 introducir el nombre y el n\u00famero que desee.<\/p>\n<p>Consejos de lavado: Se recomienda lavar las camisetas de f\u00fatbol a mano. Si desea utilizar la lavadora, recuerde poner las camisetas de f\u00fatbol del rev\u00e9s y luego lavarlas. Llena la lavadora con agua fr\u00eda y utiliza un ciclo delicado para proteger mejor los colores.<\/p>","protected":false},"excerpt":{"rendered":"<p>La camiseta exterior de Holanda 2024 es principalmente azul marino (\"Blue Void\"), con los colores secundarios naranja, turquesa y blanco. Se trata de una paleta de colores similar a la de la camiseta local de Holanda, aunque, por supuesto, en un orden diferente. La camiseta visitante de Holanda para la Eurocopa 2024 destaca por su dise\u00f1o. Presenta un estampado naranja y azul en la parte delantera, la espalda y las mangas.<\/p>","protected":false},"featured_media":18788,"comment_status":"open","ping_status":"closed","template":"","meta":[],"product_brand":[],"product_cat":[1102],"product_tag":[20,1076,1077,21,22,23,24,1103],"class_list":{"0":"post-18749","1":"product","2":"type-product","3":"status-publish","4":"has-post-thumbnail","6":"product_cat-em-2024-niederlande","7":"product_tag-coole-fussballtrikots","8":"product_tag-em-2024-trikot","9":"product_tag-em-2024-trikot-herren","10":"product_tag-fussballtrikot-fuer-herren","11":"product_tag-fussballtrikot-guenstig-kaufen","12":"product_tag-fussballtrikot-kurzarm","13":"product_tag-guenstiges-fussballtrikot","14":"product_tag-niederlande-trikot-em-2024","16":"first","17":"instock","18":"shipping-taxable","19":"purchasable","20":"product-type-variable"},"_links":{"self":[{"href":"https:\/\/www.billigtrikotde.com\/es\/wp-json\/wp\/v2\/product\/18749","targetHints":{"allow":["GET"]}}],"collection":[{"href":"https:\/\/www.billigtrikotde.com\/es\/wp-json\/wp\/v2\/product"}],"about":[{"href":"https:\/\/www.billigtrikotde.com\/es\/wp-json\/wp\/v2\/types\/product"}],"replies":[{"embeddable":true,"href":"https:\/\/www.billigtrikotde.com\/es\/wp-json\/wp\/v2\/comments?post=18749"}],"wp:featuredmedia":[{"embeddable":true,"href":"https:\/\/www.billigtrikotde.com\/es\/wp-json\/wp\/v2\/media\/18788"}],"wp:attachment":[{"href":"https:\/\/www.billigtrikotde.com\/es\/wp-json\/wp\/v2\/media?parent=18749"}],"wp:term":[{"taxonomy":"product_brand","embeddable":true,"href":"https:\/\/www.billigtrikotde.com\/es\/wp-json\/wp\/v2\/product_brand?post=18749"},{"taxonomy":"product_cat","embeddable":true,"href":"https:\/\/www.billigtrikotde.com\/es\/wp-json\/wp\/v2\/product_cat?post=18749"},{"taxonomy":"product_tag","embeddable":true,"href":"https:\/\/www.billigtrikotde.com\/es\/wp-json\/wp\/v2\/product_tag?post=18749"}],"curies":[{"name":"wp","href":"https:\/\/api.w.org\/{rel}","templated":true}]}}