{"id":18709,"date":"2024-10-24T10:50:02","date_gmt":"2024-10-24T08:50:02","guid":{"rendered":"http:\/\/billigtrikots.com\/?post_type=product&#038;p=18709"},"modified":"2024-10-24T10:52:42","modified_gmt":"2024-10-24T08:52:42","slug":"trikotsatz-herren-fussball-portugal-trikot-em-2024-heimtrikot-rot-luis-figo-7","status":"publish","type":"product","link":"https:\/\/www.billigtrikotde.com\/es\/trikotsatz-herren-fussball-portugal-trikot-em-2024-heimtrikot-rot-luis-figo-7\/","title":{"rendered":"Camisetas F\u00fatbol Hombre Camisa Portugal Eurocopa 2024 Home Rojo Luis Figo 7"},"content":{"rendered":"<p>La equipaci\u00f3n local de Portugal para la Eurocopa 2024 presenta el cl\u00e1sico color rojo nacional, pero combinado con colores diferentes a los de los \u00faltimos a\u00f1os. Es principalmente roja, combinada con aplicaciones verdes y negras, adem\u00e1s de un beige claro para el sovoosh y los nombres y n\u00fameros. Los colores oficiales son \"Rojo Universidad\/Verde Pino\/Vela\".<\/p>\n<p>La equipaci\u00f3n local de Portugal para la Eurocopa 2024 tiene un cuello negro en contraste con detalles verdes. Es el mismo cuello en contraste que tambi\u00e9n se puede ver en la equipaci\u00f3n local de Francia y en la equipaci\u00f3n visitante de Holanda para la Eurocopa 2024. El negro y el verde tambi\u00e9n se utilizan en los pu\u00f1os y en los paneles laterales.<\/p>\n<p>Consejos para la impresi\u00f3n: Si el nombre y el n\u00famero que aparecen en la imagen son exactamente los que desea, no es necesario que los vuelva a introducir. En caso contrario, deber\u00e1 introducir el nombre y el n\u00famero que desee.<\/p>\n<p>Consejos de lavado: Se recomienda lavar las camisetas de f\u00fatbol a mano. Si desea utilizar la lavadora, recuerde poner las camisetas de f\u00fatbol del rev\u00e9s y luego lavarlas. Llena la lavadora con agua fr\u00eda y utiliza un ciclo delicado para proteger mejor los colores.<\/p>","protected":false},"excerpt":{"rendered":"<p>La camiseta de casa de Portugal para la Euro 2024 muestra el cl\u00e1sico color rojo del pa\u00eds, aunque combinado con otros colores que en los \u00faltimos a\u00f1os. Es principalmente roja, combinada con aplicaciones verdes y negras, m\u00e1s un beige claro para el Sowoosh as\u00ed como los nombres y n\u00fameros. Oficialmente los colores son \u201cUniversity Red\/Pine Green\/Sail\u201d. La camiseta de casa de Portugal para la Euro [\u2026]<\/p>","protected":false},"featured_media":18751,"comment_status":"open","ping_status":"closed","template":"","meta":[],"product_brand":[],"product_cat":[1094],"product_tag":[20,21,22,24,1200,1095],"class_list":{"0":"post-18709","1":"product","2":"type-product","3":"status-publish","4":"has-post-thumbnail","6":"product_cat-em-2024-portugal","7":"product_tag-coole-fussballtrikots","8":"product_tag-fussballtrikot-fuer-herren","9":"product_tag-fussballtrikot-guenstig-kaufen","10":"product_tag-guenstiges-fussballtrikot","11":"product_tag-portugal-trikot-2024","12":"product_tag-portugal-trikot-em-2024","14":"first","15":"instock","16":"shipping-taxable","17":"purchasable","18":"product-type-variable"},"_links":{"self":[{"href":"https:\/\/www.billigtrikotde.com\/es\/wp-json\/wp\/v2\/product\/18709","targetHints":{"allow":["GET"]}}],"collection":[{"href":"https:\/\/www.billigtrikotde.com\/es\/wp-json\/wp\/v2\/product"}],"about":[{"href":"https:\/\/www.billigtrikotde.com\/es\/wp-json\/wp\/v2\/types\/product"}],"replies":[{"embeddable":true,"href":"https:\/\/www.billigtrikotde.com\/es\/wp-json\/wp\/v2\/comments?post=18709"}],"wp:featuredmedia":[{"embeddable":true,"href":"https:\/\/www.billigtrikotde.com\/es\/wp-json\/wp\/v2\/media\/18751"}],"wp:attachment":[{"href":"https:\/\/www.billigtrikotde.com\/es\/wp-json\/wp\/v2\/media?parent=18709"}],"wp:term":[{"taxonomy":"product_brand","embeddable":true,"href":"https:\/\/www.billigtrikotde.com\/es\/wp-json\/wp\/v2\/product_brand?post=18709"},{"taxonomy":"product_cat","embeddable":true,"href":"https:\/\/www.billigtrikotde.com\/es\/wp-json\/wp\/v2\/product_cat?post=18709"},{"taxonomy":"product_tag","embeddable":true,"href":"https:\/\/www.billigtrikotde.com\/es\/wp-json\/wp\/v2\/product_tag?post=18709"}],"curies":[{"name":"wp","href":"https:\/\/api.w.org\/{rel}","templated":true}]}}