{"id":18593,"date":"2024-10-24T10:42:42","date_gmt":"2024-10-24T08:42:42","guid":{"rendered":"http:\/\/billigtrikots.com\/?post_type=product&#038;p=18593"},"modified":"2025-10-16T16:01:53","modified_gmt":"2025-10-16T14:01:53","slug":"real-madrid-2024-25-heimtrikot-weiss-guenstige-fussball-trikotsatz-jude-bellingham-5","status":"publish","type":"product","link":"https:\/\/www.billigtrikotde.com\/es\/real-madrid-2024-25-heimtrikot-weiss-guenstige-fussball-trikotsatz-jude-bellingham-5\/","title":{"rendered":"Real Madrid 2024-25 Home Jersey blanco Camisetas F\u00fatbol Baratas Jude Bellingham 5"},"content":{"rendered":"<p>La camiseta del Real Madrid Club de F\u00fatbol 2024-25 tiene el tradicional color blanco del equipo, combinado con negro para las tres franjas, y la camiseta del Real Madrid 2024-2025 evoca recuerdos de las camisetas de principios de la d\u00e9cada de 2000 gracias a la cl\u00e1sica combinaci\u00f3n de colores y a su sencillo dise\u00f1o.<\/p>\n<p>Consejos para la impresi\u00f3n: Si el nombre y el n\u00famero que aparecen en la imagen son exactamente los que desea, no es necesario que los vuelva a introducir. En caso contrario, deber\u00e1 introducir el nombre y el n\u00famero que desee.<\/p>\n<p>Consejos de lavado: Se recomienda lavar las camisetas de f\u00fatbol a mano. Si desea utilizar la lavadora, recuerde poner las camisetas de f\u00fatbol del rev\u00e9s y luego lavarlas. Llena la lavadora con agua fr\u00eda y utiliza un ciclo delicado para proteger mejor los colores.<\/p>","protected":false},"excerpt":{"rendered":"<p>El Trikot de Real Madrid Club de F\u00fatbol 2024-25 mantiene el color blanco tradicional del equipo, combinado con negro para las tres tiras. El uniforme Real Madrid 2024-2025 evoca, gracias a la combinaci\u00f3n de colores cl\u00e1sica y al dise\u00f1o sencillo, recuerdos de las camisetas de principios de los a\u00f1os 2000. Consejos de impresi\u00f3n: Cuando el nombre y el n\u00famero est\u00e1n en la imagen [\u2026]<\/p>","protected":false},"featured_media":18635,"comment_status":"open","ping_status":"closed","template":"","meta":[],"product_brand":[],"product_cat":[45],"product_tag":[574,21,228,24,1193,1191,489,490,979,47],"class_list":{"0":"post-18593","1":"product","2":"type-product","3":"status-publish","4":"has-post-thumbnail","6":"product_cat-real-madrid","7":"product_tag-fussballtrikot-deutschland","8":"product_tag-fussballtrikot-fuer-herren","9":"product_tag-guenstige-fussballtrikot","10":"product_tag-guenstiges-fussballtrikot","11":"product_tag-jude-bellingham-trikot","12":"product_tag-real-madrid-club-de-futbol-2024-25-trikot","13":"product_tag-real-madrid-fussballtrikot","14":"product_tag-real-madrid-trikot","15":"product_tag-real-madrid-trikot-2024","16":"product_tag-real-madrid-trikots","18":"first","19":"instock","20":"shipping-taxable","21":"purchasable","22":"product-type-variable"},"_links":{"self":[{"href":"https:\/\/www.billigtrikotde.com\/es\/wp-json\/wp\/v2\/product\/18593","targetHints":{"allow":["GET"]}}],"collection":[{"href":"https:\/\/www.billigtrikotde.com\/es\/wp-json\/wp\/v2\/product"}],"about":[{"href":"https:\/\/www.billigtrikotde.com\/es\/wp-json\/wp\/v2\/types\/product"}],"replies":[{"embeddable":true,"href":"https:\/\/www.billigtrikotde.com\/es\/wp-json\/wp\/v2\/comments?post=18593"}],"wp:featuredmedia":[{"embeddable":true,"href":"https:\/\/www.billigtrikotde.com\/es\/wp-json\/wp\/v2\/media\/18635"}],"wp:attachment":[{"href":"https:\/\/www.billigtrikotde.com\/es\/wp-json\/wp\/v2\/media?parent=18593"}],"wp:term":[{"taxonomy":"product_brand","embeddable":true,"href":"https:\/\/www.billigtrikotde.com\/es\/wp-json\/wp\/v2\/product_brand?post=18593"},{"taxonomy":"product_cat","embeddable":true,"href":"https:\/\/www.billigtrikotde.com\/es\/wp-json\/wp\/v2\/product_cat?post=18593"},{"taxonomy":"product_tag","embeddable":true,"href":"https:\/\/www.billigtrikotde.com\/es\/wp-json\/wp\/v2\/product_tag?post=18593"}],"curies":[{"name":"wp","href":"https:\/\/api.w.org\/{rel}","templated":true}]}}