{"id":18559,"date":"2024-10-24T10:40:43","date_gmt":"2024-10-24T08:40:43","guid":{"rendered":"http:\/\/billigtrikots.com\/?post_type=product&#038;p=18559"},"modified":"2024-11-17T00:40:10","modified_gmt":"2024-11-16T23:40:10","slug":"fussballtrikots-guenstig-bayern-munich-heimtrikot-2024-2025-in-rot","status":"publish","type":"product","link":"https:\/\/www.billigtrikotde.com\/es\/fussballtrikots-guenstig-bayern-munich-heimtrikot-2024-2025-in-rot\/","title":{"rendered":"Camisetas de f\u00fatbol Baratas camiseta de f\u00fatbol bayern Munich home 2024-2025 en rojo"},"content":{"rendered":"<p>La camiseta del Bayern 2024-2025 \"presenta tres tonos diferentes de rojo para captar la identidad, la emoci\u00f3n y el dramatismo del juego\" y como homenaje a la consecuci\u00f3n del triplete en la historia del club, la camiseta del Bayern de M\u00fanich 2024-2025 hace honor al apodo del club, \"Die Roten\", presentando \u00fanicamente diferentes tonos de rojo.La camiseta de f\u00fatbol FC Bayern M\u00fcnchen 2024-2025 tiene el color cl\u00e1sico del club (\"FCB Red\") como color principal, combinado con un rojo m\u00e1s oscuro para las franjas de la parte delantera (\"Team Power Red\") y un granate muy, muy oscuro (\"Shadow Maroon\") para los apliques.<\/p>\n<p>Consejos para la impresi\u00f3n: Si el nombre y el n\u00famero que aparecen en la imagen son exactamente los que desea, no es necesario que los vuelva a introducir. En caso contrario, deber\u00e1 introducir el nombre y el n\u00famero que desee.<\/p>\n<p>Consejos de lavado: Se recomienda lavar las camisetas de f\u00fatbol a mano. Si desea utilizar la lavadora, recuerde poner las camisetas de f\u00fatbol del rev\u00e9s y luego lavarlas. Llena la lavadora con agua fr\u00eda y utiliza un ciclo delicado para proteger mejor los colores.<\/p>","protected":false},"excerpt":{"rendered":"<p>Das Bayern Trikot 2024-2025 &#8222;zeigt drei verschiedene Rott\u00f6ne, um die Identit\u00e4t, die Emotionen und die Dramatik des Spiels einzufangen&#8220; und als Hommage an das gewonnene Triple in der Geschichte des Vereins.Das Bayern M\u00fcnchen 2024-2025 Trikot macht dem Spitznamen des Vereins, &#8222;Die Roten&#8220;, alle Ehre, indem es nur verschiedene Rott\u00f6ne hat.Das FC Bayern M\u00fcnchen 2024-2025 Fu\u00dfballtrikot [&hellip;]<\/p>","protected":false},"featured_media":18608,"comment_status":"open","ping_status":"closed","template":"","meta":[],"product_brand":[],"product_cat":[175],"product_tag":[1189,137,604,605,20,574,21,23,24],"class_list":{"0":"post-18559","1":"product","2":"type-product","3":"status-publish","4":"has-post-thumbnail","6":"product_cat-bayern-munich","7":"product_tag-bayern-muenchen-24-25-trikot","8":"product_tag-bayern-muenchen-trikots","9":"product_tag-bayern-munich-fussballtrikot","10":"product_tag-bayern-munich-trikot","11":"product_tag-coole-fussballtrikots","12":"product_tag-fussballtrikot-deutschland","13":"product_tag-fussballtrikot-fuer-herren","14":"product_tag-fussballtrikot-kurzarm","15":"product_tag-guenstiges-fussballtrikot","17":"first","18":"instock","19":"shipping-taxable","20":"purchasable","21":"product-type-variable"},"_links":{"self":[{"href":"https:\/\/www.billigtrikotde.com\/es\/wp-json\/wp\/v2\/product\/18559","targetHints":{"allow":["GET"]}}],"collection":[{"href":"https:\/\/www.billigtrikotde.com\/es\/wp-json\/wp\/v2\/product"}],"about":[{"href":"https:\/\/www.billigtrikotde.com\/es\/wp-json\/wp\/v2\/types\/product"}],"replies":[{"embeddable":true,"href":"https:\/\/www.billigtrikotde.com\/es\/wp-json\/wp\/v2\/comments?post=18559"}],"wp:featuredmedia":[{"embeddable":true,"href":"https:\/\/www.billigtrikotde.com\/es\/wp-json\/wp\/v2\/media\/18608"}],"wp:attachment":[{"href":"https:\/\/www.billigtrikotde.com\/es\/wp-json\/wp\/v2\/media?parent=18559"}],"wp:term":[{"taxonomy":"product_brand","embeddable":true,"href":"https:\/\/www.billigtrikotde.com\/es\/wp-json\/wp\/v2\/product_brand?post=18559"},{"taxonomy":"product_cat","embeddable":true,"href":"https:\/\/www.billigtrikotde.com\/es\/wp-json\/wp\/v2\/product_cat?post=18559"},{"taxonomy":"product_tag","embeddable":true,"href":"https:\/\/www.billigtrikotde.com\/es\/wp-json\/wp\/v2\/product_tag?post=18559"}],"curies":[{"name":"wp","href":"https:\/\/api.w.org\/{rel}","templated":true}]}}