{"id":18358,"date":"2024-10-24T10:29:26","date_gmt":"2024-10-24T08:29:26","guid":{"rendered":"http:\/\/billigtrikots.com\/?post_type=product&#038;p=18358"},"modified":"2024-10-24T10:32:32","modified_gmt":"2024-10-24T08:32:32","slug":"guenstige-fussballtrikots-herren-argentinien-auswaertstrikot-2024-25-mit-aufdruck-lionel-messi","status":"publish","type":"product","link":"https:\/\/www.billigtrikotde.com\/es\/guenstige-fussballtrikots-herren-argentinien-auswaertstrikot-2024-25-mit-aufdruck-lionel-messi\/","title":{"rendered":"Camisetas F\u00fatbol Baratas Hombre Camiseta Argentina Away 2024-25 con Lionel Messi Impreso"},"content":{"rendered":"<p>Camisetas F\u00fatbol Baratas Hombre Argentina Away Shirt 2024-25 con Lionel Messi PrintThe Argentina 2024 away kit combines a royal blue base colour with the colours of the Argentinian flag, white and sky blue. El color azul de la equipaci\u00f3n de Argentina 2024 es similar al de las equipaciones de Argentina hasta finales de la d\u00e9cada de 1990, antes de que el azul marino se convirtiera en la elecci\u00f3n habitual. El escudo de la asociaci\u00f3n ser\u00e1 bicolor, en celeste y blanco. Lo que hace \u00fanica a la equipaci\u00f3n de Argentina 2024 es un detalle que nos trae recuerdos del Mundial 2006: el lateral tiene un panel similar al del esp\u00edritu de equipo, con los colores celeste y blanco de la bandera argentina. La camiseta visitante de Argentina 2006 fue la que visti\u00f3 Messi en su debut mundialista, y la de 2024 es un claro homenaje a ese dise\u00f1o.<\/p>\n<p>Consejos para la impresi\u00f3n: Si el nombre y el n\u00famero que aparecen en la imagen son exactamente los que desea, no es necesario que los vuelva a introducir. En caso contrario, deber\u00e1 introducir el nombre y el n\u00famero que desee.<\/p>\n<p>Consejos de lavado: Se recomienda lavar las camisetas de f\u00fatbol a mano. Si desea utilizar la lavadora, recuerde poner las camisetas de f\u00fatbol del rev\u00e9s y luego lavarlas. Llena la lavadora con agua fr\u00eda y utiliza un ciclo delicado para proteger mejor los colores.<\/p>","protected":false},"excerpt":{"rendered":"<p>G\u00fcnstige Fu\u00dfballtrikots Herren Argentinien Ausw\u00e4rtstrikot 2024-25 mit Aufdruck Lionel Messi.Das Argentinien 2024 Ausw\u00e4rtstrikot kombiniert eine k\u00f6nigsblaue Grundfarbe mit den Farben der argentinischen Flagge, Wei\u00df und Himmelblau. Die Three Stripes sind wahrscheinlich hellblau, das AFA-Wappen ist himmelblau und wei\u00df.Die blaue Farbe des Argentinien 2024-Ausw\u00e4rtstrikots \u00e4hnelt der Farbe der argentinischen Ausw\u00e4rtstrikots bis Ende der 90er Jahre, bevor [&hellip;]<\/p>","protected":false},"featured_media":18403,"comment_status":"open","ping_status":"closed","template":"","meta":[],"product_brand":[],"product_cat":[325],"product_tag":[1186,1119,20,21,22,24],"class_list":{"0":"post-18358","1":"product","2":"type-product","3":"status-publish","4":"has-post-thumbnail","6":"product_cat-argentinien-trikots","7":"product_tag-argentinien-2024-25-trikots","8":"product_tag-argentinien-fussballtrikots","9":"product_tag-coole-fussballtrikots","10":"product_tag-fussballtrikot-fuer-herren","11":"product_tag-fussballtrikot-guenstig-kaufen","12":"product_tag-guenstiges-fussballtrikot","14":"first","15":"instock","16":"shipping-taxable","17":"purchasable","18":"product-type-variable"},"_links":{"self":[{"href":"https:\/\/www.billigtrikotde.com\/es\/wp-json\/wp\/v2\/product\/18358","targetHints":{"allow":["GET"]}}],"collection":[{"href":"https:\/\/www.billigtrikotde.com\/es\/wp-json\/wp\/v2\/product"}],"about":[{"href":"https:\/\/www.billigtrikotde.com\/es\/wp-json\/wp\/v2\/types\/product"}],"replies":[{"embeddable":true,"href":"https:\/\/www.billigtrikotde.com\/es\/wp-json\/wp\/v2\/comments?post=18358"}],"wp:featuredmedia":[{"embeddable":true,"href":"https:\/\/www.billigtrikotde.com\/es\/wp-json\/wp\/v2\/media\/18403"}],"wp:attachment":[{"href":"https:\/\/www.billigtrikotde.com\/es\/wp-json\/wp\/v2\/media?parent=18358"}],"wp:term":[{"taxonomy":"product_brand","embeddable":true,"href":"https:\/\/www.billigtrikotde.com\/es\/wp-json\/wp\/v2\/product_brand?post=18358"},{"taxonomy":"product_cat","embeddable":true,"href":"https:\/\/www.billigtrikotde.com\/es\/wp-json\/wp\/v2\/product_cat?post=18358"},{"taxonomy":"product_tag","embeddable":true,"href":"https:\/\/www.billigtrikotde.com\/es\/wp-json\/wp\/v2\/product_tag?post=18358"}],"curies":[{"name":"wp","href":"https:\/\/api.w.org\/{rel}","templated":true}]}}