{"id":18284,"date":"2024-10-24T10:25:32","date_gmt":"2024-10-24T08:25:32","guid":{"rendered":"http:\/\/billigtrikots.com\/?post_type=product&#038;p=18284"},"modified":"2024-10-24T10:28:40","modified_gmt":"2024-10-24T08:28:40","slug":"neues-herren-kolumbien-auswaertstrikot-copa-america-2024","status":"publish","type":"product","link":"https:\/\/www.billigtrikotde.com\/es\/neues-herren-kolumbien-auswaertstrikot-copa-america-2024\/","title":{"rendered":"Nueva camiseta de visitante de Colombia para hombre Copa Am\u00e9rica 2024"},"content":{"rendered":"<p>La camiseta visitante de Colombia 2024 tiene una moderna combinaci\u00f3n de colores. El dise\u00f1o de la camiseta visitante de Colombia 2024 para la Copa Am\u00e9rica es sutilmente moderno y, al mismo tiempo, utiliza la plantilla 2024 como reclamo. Tanto la parte superior como la inferior de la camiseta son de un llamativo color naranja.<\/p>","protected":false},"excerpt":{"rendered":"<p>La camiseta visitante de Colombia 2024 tiene una moderna combinaci\u00f3n de colores. El dise\u00f1o de la camiseta visitante de Colombia 2024 para la Copa Am\u00e9rica es sutilmente moderno y, al mismo tiempo, utiliza la plantilla 2024 como reclamo. Tanto la parte superior como la inferior de la camiseta son de un llamativo color naranja.<\/p>","protected":false},"featured_media":18328,"comment_status":"open","ping_status":"closed","template":"","meta":[],"product_brand":[],"product_cat":[1158],"product_tag":[20,21,22,24,1159,1160,1161,1162],"class_list":{"0":"post-18284","1":"product","2":"type-product","3":"status-publish","4":"has-post-thumbnail","6":"product_cat-kolumbien-trikots","7":"product_tag-coole-fussballtrikots","8":"product_tag-fussballtrikot-fuer-herren","9":"product_tag-fussballtrikot-guenstig-kaufen","10":"product_tag-guenstiges-fussballtrikot","11":"product_tag-kolumbien-auswaerts-2024","12":"product_tag-kolumbien-copa-america-2024","13":"product_tag-kolumbien-fussballtrikots","14":"product_tag-kolumbien-heim-2024","16":"first","17":"instock","18":"shipping-taxable","19":"purchasable","20":"product-type-variable"},"_links":{"self":[{"href":"https:\/\/www.billigtrikotde.com\/es\/wp-json\/wp\/v2\/product\/18284","targetHints":{"allow":["GET"]}}],"collection":[{"href":"https:\/\/www.billigtrikotde.com\/es\/wp-json\/wp\/v2\/product"}],"about":[{"href":"https:\/\/www.billigtrikotde.com\/es\/wp-json\/wp\/v2\/types\/product"}],"replies":[{"embeddable":true,"href":"https:\/\/www.billigtrikotde.com\/es\/wp-json\/wp\/v2\/comments?post=18284"}],"wp:featuredmedia":[{"embeddable":true,"href":"https:\/\/www.billigtrikotde.com\/es\/wp-json\/wp\/v2\/media\/18328"}],"wp:attachment":[{"href":"https:\/\/www.billigtrikotde.com\/es\/wp-json\/wp\/v2\/media?parent=18284"}],"wp:term":[{"taxonomy":"product_brand","embeddable":true,"href":"https:\/\/www.billigtrikotde.com\/es\/wp-json\/wp\/v2\/product_brand?post=18284"},{"taxonomy":"product_cat","embeddable":true,"href":"https:\/\/www.billigtrikotde.com\/es\/wp-json\/wp\/v2\/product_cat?post=18284"},{"taxonomy":"product_tag","embeddable":true,"href":"https:\/\/www.billigtrikotde.com\/es\/wp-json\/wp\/v2\/product_tag?post=18284"}],"curies":[{"name":"wp","href":"https:\/\/api.w.org\/{rel}","templated":true}]}}