{"id":18246,"date":"2024-10-24T10:23:45","date_gmt":"2024-10-24T08:23:45","guid":{"rendered":"http:\/\/billigtrikots.com\/?post_type=product&#038;p=18246"},"modified":"2024-10-24T10:26:29","modified_gmt":"2024-10-24T08:26:29","slug":"billige-argentinien-heimtrikot-copa-america-2024-mit-aufdruck-l-martinez-22","status":"publish","type":"product","link":"https:\/\/www.billigtrikotde.com\/es\/billige-argentinien-heimtrikot-copa-america-2024-mit-aufdruck-l-martinez-22\/","title":{"rendered":"Camiseta local Argentina Copa Am\u00e9rica 2024 barata con estampado L.Martinez 22"},"content":{"rendered":"<p>La camiseta de Argentina 2024 presenta las tradicionales rayas blancas y celestes del pa\u00eds, combinadas con logotipos dorados, apliques y letras doradas.Argentina gan\u00f3 tanto la Copa Am\u00e9rica 2021 como el Mundial 2022, por lo que los elementos dorados son un justo homenaje.Las rayas de la camiseta de Argentina 2024 son cl\u00e1sicas, con una franja azul en el centro y las rayas blancas con el logotipo de la AFA.Argentina utiliza un logotipo de 3 estrellas ligeramente actualizado, con la tercera estrella situada ligeramente m\u00e1s arriba que en los dos primeros Mundiales.<\/p>","protected":false},"excerpt":{"rendered":"<p>Das Argentinien 2024 Trikot zeigt die traditionellen wei\u00dfen und himmelblauen Streifen des Landes, kombiniert mit goldenen Logos, Applikationen und einer goldenen Schrift.Argentinien hat sowohl die Copa Am\u00e9rica 2021 als auch die Weltmeisterschaft 2022 gewonnen, daher sind die goldenen Elemente eine passende Hommage.Die Streifen des Argentinien-Trikots 2024 sind klassisch, mit einem blauen Streifen in der Mitte [&hellip;]<\/p>","protected":false},"featured_media":18297,"comment_status":"open","ping_status":"closed","template":"","meta":[],"product_brand":[],"product_cat":[325],"product_tag":[1118,1119,20,21,22,24,1133,1134,1135,1136,1137],"class_list":{"0":"post-18246","1":"product","2":"type-product","3":"status-publish","4":"has-post-thumbnail","6":"product_cat-argentinien-trikots","7":"product_tag-argentinien-copa-america-2024","8":"product_tag-argentinien-fussballtrikots","9":"product_tag-coole-fussballtrikots","10":"product_tag-fussballtrikot-fuer-herren","11":"product_tag-fussballtrikot-guenstig-kaufen","12":"product_tag-guenstiges-fussballtrikot","13":"product_tag-l-martinez-auswaerts-2024","14":"product_tag-l-martinez-copa-america-2024","15":"product_tag-l-martinez-fussballtrikots","16":"product_tag-l-martinez-heim-2024","17":"product_tag-l-martinez-kinder","19":"first","20":"instock","21":"shipping-taxable","22":"purchasable","23":"product-type-variable"},"_links":{"self":[{"href":"https:\/\/www.billigtrikotde.com\/es\/wp-json\/wp\/v2\/product\/18246","targetHints":{"allow":["GET"]}}],"collection":[{"href":"https:\/\/www.billigtrikotde.com\/es\/wp-json\/wp\/v2\/product"}],"about":[{"href":"https:\/\/www.billigtrikotde.com\/es\/wp-json\/wp\/v2\/types\/product"}],"replies":[{"embeddable":true,"href":"https:\/\/www.billigtrikotde.com\/es\/wp-json\/wp\/v2\/comments?post=18246"}],"wp:featuredmedia":[{"embeddable":true,"href":"https:\/\/www.billigtrikotde.com\/es\/wp-json\/wp\/v2\/media\/18297"}],"wp:attachment":[{"href":"https:\/\/www.billigtrikotde.com\/es\/wp-json\/wp\/v2\/media?parent=18246"}],"wp:term":[{"taxonomy":"product_brand","embeddable":true,"href":"https:\/\/www.billigtrikotde.com\/es\/wp-json\/wp\/v2\/product_brand?post=18246"},{"taxonomy":"product_cat","embeddable":true,"href":"https:\/\/www.billigtrikotde.com\/es\/wp-json\/wp\/v2\/product_cat?post=18246"},{"taxonomy":"product_tag","embeddable":true,"href":"https:\/\/www.billigtrikotde.com\/es\/wp-json\/wp\/v2\/product_tag?post=18246"}],"curies":[{"name":"wp","href":"https:\/\/api.w.org\/{rel}","templated":true}]}}