{"id":18232,"date":"2024-10-24T10:23:08","date_gmt":"2024-10-24T08:23:08","guid":{"rendered":"http:\/\/billigtrikots.com\/?post_type=product&#038;p=18232"},"modified":"2024-10-24T10:25:55","modified_gmt":"2024-10-24T08:25:55","slug":"ungarn-euro-2024-heimtrikot-em-24-25-im-sale","status":"publish","type":"product","link":"https:\/\/www.billigtrikotde.com\/es\/ungarn-euro-2024-heimtrikot-em-24-25-im-sale\/","title":{"rendered":"Hungr\u00eda EURO 2024 Home Jersey EM 24-25 a la venta"},"content":{"rendered":"<p>La camiseta de Hungr\u00eda 2024 tiene el tradicional color rojo con detalles en verde y blanco, el logotipo blanco est\u00e1 en el centro del pecho entre las dos insignias del f\u00fatbol h\u00fangaro que siempre est\u00e1n visibles en las camisetas y las palabras \"Magyarorsz\u00e1g\" (Hungr\u00eda) est\u00e1n impresas en la nuca.<\/p>","protected":false},"excerpt":{"rendered":"<p>La camiseta de Hungr\u00eda 2024 tiene el tradicional color rojo con detalles en verde y blanco, el logotipo blanco est\u00e1 en el centro del pecho entre las dos insignias del f\u00fatbol h\u00fangaro que siempre est\u00e1n visibles en las camisetas y las palabras \"Magyarorsz\u00e1g\" (Hungr\u00eda) est\u00e1n impresas en la nuca.<\/p>","protected":false},"featured_media":18285,"comment_status":"open","ping_status":"closed","template":"","meta":[],"product_brand":[],"product_cat":[1072,1116],"product_tag":[20,1076,1077,21,22,23,24,1117],"class_list":{"0":"post-18232","1":"product","2":"type-product","3":"status-publish","4":"has-post-thumbnail","6":"product_cat-em-2024-trikots","7":"product_cat-em-2024-ungarn","8":"product_tag-coole-fussballtrikots","9":"product_tag-em-2024-trikot","10":"product_tag-em-2024-trikot-herren","11":"product_tag-fussballtrikot-fuer-herren","12":"product_tag-fussballtrikot-guenstig-kaufen","13":"product_tag-fussballtrikot-kurzarm","14":"product_tag-guenstiges-fussballtrikot","15":"product_tag-ungarn-trikot-em-2024","17":"first","18":"instock","19":"shipping-taxable","20":"purchasable","21":"product-type-variable"},"_links":{"self":[{"href":"https:\/\/www.billigtrikotde.com\/es\/wp-json\/wp\/v2\/product\/18232","targetHints":{"allow":["GET"]}}],"collection":[{"href":"https:\/\/www.billigtrikotde.com\/es\/wp-json\/wp\/v2\/product"}],"about":[{"href":"https:\/\/www.billigtrikotde.com\/es\/wp-json\/wp\/v2\/types\/product"}],"replies":[{"embeddable":true,"href":"https:\/\/www.billigtrikotde.com\/es\/wp-json\/wp\/v2\/comments?post=18232"}],"wp:featuredmedia":[{"embeddable":true,"href":"https:\/\/www.billigtrikotde.com\/es\/wp-json\/wp\/v2\/media\/18285"}],"wp:attachment":[{"href":"https:\/\/www.billigtrikotde.com\/es\/wp-json\/wp\/v2\/media?parent=18232"}],"wp:term":[{"taxonomy":"product_brand","embeddable":true,"href":"https:\/\/www.billigtrikotde.com\/es\/wp-json\/wp\/v2\/product_brand?post=18232"},{"taxonomy":"product_cat","embeddable":true,"href":"https:\/\/www.billigtrikotde.com\/es\/wp-json\/wp\/v2\/product_cat?post=18232"},{"taxonomy":"product_tag","embeddable":true,"href":"https:\/\/www.billigtrikotde.com\/es\/wp-json\/wp\/v2\/product_tag?post=18232"}],"curies":[{"name":"wp","href":"https:\/\/api.w.org\/{rel}","templated":true}]}}