{"id":18220,"date":"2024-10-24T10:22:31","date_gmt":"2024-10-24T08:22:31","guid":{"rendered":"http:\/\/billigtrikots.com\/?post_type=product&#038;p=18220"},"modified":"2024-10-24T10:25:22","modified_gmt":"2024-10-24T08:25:22","slug":"herren-tuerkei-euro-2024-auswaertstrikot-em-24-25-rot-kurzarm","status":"publish","type":"product","link":"https:\/\/www.billigtrikotde.com\/es\/herren-tuerkei-euro-2024-auswaertstrikot-em-24-25-rot-kurzarm\/","title":{"rendered":"Camiseta de visitante de Turqu\u00eda Euro 2024 EM 24-25 roja de manga corta para hombre"},"content":{"rendered":"<p>La camiseta visitante de Turqu\u00eda para la Euro 2024 combina un rojo est\u00e1ndar con un rojo m\u00e1s oscuro para aplicaciones y logotipos blancos. Como otras camisetas de f\u00fatbol de 2024, tambi\u00e9n la camiseta de la Euro 2024 de Turqu\u00eda tiene un cuello especial. Para Turqu\u00eda, el cuello tiene una construcci\u00f3n de superposici\u00f3n inteligente.<\/p>","protected":false},"excerpt":{"rendered":"<p>La camiseta visitante de Turqu\u00eda para la Euro 2024 combina un rojo est\u00e1ndar con un rojo m\u00e1s oscuro para aplicaciones y logotipos blancos. Como otras camisetas de f\u00fatbol de 2024, tambi\u00e9n la camiseta de la Euro 2024 de Turqu\u00eda tiene un cuello especial. Para Turqu\u00eda, el cuello tiene una construcci\u00f3n de superposici\u00f3n inteligente.<\/p>","protected":false},"featured_media":18273,"comment_status":"open","ping_status":"closed","template":"","meta":[],"product_brand":[],"product_cat":[1072,1114],"product_tag":[20,1076,1077,21,22,23,24,1115],"class_list":{"0":"post-18220","1":"product","2":"type-product","3":"status-publish","4":"has-post-thumbnail","6":"product_cat-em-2024-trikots","7":"product_cat-em-2024-tuerkei","8":"product_tag-coole-fussballtrikots","9":"product_tag-em-2024-trikot","10":"product_tag-em-2024-trikot-herren","11":"product_tag-fussballtrikot-fuer-herren","12":"product_tag-fussballtrikot-guenstig-kaufen","13":"product_tag-fussballtrikot-kurzarm","14":"product_tag-guenstiges-fussballtrikot","15":"product_tag-tuerkei-trikot-em-2024","17":"first","18":"instock","19":"shipping-taxable","20":"purchasable","21":"product-type-variable"},"_links":{"self":[{"href":"https:\/\/www.billigtrikotde.com\/es\/wp-json\/wp\/v2\/product\/18220","targetHints":{"allow":["GET"]}}],"collection":[{"href":"https:\/\/www.billigtrikotde.com\/es\/wp-json\/wp\/v2\/product"}],"about":[{"href":"https:\/\/www.billigtrikotde.com\/es\/wp-json\/wp\/v2\/types\/product"}],"replies":[{"embeddable":true,"href":"https:\/\/www.billigtrikotde.com\/es\/wp-json\/wp\/v2\/comments?post=18220"}],"wp:featuredmedia":[{"embeddable":true,"href":"https:\/\/www.billigtrikotde.com\/es\/wp-json\/wp\/v2\/media\/18273"}],"wp:attachment":[{"href":"https:\/\/www.billigtrikotde.com\/es\/wp-json\/wp\/v2\/media?parent=18220"}],"wp:term":[{"taxonomy":"product_brand","embeddable":true,"href":"https:\/\/www.billigtrikotde.com\/es\/wp-json\/wp\/v2\/product_brand?post=18220"},{"taxonomy":"product_cat","embeddable":true,"href":"https:\/\/www.billigtrikotde.com\/es\/wp-json\/wp\/v2\/product_cat?post=18220"},{"taxonomy":"product_tag","embeddable":true,"href":"https:\/\/www.billigtrikotde.com\/es\/wp-json\/wp\/v2\/product_tag?post=18220"}],"curies":[{"name":"wp","href":"https:\/\/api.w.org\/{rel}","templated":true}]}}