{"id":18137,"date":"2024-10-24T10:18:29","date_gmt":"2024-10-24T08:18:29","guid":{"rendered":"http:\/\/billigtrikots.com\/?post_type=product&#038;p=18137"},"modified":"2024-10-24T10:21:16","modified_gmt":"2024-10-24T08:21:16","slug":"herren-frankreich-euro-2024-heimtrikot-em-24-25-blau-kurzarm","status":"publish","type":"product","link":"https:\/\/www.billigtrikotde.com\/es\/herren-frankreich-euro-2024-heimtrikot-em-24-25-blau-kurzarm\/","title":{"rendered":"Camiseta local de Francia EURO 2024 de hombre EM 24-25 azul manga corta"},"content":{"rendered":"<p>La camiseta de Francia 2024 tiene un dise\u00f1o cl\u00e1sico pero elegante. Est\u00e1 principalmente en \u00abBright Blue\u00bb y se diferencia del azul marino de 2022. Combinada con este tono de azul est\u00e1n el \u00abUniversity Red\u00bb y el blanco. Lo m\u00e1s destacado de la camiseta de Francia 2024 probablemente sea el escudo. Despu\u00e9s del enfoque monocrom\u00e1tico de todas las camisetas anteriores de Francia, el swoosh introduce un nuevo esquema de colores cl\u00e1sico del famoso logo FFF.<\/p>","protected":false},"excerpt":{"rendered":"<p>Das Frankreich 2024 Trikot hat ein klassisches, aber stilvolles Design. Es ist haupts\u00e4chlich in \u201eBright Blue\u201c gehalten und weicht damit vom Marineblau des Jahres 2022 ab. Kombiniert mit diesem Blauton sind \u201eUniversity Red\u201c und Wei\u00df.Das Bemerkenswerteste am Trikot Frankreich 2024 ist wahrscheinlich das Wappen. Nach dem monochromen Ansatz aller bisherigen Frankreich-Trikots f\u00fchrt der Swoosh ein [&hellip;]<\/p>","protected":false},"featured_media":18189,"comment_status":"open","ping_status":"closed","template":"","meta":[],"product_brand":[],"product_cat":[1098,1072],"product_tag":[20,1076,1077,1099,21,22,23,24],"class_list":{"0":"post-18137","1":"product","2":"type-product","3":"status-publish","4":"has-post-thumbnail","6":"product_cat-em-2024-frankreich","7":"product_cat-em-2024-trikots","8":"product_tag-coole-fussballtrikots","9":"product_tag-em-2024-trikot","10":"product_tag-em-2024-trikot-herren","11":"product_tag-frankreich-trikot-em-2024","12":"product_tag-fussballtrikot-fuer-herren","13":"product_tag-fussballtrikot-guenstig-kaufen","14":"product_tag-fussballtrikot-kurzarm","15":"product_tag-guenstiges-fussballtrikot","17":"first","18":"instock","19":"shipping-taxable","20":"purchasable","21":"product-type-variable"},"_links":{"self":[{"href":"https:\/\/www.billigtrikotde.com\/es\/wp-json\/wp\/v2\/product\/18137","targetHints":{"allow":["GET"]}}],"collection":[{"href":"https:\/\/www.billigtrikotde.com\/es\/wp-json\/wp\/v2\/product"}],"about":[{"href":"https:\/\/www.billigtrikotde.com\/es\/wp-json\/wp\/v2\/types\/product"}],"replies":[{"embeddable":true,"href":"https:\/\/www.billigtrikotde.com\/es\/wp-json\/wp\/v2\/comments?post=18137"}],"wp:featuredmedia":[{"embeddable":true,"href":"https:\/\/www.billigtrikotde.com\/es\/wp-json\/wp\/v2\/media\/18189"}],"wp:attachment":[{"href":"https:\/\/www.billigtrikotde.com\/es\/wp-json\/wp\/v2\/media?parent=18137"}],"wp:term":[{"taxonomy":"product_brand","embeddable":true,"href":"https:\/\/www.billigtrikotde.com\/es\/wp-json\/wp\/v2\/product_brand?post=18137"},{"taxonomy":"product_cat","embeddable":true,"href":"https:\/\/www.billigtrikotde.com\/es\/wp-json\/wp\/v2\/product_cat?post=18137"},{"taxonomy":"product_tag","embeddable":true,"href":"https:\/\/www.billigtrikotde.com\/es\/wp-json\/wp\/v2\/product_tag?post=18137"}],"curies":[{"name":"wp","href":"https:\/\/api.w.org\/{rel}","templated":true}]}}