{"id":18077,"date":"2024-10-24T10:15:06","date_gmt":"2024-10-24T08:15:06","guid":{"rendered":"http:\/\/billigtrikots.com\/?post_type=product&#038;p=18077"},"modified":"2024-10-24T10:17:50","modified_gmt":"2024-10-24T08:17:50","slug":"herren-portugal-euro-2024-auswaertstrikot-em-24-25-kurzarm","status":"publish","type":"product","link":"https:\/\/www.billigtrikotde.com\/es\/herren-portugal-euro-2024-auswaertstrikot-em-24-25-kurzarm\/","title":{"rendered":"Camiseta exterior de manga corta para hombre de Portugal EURO 2024 EM 24-25"},"content":{"rendered":"<p>La camiseta visitante de Portugal 2024 tiene un dise\u00f1o estrechamente ligado a la historia de Portugal. El azulejo es un tipo de azulejo portugu\u00e9s y espa\u00f1ol de cer\u00e1mica vidriada con esta\u00f1o. El azulejo es un tipo de baldosa de cer\u00e1mica esmaltada en esta\u00f1o, portuguesa y espa\u00f1ola, que suele utilizarse para decorar paredes y suelos.<\/p>\n<p>Los colores siguen el esquema de la camiseta de visitante para la Copa del Mundo de 2022. Al igual que la camiseta para Qatar, la nueva camiseta exterior de Portugal 2024 es principalmente en colores vela.Portugal Euro 2024 camiseta exterior con azul claro y un azul marino muy oscuro, \"University Blue\" y \"Pitch Blue\".<\/p>","protected":false},"excerpt":{"rendered":"<p>La camiseta visitante de Portugal 2024 tiene un dise\u00f1o estrechamente ligado a la historia de Portugal. El azulejo es un tipo de azulejo portugu\u00e9s y espa\u00f1ol de cer\u00e1mica vidriada con esta\u00f1o. El azulejo es un tipo de baldosa de cer\u00e1mica esmaltada en esta\u00f1o, portuguesa y espa\u00f1ola, que suele utilizarse para decorar paredes y suelos.<\/p>","protected":false},"featured_media":18121,"comment_status":"open","ping_status":"closed","template":"","meta":[],"product_brand":[],"product_cat":[1094,1072],"product_tag":[20,1076,1077,21,22,23,24,1095],"class_list":{"0":"post-18077","1":"product","2":"type-product","3":"status-publish","4":"has-post-thumbnail","6":"product_cat-em-2024-portugal","7":"product_cat-em-2024-trikots","8":"product_tag-coole-fussballtrikots","9":"product_tag-em-2024-trikot","10":"product_tag-em-2024-trikot-herren","11":"product_tag-fussballtrikot-fuer-herren","12":"product_tag-fussballtrikot-guenstig-kaufen","13":"product_tag-fussballtrikot-kurzarm","14":"product_tag-guenstiges-fussballtrikot","15":"product_tag-portugal-trikot-em-2024","17":"first","18":"instock","19":"shipping-taxable","20":"purchasable","21":"product-type-variable"},"_links":{"self":[{"href":"https:\/\/www.billigtrikotde.com\/es\/wp-json\/wp\/v2\/product\/18077","targetHints":{"allow":["GET"]}}],"collection":[{"href":"https:\/\/www.billigtrikotde.com\/es\/wp-json\/wp\/v2\/product"}],"about":[{"href":"https:\/\/www.billigtrikotde.com\/es\/wp-json\/wp\/v2\/types\/product"}],"replies":[{"embeddable":true,"href":"https:\/\/www.billigtrikotde.com\/es\/wp-json\/wp\/v2\/comments?post=18077"}],"wp:featuredmedia":[{"embeddable":true,"href":"https:\/\/www.billigtrikotde.com\/es\/wp-json\/wp\/v2\/media\/18121"}],"wp:attachment":[{"href":"https:\/\/www.billigtrikotde.com\/es\/wp-json\/wp\/v2\/media?parent=18077"}],"wp:term":[{"taxonomy":"product_brand","embeddable":true,"href":"https:\/\/www.billigtrikotde.com\/es\/wp-json\/wp\/v2\/product_brand?post=18077"},{"taxonomy":"product_cat","embeddable":true,"href":"https:\/\/www.billigtrikotde.com\/es\/wp-json\/wp\/v2\/product_cat?post=18077"},{"taxonomy":"product_tag","embeddable":true,"href":"https:\/\/www.billigtrikotde.com\/es\/wp-json\/wp\/v2\/product_tag?post=18077"}],"curies":[{"name":"wp","href":"https:\/\/api.w.org\/{rel}","templated":true}]}}