{"id":18073,"date":"2024-10-24T10:15:02","date_gmt":"2024-10-24T08:15:02","guid":{"rendered":"http:\/\/billigtrikots.com\/?post_type=product&#038;p=18073"},"modified":"2024-10-24T10:17:48","modified_gmt":"2024-10-24T08:17:48","slug":"kinder-belgien-euro-2024-heimtrikot-em-24-25-kurzarm-kurze-hosen","status":"publish","type":"product","link":"https:\/\/www.billigtrikotde.com\/es\/kinder-belgien-euro-2024-heimtrikot-em-24-25-kurzarm-kurze-hosen\/","title":{"rendered":"Camiseta local de B\u00e9lgica de la Eurocopa 2024 EM 24-25 manga corta + pantal\u00f3n corto"},"content":{"rendered":"<p>La nueva camiseta de B\u00e9lgica para Euro 2024 representa un gran cambio en comparaci\u00f3n con las camisetas de local anteriores del equipo. En lugar de un rojo brillante, la camiseta de B\u00e9lgica 2024 es principalmente granate.<\/p>","protected":false},"excerpt":{"rendered":"<p>La nueva camiseta de B\u00e9lgica para Euro 2024 representa un gran cambio en comparaci\u00f3n con las camisetas de local anteriores del equipo. En lugar de un rojo brillante, la camiseta de B\u00e9lgica 2024 es principalmente granate.<\/p>","protected":false},"featured_media":18113,"comment_status":"open","ping_status":"closed","template":"","meta":[],"product_brand":[],"product_cat":[1083,1072],"product_tag":[1084,20,1076,1077,21,22,23,24],"class_list":{"0":"post-18073","1":"product","2":"type-product","3":"status-publish","4":"has-post-thumbnail","6":"product_cat-em-2024-belgien","7":"product_cat-em-2024-trikots","8":"product_tag-belgien-trikot-em-2024","9":"product_tag-coole-fussballtrikots","10":"product_tag-em-2024-trikot","11":"product_tag-em-2024-trikot-herren","12":"product_tag-fussballtrikot-fuer-herren","13":"product_tag-fussballtrikot-guenstig-kaufen","14":"product_tag-fussballtrikot-kurzarm","15":"product_tag-guenstiges-fussballtrikot","17":"first","18":"instock","19":"shipping-taxable","20":"purchasable","21":"product-type-variable"},"_links":{"self":[{"href":"https:\/\/www.billigtrikotde.com\/es\/wp-json\/wp\/v2\/product\/18073","targetHints":{"allow":["GET"]}}],"collection":[{"href":"https:\/\/www.billigtrikotde.com\/es\/wp-json\/wp\/v2\/product"}],"about":[{"href":"https:\/\/www.billigtrikotde.com\/es\/wp-json\/wp\/v2\/types\/product"}],"replies":[{"embeddable":true,"href":"https:\/\/www.billigtrikotde.com\/es\/wp-json\/wp\/v2\/comments?post=18073"}],"wp:featuredmedia":[{"embeddable":true,"href":"https:\/\/www.billigtrikotde.com\/es\/wp-json\/wp\/v2\/media\/18113"}],"wp:attachment":[{"href":"https:\/\/www.billigtrikotde.com\/es\/wp-json\/wp\/v2\/media?parent=18073"}],"wp:term":[{"taxonomy":"product_brand","embeddable":true,"href":"https:\/\/www.billigtrikotde.com\/es\/wp-json\/wp\/v2\/product_brand?post=18073"},{"taxonomy":"product_cat","embeddable":true,"href":"https:\/\/www.billigtrikotde.com\/es\/wp-json\/wp\/v2\/product_cat?post=18073"},{"taxonomy":"product_tag","embeddable":true,"href":"https:\/\/www.billigtrikotde.com\/es\/wp-json\/wp\/v2\/product_tag?post=18073"}],"curies":[{"name":"wp","href":"https:\/\/api.w.org\/{rel}","templated":true}]}}