{"id":1806,"date":"2024-10-23T13:46:45","date_gmt":"2024-10-23T11:46:45","guid":{"rendered":"http:\/\/billigtrikots.com\/?post_type=product&#038;p=1806"},"modified":"2024-10-23T13:48:16","modified_gmt":"2024-10-23T11:48:16","slug":"bvb-borussia-dortmund-auswaertstrikot-2022-asphalt-schwarz","status":"publish","type":"product","link":"https:\/\/www.billigtrikotde.com\/es\/bvb-borussia-dortmund-auswaertstrikot-2022-asphalt-schwarz\/","title":{"rendered":"BVB Borussia Dortmund Away Jersey 2022 Asfalto\/Negro"},"content":{"rendered":"<p>Muestra al mundo a qu\u00e9 equipo animas con esta r\u00e9plica oficial de la camiseta del Borussia Dortmund. Con el ic\u00f3nico logo BVB 09 en el pecho y el igualmente ic\u00f3nico logo PUMA Cat, esta camiseta sienta tan bien como parece. Confeccionada en poli\u00e9ster reciclado 100 %, presenta un cuello de pico con construcci\u00f3n acanalada en la espalda y material exterior en la parte delantera, mangas ragl\u00e1n con paneles de malla en los hombros y llamativos pu\u00f1os en colores de contraste con costuras selladas en ambas mangas.<\/p>\n<p>Consejos para la impresi\u00f3n: Si el nombre y el n\u00famero que aparecen en la imagen son exactamente los que desea, no es necesario que los vuelva a introducir. En caso contrario, deber\u00e1 introducir el nombre y el n\u00famero que desee.<\/p>\n<p>Consejos de lavado: Se recomienda lavar las camisetas de f\u00fatbol a mano. Si desea utilizar la lavadora, recuerde poner las camisetas de f\u00fatbol del rev\u00e9s y luego lavarlas. Llena la lavadora con agua fr\u00eda y utiliza un ciclo delicado para proteger mejor los colores.<\/p>","protected":false},"excerpt":{"rendered":"<p>Zeige der Welt, f\u00fcr welche Mannschaft du jubelst mit diesem offiziellen BVB Borussia Dortmund Herren Ausw\u00e4rtstrikot 21\/22. Mit dem kultigen BVB 09 Logo auf der Brust und dem ebenso kultigen PUMA Cat Logo f\u00fchlt sich dieses Trikot genauso gut an, wie es aussieht. Es besteht aus 100 % recyceltem Polyester und hat einen V-Ausschnitt mit [&hellip;]<\/p>","protected":false},"featured_media":1838,"comment_status":"open","ping_status":"closed","template":"","meta":[],"product_brand":[],"product_cat":[63],"product_tag":[20,68,65,66,67,21,22,23,24],"class_list":{"0":"post-1806","1":"product","2":"type-product","3":"status-publish","4":"has-post-thumbnail","6":"product_cat-borussia-dortmund","7":"product_tag-coole-fussballtrikots","8":"product_tag-borussia-dortmund-auswaertstrikot","9":"product_tag-borussia-dortmund-trikots","10":"product_tag-bvb-trikots","11":"product_tag-fussball-trikotsatz","12":"product_tag-fussballtrikot-fuer-herren","13":"product_tag-fussballtrikot-guenstig-kaufen","14":"product_tag-fussballtrikot-kurzarm","15":"product_tag-guenstiges-fussballtrikot","17":"first","18":"instock","19":"shipping-taxable","20":"purchasable","21":"product-type-variable"},"_links":{"self":[{"href":"https:\/\/www.billigtrikotde.com\/es\/wp-json\/wp\/v2\/product\/1806","targetHints":{"allow":["GET"]}}],"collection":[{"href":"https:\/\/www.billigtrikotde.com\/es\/wp-json\/wp\/v2\/product"}],"about":[{"href":"https:\/\/www.billigtrikotde.com\/es\/wp-json\/wp\/v2\/types\/product"}],"replies":[{"embeddable":true,"href":"https:\/\/www.billigtrikotde.com\/es\/wp-json\/wp\/v2\/comments?post=1806"}],"wp:featuredmedia":[{"embeddable":true,"href":"https:\/\/www.billigtrikotde.com\/es\/wp-json\/wp\/v2\/media\/1838"}],"wp:attachment":[{"href":"https:\/\/www.billigtrikotde.com\/es\/wp-json\/wp\/v2\/media?parent=1806"}],"wp:term":[{"taxonomy":"product_brand","embeddable":true,"href":"https:\/\/www.billigtrikotde.com\/es\/wp-json\/wp\/v2\/product_brand?post=1806"},{"taxonomy":"product_cat","embeddable":true,"href":"https:\/\/www.billigtrikotde.com\/es\/wp-json\/wp\/v2\/product_cat?post=1806"},{"taxonomy":"product_tag","embeddable":true,"href":"https:\/\/www.billigtrikotde.com\/es\/wp-json\/wp\/v2\/product_tag?post=1806"}],"curies":[{"name":"wp","href":"https:\/\/api.w.org\/{rel}","templated":true}]}}