{"id":18041,"date":"2024-10-24T10:13:20","date_gmt":"2024-10-24T08:13:20","guid":{"rendered":"http:\/\/billigtrikots.com\/?post_type=product&#038;p=18041"},"modified":"2024-10-24T10:16:07","modified_gmt":"2024-10-24T08:16:07","slug":"herren-belgien-euro-2024-heimtrikot-em-24-25-leandro-trossard-9","status":"publish","type":"product","link":"https:\/\/www.billigtrikotde.com\/es\/herren-belgien-euro-2024-heimtrikot-em-24-25-leandro-trossard-9\/","title":{"rendered":"Camiseta local de B\u00e9lgica EURO 2024 de hombre EM 24-25 Leandro Trossard 9"},"content":{"rendered":"<p>Hombres B\u00e9lgica EURO 2024 camiseta de casa EM 24-25 Leandro Trossard 9. La nueva camiseta de B\u00e9lgica Euro 2024 representa un gran cambio con respecto a las camisetas de casa anteriores del equipo. En lugar de un rojo brillante, la camiseta de B\u00e9lgica 2024 es principalmente granate.<\/p>","protected":false},"excerpt":{"rendered":"<p>Hombres B\u00e9lgica EURO 2024 camiseta de casa EM 24-25 Leandro Trossard 9. La nueva camiseta de B\u00e9lgica Euro 2024 representa un gran cambio con respecto a las camisetas de casa anteriores del equipo. En lugar de un rojo brillante, la camiseta de B\u00e9lgica 2024 es principalmente granate.<\/p>","protected":false},"featured_media":18089,"comment_status":"open","ping_status":"closed","template":"","meta":[],"product_brand":[],"product_cat":[1083,1072],"product_tag":[1084,20,1076,1077,21,22,23,24,1092],"class_list":{"0":"post-18041","1":"product","2":"type-product","3":"status-publish","4":"has-post-thumbnail","6":"product_cat-em-2024-belgien","7":"product_cat-em-2024-trikots","8":"product_tag-belgien-trikot-em-2024","9":"product_tag-coole-fussballtrikots","10":"product_tag-em-2024-trikot","11":"product_tag-em-2024-trikot-herren","12":"product_tag-fussballtrikot-fuer-herren","13":"product_tag-fussballtrikot-guenstig-kaufen","14":"product_tag-fussballtrikot-kurzarm","15":"product_tag-guenstiges-fussballtrikot","16":"product_tag-leandro-trossard-fussballtrikot","18":"first","19":"instock","20":"shipping-taxable","21":"purchasable","22":"product-type-variable"},"_links":{"self":[{"href":"https:\/\/www.billigtrikotde.com\/es\/wp-json\/wp\/v2\/product\/18041","targetHints":{"allow":["GET"]}}],"collection":[{"href":"https:\/\/www.billigtrikotde.com\/es\/wp-json\/wp\/v2\/product"}],"about":[{"href":"https:\/\/www.billigtrikotde.com\/es\/wp-json\/wp\/v2\/types\/product"}],"replies":[{"embeddable":true,"href":"https:\/\/www.billigtrikotde.com\/es\/wp-json\/wp\/v2\/comments?post=18041"}],"wp:featuredmedia":[{"embeddable":true,"href":"https:\/\/www.billigtrikotde.com\/es\/wp-json\/wp\/v2\/media\/18089"}],"wp:attachment":[{"href":"https:\/\/www.billigtrikotde.com\/es\/wp-json\/wp\/v2\/media?parent=18041"}],"wp:term":[{"taxonomy":"product_brand","embeddable":true,"href":"https:\/\/www.billigtrikotde.com\/es\/wp-json\/wp\/v2\/product_brand?post=18041"},{"taxonomy":"product_cat","embeddable":true,"href":"https:\/\/www.billigtrikotde.com\/es\/wp-json\/wp\/v2\/product_cat?post=18041"},{"taxonomy":"product_tag","embeddable":true,"href":"https:\/\/www.billigtrikotde.com\/es\/wp-json\/wp\/v2\/product_tag?post=18041"}],"curies":[{"name":"wp","href":"https:\/\/api.w.org\/{rel}","templated":true}]}}