{"id":18039,"date":"2024-10-24T10:13:18","date_gmt":"2024-10-24T08:13:18","guid":{"rendered":"http:\/\/billigtrikots.com\/?post_type=product&#038;p=18039"},"modified":"2024-10-24T10:15:30","modified_gmt":"2024-10-24T08:15:30","slug":"herren-belgien-euro-2024-heimtrikot-em-24-25-romelu-lukaku-10","status":"publish","type":"product","link":"https:\/\/www.billigtrikotde.com\/es\/herren-belgien-euro-2024-heimtrikot-em-24-25-romelu-lukaku-10\/","title":{"rendered":"Camiseta de casa de B\u00e9lgica de la Eurocopa 2024 EM 24-25 Romelu Lukaku de hombre 10"},"content":{"rendered":"<p><strong>Camiseta de casa de B\u00e9lgica de la Eurocopa 2024 EM 24-25 Romelu Lukaku de hombre 10<\/strong>El nuevo uniforme de B\u00e9lgica para la Euro 2024 representa un gran cambio respecto a los uniformes anteriores de la selecci\u00f3n. En lugar de un rojo intenso, el uniforme de B\u00e9lgica 2024 es principalmente bermejo.<\/p>","protected":false},"excerpt":{"rendered":"<p>Herren Belgien EURO 2024 Heimtrikot EM 24-25 Romelu Lukaku 10.Das neue Belgien Euro 2024 Trikot stellt eine gro\u00dfe Ver\u00e4nderung gegen\u00fcber den bisherigen Heimtrikots der Mannschaft dar. Statt eines leuchtenden Rots ist das Trikot von Belgien 2024 haupts\u00e4chlich weinrot.<\/p>","protected":false},"featured_media":18082,"comment_status":"open","ping_status":"closed","template":"","meta":[],"product_brand":[],"product_cat":[1083,1072],"product_tag":[1084,20,1076,1077,21,22,23,24,1091],"class_list":{"0":"post-18039","1":"product","2":"type-product","3":"status-publish","4":"has-post-thumbnail","6":"product_cat-em-2024-belgien","7":"product_cat-em-2024-trikots","8":"product_tag-belgien-trikot-em-2024","9":"product_tag-coole-fussballtrikots","10":"product_tag-em-2024-trikot","11":"product_tag-em-2024-trikot-herren","12":"product_tag-fussballtrikot-fuer-herren","13":"product_tag-fussballtrikot-guenstig-kaufen","14":"product_tag-fussballtrikot-kurzarm","15":"product_tag-guenstiges-fussballtrikot","16":"product_tag-romelu-lukaku-fussballtrikot","18":"first","19":"instock","20":"shipping-taxable","21":"purchasable","22":"product-type-variable"},"_links":{"self":[{"href":"https:\/\/www.billigtrikotde.com\/es\/wp-json\/wp\/v2\/product\/18039","targetHints":{"allow":["GET"]}}],"collection":[{"href":"https:\/\/www.billigtrikotde.com\/es\/wp-json\/wp\/v2\/product"}],"about":[{"href":"https:\/\/www.billigtrikotde.com\/es\/wp-json\/wp\/v2\/types\/product"}],"replies":[{"embeddable":true,"href":"https:\/\/www.billigtrikotde.com\/es\/wp-json\/wp\/v2\/comments?post=18039"}],"wp:featuredmedia":[{"embeddable":true,"href":"https:\/\/www.billigtrikotde.com\/es\/wp-json\/wp\/v2\/media\/18082"}],"wp:attachment":[{"href":"https:\/\/www.billigtrikotde.com\/es\/wp-json\/wp\/v2\/media?parent=18039"}],"wp:term":[{"taxonomy":"product_brand","embeddable":true,"href":"https:\/\/www.billigtrikotde.com\/es\/wp-json\/wp\/v2\/product_brand?post=18039"},{"taxonomy":"product_cat","embeddable":true,"href":"https:\/\/www.billigtrikotde.com\/es\/wp-json\/wp\/v2\/product_cat?post=18039"},{"taxonomy":"product_tag","embeddable":true,"href":"https:\/\/www.billigtrikotde.com\/es\/wp-json\/wp\/v2\/product_tag?post=18039"}],"curies":[{"name":"wp","href":"https:\/\/api.w.org\/{rel}","templated":true}]}}