{"id":17981,"date":"2024-10-24T10:10:23","date_gmt":"2024-10-24T08:10:23","guid":{"rendered":"http:\/\/billigtrikots.com\/?post_type=product&#038;p=17981"},"modified":"2024-10-24T10:12:38","modified_gmt":"2024-10-24T08:12:38","slug":"italien-euro-2024-auswaertstrikot-em-24-weiss-kurzarm-nicolo-barella-18","status":"publish","type":"product","link":"https:\/\/www.billigtrikotde.com\/es\/italien-euro-2024-auswaertstrikot-em-24-weiss-kurzarm-nicolo-barella-18\/","title":{"rendered":"Equipaci\u00f3n oficial Italia Eurocopa 2024 EM 24 blanco manga corta Nicolo Barella 18"},"content":{"rendered":"<p>La camiseta visitante de Italia 2024 combina una base blanca con logotipos azules. Lo que distingue a la camiseta de visitante de Italia 2024 son los paneles a ambos lados.La camiseta de visitante de Italia 2024 est\u00e1 inspirada en la camiseta del Team Spirit del Mundial 2006 y tiene un dise\u00f1o de paneles tricolor que representa la bandera italiana: verde, blanco y rojo.Aparte de la franja lateral, la camiseta de visitante de Italia 2024 es moderna. El material de la camiseta tiene una t\u00e9cnica de ventilaci\u00f3n en forma de la letra \"I\" de Italia. Esto probablemente s\u00f3lo est\u00e9 disponible en el material Heat.Rdy de alta calidad.<\/p>\n<p>Consejos para la impresi\u00f3n: Si el nombre y el n\u00famero que aparecen en la imagen son exactamente los que desea, no es necesario que los vuelva a introducir. En caso contrario, deber\u00e1 introducir el nombre y el n\u00famero que desee.<\/p>\n<p>Consejos de lavado: Se recomienda lavar las camisetas de f\u00fatbol a mano. Si desea utilizar la lavadora, recuerde poner las camisetas de f\u00fatbol del rev\u00e9s y luego lavarlas. Llena la lavadora con agua fr\u00eda y utiliza un ciclo delicado para proteger mejor los colores.<\/p>","protected":false},"excerpt":{"rendered":"<p>Das Italien 2024 Ausw\u00e4rtstrikot kombiniert eine wei\u00dfe Grundfarbe mit blauen Logos. Was das Italien 2024 Ausw\u00e4rtstrikot auszeichnet, sind die Paneele auf beiden Seiten.Das Italien 2024 Ausw\u00e4rtstrikot ist vom Teamgeist WM-Trikot 2006 inspiriert und hat ein dreifarbiges Panel-Design, das die italienische Flagge darstellt &#8211; gr\u00fcn, wei\u00df und rot.Abgesehen von dem Seitenstreifen ist das Italien 2024 Ausw\u00e4rtstrikot [&hellip;]<\/p>","protected":false},"featured_media":18023,"comment_status":"open","ping_status":"closed","template":"","meta":[],"product_brand":[],"product_cat":[1081,1072],"product_tag":[20,1076,1077,22,426,24,1082],"class_list":{"0":"post-17981","1":"product","2":"type-product","3":"status-publish","4":"has-post-thumbnail","6":"product_cat-em-2024-italien","7":"product_cat-em-2024-trikots","8":"product_tag-coole-fussballtrikots","9":"product_tag-em-2024-trikot","10":"product_tag-em-2024-trikot-herren","11":"product_tag-fussballtrikot-guenstig-kaufen","12":"product_tag-fussballtrikots-kurzarm","13":"product_tag-guenstiges-fussballtrikot","14":"product_tag-italien-trikot-em-2024","16":"first","17":"instock","18":"shipping-taxable","19":"purchasable","20":"product-type-variable"},"_links":{"self":[{"href":"https:\/\/www.billigtrikotde.com\/es\/wp-json\/wp\/v2\/product\/17981","targetHints":{"allow":["GET"]}}],"collection":[{"href":"https:\/\/www.billigtrikotde.com\/es\/wp-json\/wp\/v2\/product"}],"about":[{"href":"https:\/\/www.billigtrikotde.com\/es\/wp-json\/wp\/v2\/types\/product"}],"replies":[{"embeddable":true,"href":"https:\/\/www.billigtrikotde.com\/es\/wp-json\/wp\/v2\/comments?post=17981"}],"wp:featuredmedia":[{"embeddable":true,"href":"https:\/\/www.billigtrikotde.com\/es\/wp-json\/wp\/v2\/media\/18023"}],"wp:attachment":[{"href":"https:\/\/www.billigtrikotde.com\/es\/wp-json\/wp\/v2\/media?parent=17981"}],"wp:term":[{"taxonomy":"product_brand","embeddable":true,"href":"https:\/\/www.billigtrikotde.com\/es\/wp-json\/wp\/v2\/product_brand?post=17981"},{"taxonomy":"product_cat","embeddable":true,"href":"https:\/\/www.billigtrikotde.com\/es\/wp-json\/wp\/v2\/product_cat?post=17981"},{"taxonomy":"product_tag","embeddable":true,"href":"https:\/\/www.billigtrikotde.com\/es\/wp-json\/wp\/v2\/product_tag?post=17981"}],"curies":[{"name":"wp","href":"https:\/\/api.w.org\/{rel}","templated":true}]}}