{"id":17968,"date":"2024-10-24T10:09:44","date_gmt":"2024-10-24T08:09:44","guid":{"rendered":"http:\/\/billigtrikots.com\/?post_type=product&#038;p=17968"},"modified":"2024-10-24T10:12:06","modified_gmt":"2024-10-24T08:12:06","slug":"fussball-trikot-spanien-euro-2024-heimtrikot-em-24-rot-mit-aufdruck-pedri-26","status":"publish","type":"product","link":"https:\/\/www.billigtrikotde.com\/es\/fussball-trikot-spanien-euro-2024-heimtrikot-em-24-rot-mit-aufdruck-pedri-26\/","title":{"rendered":"Camiseta de F\u00fatbol Espa\u00f1a Eurocopa 2024 Home Camiseta EM 24 Rojo con estampado Pedri 26"},"content":{"rendered":"<p>La camiseta de Espa\u00f1a 2024 tiene un aspecto llamativo que hace que la plantilla 2024 destaque. Combina un rojo intenso con un amarillo intenso para todos los logotipos y aplicaciones. Es muy discreta, pero la camiseta 2024 de Espa\u00f1a tiene un patr\u00f3n de ondas \/ arena que est\u00e1 integrado en el dise\u00f1o.<\/p>\n<p>Consejos para la impresi\u00f3n: Si el nombre y el n\u00famero que aparecen en la imagen son exactamente los que desea, no es necesario que los vuelva a introducir. En caso contrario, deber\u00e1 introducir el nombre y el n\u00famero que desee.<\/p>\n<p>Consejos de lavado: Se recomienda lavar las camisetas de f\u00fatbol a mano. Si desea utilizar la lavadora, recuerde poner las camisetas de f\u00fatbol del rev\u00e9s y luego lavarlas. Llena la lavadora con agua fr\u00eda y utiliza un ciclo delicado para proteger mejor los colores.<\/p>","protected":false},"excerpt":{"rendered":"<p>La camiseta de Espa\u00f1a 2024 tiene un aspecto llamativo que hace que la plantilla de 2024 destaque. Combina un rojo intenso con un amarillo intenso para todos los logotipos y aplicaciones. Es muy discreta, pero la camiseta 2024 de Espa\u00f1a tiene un patr\u00f3n de olas\/arena que est\u00e1 integrado en el dise\u00f1o. Consejos de impresi\u00f3n: Cuando el nombre y el n\u00famero [\u2026]<\/p>","protected":false},"featured_media":18004,"comment_status":"open","ping_status":"closed","template":"","meta":[],"product_brand":[],"product_cat":[1079,1072],"product_tag":[20,1076,1077,22,426,24,1080],"class_list":{"0":"post-17968","1":"product","2":"type-product","3":"status-publish","4":"has-post-thumbnail","6":"product_cat-em-2024-spanien","7":"product_cat-em-2024-trikots","8":"product_tag-coole-fussballtrikots","9":"product_tag-em-2024-trikot","10":"product_tag-em-2024-trikot-herren","11":"product_tag-fussballtrikot-guenstig-kaufen","12":"product_tag-fussballtrikots-kurzarm","13":"product_tag-guenstiges-fussballtrikot","14":"product_tag-spanien-trikot-em-2024","16":"first","17":"instock","18":"shipping-taxable","19":"purchasable","20":"product-type-variable"},"_links":{"self":[{"href":"https:\/\/www.billigtrikotde.com\/es\/wp-json\/wp\/v2\/product\/17968","targetHints":{"allow":["GET"]}}],"collection":[{"href":"https:\/\/www.billigtrikotde.com\/es\/wp-json\/wp\/v2\/product"}],"about":[{"href":"https:\/\/www.billigtrikotde.com\/es\/wp-json\/wp\/v2\/types\/product"}],"replies":[{"embeddable":true,"href":"https:\/\/www.billigtrikotde.com\/es\/wp-json\/wp\/v2\/comments?post=17968"}],"wp:featuredmedia":[{"embeddable":true,"href":"https:\/\/www.billigtrikotde.com\/es\/wp-json\/wp\/v2\/media\/18004"}],"wp:attachment":[{"href":"https:\/\/www.billigtrikotde.com\/es\/wp-json\/wp\/v2\/media?parent=17968"}],"wp:term":[{"taxonomy":"product_brand","embeddable":true,"href":"https:\/\/www.billigtrikotde.com\/es\/wp-json\/wp\/v2\/product_brand?post=17968"},{"taxonomy":"product_cat","embeddable":true,"href":"https:\/\/www.billigtrikotde.com\/es\/wp-json\/wp\/v2\/product_cat?post=17968"},{"taxonomy":"product_tag","embeddable":true,"href":"https:\/\/www.billigtrikotde.com\/es\/wp-json\/wp\/v2\/product_tag?post=17968"}],"curies":[{"name":"wp","href":"https:\/\/api.w.org\/{rel}","templated":true}]}}